 

{"id":17292,"date":"2023-01-12T15:01:24","date_gmt":"2023-01-12T14:01:24","guid":{"rendered":"https:\/\/www.carrerivegauche.com\/boutique-crg\/deux-sculpture-en-albatre-bacchus-fin-18eme\/"},"modified":"2023-02-21T18:16:36","modified_gmt":"2023-02-21T17:16:36","slug":"deux-sculpture-en-albatre-bacchus-fin-18eme","status":"publish","type":"product","link":"https:\/\/www.carrerivegauche.com\/fr\/boutique-crg\/deux-sculpture-en-albatre-bacchus-fin-18eme\/","title":{"rendered":"Deux sculpture en alb\u00e2tre, Bacchus, fin 18\u00e8me"},"content":{"rendered":"<p>En effet Bacchus Dieu du vin, de la vigne, bien s\u00fbr, mais \u00e9galement Dieu des Festivit\u00e9s, de la danse, de la v\u00e9g\u00e9tation, des plaisirs et des d\u00e9bordements<\/p>\n<p>Ces deux statuettes ont \u00e9t\u00e9 rapport\u00e9es apr\u00e8s un long voyage \u00e0 travers l&rsquo;Europe.<\/p>\n<p>Ce voyage nomm\u00e9 \u00a0\u00bb Le Grand Tour\u00a0\u00bb \u00e9tait effectu\u00e9 par de nombreux artistes ou d&rsquo;aristocrates,il avait pour but de s&rsquo;initier aux arts et \u00e0 la culture classique.<\/p>\n<p>L\u2019alb\u00e2tre est un mat\u00e9riau, utilis\u00e9 en taille de pierre et en sculpture.<\/p>\n<p>On trouve sa trace d\u00e8s l\u2019antiquit\u00e9. Il revient \u00e0 la mode au 12e si\u00e8cle puis \u00e0 la Renaissance.<\/p>\n<p>Blanc et translucide quand il est pur, l&rsquo;alb\u00e2tre est souvent associ\u00e9 \u00e0 divers oxydes, notamment de fer, qui lui donne des couleurs vari\u00e9es (jaune, brun, rouge, orang\u00e9, rose), souvent r\u00e9parties en bandes.<\/p>\n<p>La grande statuette est vendue \u00e0 2800 euros\u00a0<\/p>\n<p>28 x 7 cm\u00a0<\/p>\n<p>La petite \u00e0 2600 euros\u00a0<\/p>\n<p>25 x 6.5 cm<\/p>\n","protected":false},"excerpt":{"rendered":"<p>Ces deux sculptures repr\u00e9sentent Bacchus, dieu romain correspondant \u00e0 Dionysos dans la mythologie grecque.<\/p>\n<p>On le reconna\u00eet \u00e0 son attribut, la grappe de raisin qu&rsquo;il tient dans une main et la vigne enroul\u00e9e autour d&rsquo;un tronc.<\/p>\n","protected":false},"featured_media":17274,"template":"","meta":[],"product_brand":[],"product_cat":[278],"product_tag":[],"class_list":{"0":"post-17292","1":"product","2":"type-product","3":"status-publish","4":"has-post-thumbnail","6":"product_cat-saint-martin","7":"description-off","9":"first","10":"instock","11":"shipping-taxable","12":"purchasable","13":"product-type-simple"},"aioseo_notices":[],"_links":{"self":[{"href":"https:\/\/www.carrerivegauche.com\/fr\/wp-json\/wp\/v2\/product\/17292","targetHints":{"allow":["GET"]}}],"collection":[{"href":"https:\/\/www.carrerivegauche.com\/fr\/wp-json\/wp\/v2\/product"}],"about":[{"href":"https:\/\/www.carrerivegauche.com\/fr\/wp-json\/wp\/v2\/types\/product"}],"wp:featuredmedia":[{"embeddable":true,"href":"https:\/\/www.carrerivegauche.com\/fr\/wp-json\/wp\/v2\/media\/17274"}],"wp:attachment":[{"href":"https:\/\/www.carrerivegauche.com\/fr\/wp-json\/wp\/v2\/media?parent=17292"}],"wp:term":[{"taxonomy":"product_brand","embeddable":true,"href":"https:\/\/www.carrerivegauche.com\/fr\/wp-json\/wp\/v2\/product_brand?post=17292"},{"taxonomy":"product_cat","embeddable":true,"href":"https:\/\/www.carrerivegauche.com\/fr\/wp-json\/wp\/v2\/product_cat?post=17292"},{"taxonomy":"product_tag","embeddable":true,"href":"https:\/\/www.carrerivegauche.com\/fr\/wp-json\/wp\/v2\/product_tag?post=17292"}],"curies":[{"name":"wp","href":"https:\/\/api.w.org\/{rel}","templated":true}]}}