 

{"id":17257,"date":"2023-01-10T18:56:06","date_gmt":"2023-01-10T17:56:06","guid":{"rendered":"https:\/\/www.carrerivegauche.com\/boutique-crg\/grand-bureau-plat-estampille-l-fortin\/"},"modified":"2023-02-21T18:16:02","modified_gmt":"2023-02-21T17:16:02","slug":"grand-bureau-plat-estampille-l-fortin","status":"publish","type":"product","link":"https:\/\/www.carrerivegauche.com\/fr\/boutique-crg\/grand-bureau-plat-estampille-l-fortin\/","title":{"rendered":"Grand bureau plat estampill\u00e9 L.FORTIN"},"content":{"rendered":"<p>Grand bureau plat en satin\u00e9 et amarante Le dessus de forme rectangulaire recouvert d\u2019un maroquin noir et entour\u00e9 d\u2019une lingoti\u00e8re et de quatre agrafes en bronze dor\u00e9 \u00e0 chaque coin, sa ceinture chantourn\u00e9e et marquet\u00e9e de vases fleuris et autres motifs v\u00e9g\u00e9taux, ouvre par trois tiroirs en fa\u00e7ade et trois tiroirs simul\u00e9s de l\u2019autre cot\u00e9<\/p>\n<p>Riche garniture de bronze dor\u00e9 finement cisel\u00e9 sur les chutes, entr\u00e9es de serrures, poign\u00e9es et sabots<\/p>\n<p>Travail d\u2019\u00e9poque Louis XV estampill\u00e9 L. FORTIN quatre fois,<\/p>\n<p>Dimensions<\/p>\n<p>H 74 x 193 cm L x 97 cm P<\/p>\n<p><br data-mce-bogus=\"1\"><\/p>\n<p><br data-mce-bogus=\"1\"><\/p>\n<p><br data-mce-bogus=\"1\"><\/p>\n<p>Large flat desk in satinwood and amaranth The rectangular top covered with a black morocco and surrounded by a lingoti\u00e8re and four gilt bronze clasps at each corner, its belt scalloped and inlaid with flowering vases and other plant motifs, opens with three drawers in front and three simulated drawers on the other side<\/p>\n<p>Rich ormolu trim finely chiseled on the falls, entries of locks, handles and shoes<\/p>\n<p>Work of the Louis XV period stamped L. FORTIN four times,<\/p>\n<p>Dimensions<\/p>\n<p>H 74 x 193 cm W x 97 cm D<\/p>\n","protected":false},"excerpt":{"rendered":"<p>Grand Bureau<\/p>\n<p>Satin\u00e9 et Amarante, <\/p>\n<p>Riche garniture de bronze dor\u00e9 finement cisel\u00e9 sur les chutes, entr\u00e9es de serrures, poign\u00e9es et sabots,<\/p>\n<p>Travail d\u2019\u00e9poque Louis XV estampill\u00e9 L. FORTIN<\/p>\n<p>Dimensions<\/p>\n<p>H 74 x 193 cm L x 97 cm P<\/p>\n<p><br data-mce-bogus=\"1\"><\/p>\n","protected":false},"featured_media":17176,"template":"","meta":[],"product_brand":[],"product_cat":[268],"product_tag":[],"class_list":{"0":"post-17257","1":"product","2":"type-product","3":"status-publish","4":"has-post-thumbnail","6":"product_cat-linossier","7":"description-off","9":"first","10":"instock","11":"shipping-taxable","12":"product-type-simple"},"aioseo_notices":[],"_links":{"self":[{"href":"https:\/\/www.carrerivegauche.com\/fr\/wp-json\/wp\/v2\/product\/17257","targetHints":{"allow":["GET"]}}],"collection":[{"href":"https:\/\/www.carrerivegauche.com\/fr\/wp-json\/wp\/v2\/product"}],"about":[{"href":"https:\/\/www.carrerivegauche.com\/fr\/wp-json\/wp\/v2\/types\/product"}],"wp:featuredmedia":[{"embeddable":true,"href":"https:\/\/www.carrerivegauche.com\/fr\/wp-json\/wp\/v2\/media\/17176"}],"wp:attachment":[{"href":"https:\/\/www.carrerivegauche.com\/fr\/wp-json\/wp\/v2\/media?parent=17257"}],"wp:term":[{"taxonomy":"product_brand","embeddable":true,"href":"https:\/\/www.carrerivegauche.com\/fr\/wp-json\/wp\/v2\/product_brand?post=17257"},{"taxonomy":"product_cat","embeddable":true,"href":"https:\/\/www.carrerivegauche.com\/fr\/wp-json\/wp\/v2\/product_cat?post=17257"},{"taxonomy":"product_tag","embeddable":true,"href":"https:\/\/www.carrerivegauche.com\/fr\/wp-json\/wp\/v2\/product_tag?post=17257"}],"curies":[{"name":"wp","href":"https:\/\/api.w.org\/{rel}","templated":true}]}}