 

{"id":17069,"date":"2022-12-03T12:46:35","date_gmt":"2022-12-03T11:46:35","guid":{"rendered":"https:\/\/www.carrerivegauche.com\/boutique-crg\/huile-sur-toile-allegorie-de-lavarice-par-gaston-hoffmann\/"},"modified":"2024-06-25T16:57:22","modified_gmt":"2024-06-25T14:57:22","slug":"huile-sur-toile-allegorie-de-lavarice-par-gaston-hoffmann","status":"publish","type":"product","link":"https:\/\/www.carrerivegauche.com\/fr\/boutique-crg\/huile-sur-toile-allegorie-de-lavarice-par-gaston-hoffmann\/","title":{"rendered":"huile sur toile, All\u00e9gorie de l&rsquo;avarice par Gaston Hoffmann"},"content":{"rendered":"<p>Gaston Hoffmann, offre une parfaite all\u00e9gorie de cet homme obscure,<br \/>\u00ab\u00a0de cette figure du mal\u00a0\u00bb.<br \/>Dans un d\u00e9grad\u00e9 de rouges et d\u2019orange, l\u2019artiste renvoie \u00e0 l\u2019enfer tel qu\u2019on l\u2019imagine et aux mondes hallucinatoires dz nos cauchemars.<br \/>Comme dans l\u2019Enfer ou la Mort de l\u2019Avare de J\u00e9r\u00f4me Bosch, nous retrouvons une multitude de personnages effrayants et comique \u00e0 la fois : \u00a0un squelette, un homme au visage band\u00e9e, une femme au visage\u00a0 blafard, des diablotins\u2026<\/p>\n<p>Deux interpr\u00e9tations sont possibles ; l\u2019imagination d \u00bbHoffmann \u00e9tant des plus fertiles\u2026<br \/>La premi\u00e8re, celle du conte de Noel.<br \/>Endormi sur sa table de compte, \u00e0 la lueur de la chandelle, l\u2019avare se r\u00e9veil se r\u00e9veille brutalement.<br \/>Face \u00e0 lui, drap\u00e9e de noir la pr\u00e9sidente d\u2019un tribunal, imaginaire et r\u00e9el, compos\u00e9\u00a0:<br \/>des humains auxquels il n\u2019a pas voulu donn\u00e9 et de cr\u00e9atures mal\u00e9fiques qui lui volent son argent (les diablotins).<br \/>La deuxi\u00e8me,<br \/>plus mythologique et mystique.<br \/>Enferm\u00e9 avec ces ge\u00f4liers, \u00e0 l\u2019heure du jugement, ces derniers viennent le pers\u00e9cuter, tel le jeune homme tentant de lui voler son argent; et les diablotins, sur leur barques, prenant tout son argent. Condamn\u00e9 \u00e0 vivre dans cet enfer.<\/p>\n","protected":false},"excerpt":{"rendered":"<p><span class=\"fragment-0\" data-order=\"0\">Gaston HOFFMANN 1883-1977<br \/><\/span><span class=\"fragment-1\" data-order=\"1\"> est un des peintres les plus surprenant de sa g\u00e9n\u00e9ration.<br \/>Du symbolisme au portrait classique, aussi bon coloriste que technicien, il est aussi affichiste, caricaturiste et collabore aussi avec le c\u00e9ramiste Daum \u00e0 Nancy.<\/span><\/p>\n","protected":false},"featured_media":17051,"template":"","meta":[],"product_brand":[],"product_cat":[278],"product_tag":[],"class_list":{"0":"post-17069","1":"product","2":"type-product","3":"status-publish","4":"has-post-thumbnail","6":"product_cat-saint-martin","7":"description-off","9":"first","10":"instock","11":"shipping-taxable","12":"purchasable","13":"product-type-simple"},"aioseo_notices":[],"_links":{"self":[{"href":"https:\/\/www.carrerivegauche.com\/fr\/wp-json\/wp\/v2\/product\/17069","targetHints":{"allow":["GET"]}}],"collection":[{"href":"https:\/\/www.carrerivegauche.com\/fr\/wp-json\/wp\/v2\/product"}],"about":[{"href":"https:\/\/www.carrerivegauche.com\/fr\/wp-json\/wp\/v2\/types\/product"}],"wp:featuredmedia":[{"embeddable":true,"href":"https:\/\/www.carrerivegauche.com\/fr\/wp-json\/wp\/v2\/media\/17051"}],"wp:attachment":[{"href":"https:\/\/www.carrerivegauche.com\/fr\/wp-json\/wp\/v2\/media?parent=17069"}],"wp:term":[{"taxonomy":"product_brand","embeddable":true,"href":"https:\/\/www.carrerivegauche.com\/fr\/wp-json\/wp\/v2\/product_brand?post=17069"},{"taxonomy":"product_cat","embeddable":true,"href":"https:\/\/www.carrerivegauche.com\/fr\/wp-json\/wp\/v2\/product_cat?post=17069"},{"taxonomy":"product_tag","embeddable":true,"href":"https:\/\/www.carrerivegauche.com\/fr\/wp-json\/wp\/v2\/product_tag?post=17069"}],"curies":[{"name":"wp","href":"https:\/\/api.w.org\/{rel}","templated":true}]}}