 

{"id":17050,"date":"2022-12-02T18:06:16","date_gmt":"2022-12-02T17:06:16","guid":{"rendered":"https:\/\/www.carrerivegauche.com\/boutique-crg\/huile-sur-panneau-vue-des-quais-du-trocadoro-pour-exposition-universelle-par-enrique-atalaya\/"},"modified":"2023-04-01T15:02:15","modified_gmt":"2023-04-01T13:02:15","slug":"huile-sur-panneau-vue-des-quais-du-trocadoro-pour-exposition-universelle-par-enrique-atalaya","status":"publish","type":"product","link":"https:\/\/www.carrerivegauche.com\/fr\/boutique-crg\/huile-sur-panneau-vue-des-quais-du-trocadoro-pour-exposition-universelle-par-enrique-atalaya\/","title":{"rendered":"Huile sur panneau, Vue des quais du Trocadoro pour Exposition Universelle par Enrique ATALAYA"},"content":{"rendered":"<p><span id=\"p43\"><span id=\"48\">El\u00e8ve<\/span>\u00a0de German Hernandez, il exposa \u00e0 Madrid en 1876, puis \u00e0 Berlin et \u00e0 Dresde.<\/span><span id=\"p44\"><br \/>S\u2019\u00e9tant fait naturaliser fran\u00e7ais, il figure au Salon des Artistes Fran\u00e7ais \u00e0 l\u2019Exposition de 1900 \u00e0 Paris.<\/span><span id=\"p45\">\u00a0Ayant connu une certaine vogue en tant que peintre de genre, entre autres,\u00a0<span id=\"49\">Cervantes<\/span>.<\/span><\/p>\n<p>Il excelle surtout dans la production de petits formats, paysages et sc\u00e8nes de genre<\/p>\n","protected":false},"excerpt":{"rendered":"<p><span id=\"p35\"><span id=\"46\">ATALAYA<\/span>\u00a0GONZALES Enrique 1851-1913<\/span><br \/>peintre espagnol, actif en France<br \/><span id=\"p42\">Peintre de sc\u00e8nes de genre, sujets typiques, animaux, int\u00e9rieurs, aquarelliste, dessinateur, illustrateur.<\/span><\/p>\n","protected":false},"featured_media":17044,"template":"","meta":[],"product_brand":[],"product_cat":[278],"product_tag":[],"class_list":{"0":"post-17050","1":"product","2":"type-product","3":"status-publish","4":"has-post-thumbnail","6":"product_cat-saint-martin","7":"description-off","9":"first","10":"instock","11":"shipping-taxable","12":"purchasable","13":"product-type-simple"},"aioseo_notices":[],"_links":{"self":[{"href":"https:\/\/www.carrerivegauche.com\/fr\/wp-json\/wp\/v2\/product\/17050","targetHints":{"allow":["GET"]}}],"collection":[{"href":"https:\/\/www.carrerivegauche.com\/fr\/wp-json\/wp\/v2\/product"}],"about":[{"href":"https:\/\/www.carrerivegauche.com\/fr\/wp-json\/wp\/v2\/types\/product"}],"wp:featuredmedia":[{"embeddable":true,"href":"https:\/\/www.carrerivegauche.com\/fr\/wp-json\/wp\/v2\/media\/17044"}],"wp:attachment":[{"href":"https:\/\/www.carrerivegauche.com\/fr\/wp-json\/wp\/v2\/media?parent=17050"}],"wp:term":[{"taxonomy":"product_brand","embeddable":true,"href":"https:\/\/www.carrerivegauche.com\/fr\/wp-json\/wp\/v2\/product_brand?post=17050"},{"taxonomy":"product_cat","embeddable":true,"href":"https:\/\/www.carrerivegauche.com\/fr\/wp-json\/wp\/v2\/product_cat?post=17050"},{"taxonomy":"product_tag","embeddable":true,"href":"https:\/\/www.carrerivegauche.com\/fr\/wp-json\/wp\/v2\/product_tag?post=17050"}],"curies":[{"name":"wp","href":"https:\/\/api.w.org\/{rel}","templated":true}]}}