 

{"id":17043,"date":"2022-12-02T17:51:59","date_gmt":"2022-12-02T16:51:59","guid":{"rendered":"https:\/\/www.carrerivegauche.com\/boutique-crg\/une-huile-sur-toile-enfant-avec-son-chien-debut-19eme\/"},"modified":"2024-06-25T17:24:53","modified_gmt":"2024-06-25T15:24:53","slug":"une-huile-sur-toile-enfant-avec-son-chien-debut-19eme","status":"publish","type":"product","link":"https:\/\/www.carrerivegauche.com\/fr\/boutique-crg\/une-huile-sur-toile-enfant-avec-son-chien-debut-19eme\/","title":{"rendered":"Une huile sur toile, Enfant avec son chien, d\u00e9but 19\u00e8me"},"content":{"rendered":"<p><\/p>\n","protected":false},"excerpt":{"rendered":"<p><span class=\"fragment-0\" data-order=\"0\">Tr\u00e8s ravissante petite huile sur toile,<br \/><\/span><span class=\"fragment-1\" data-order=\"1\">repr\u00e9sentant un enfant avec son chien,<br \/><\/span><span class=\"fragment-2\" data-order=\"2\"> d\u00e9but 19\u00e8me<br \/>dans un cadre tr\u00e8s travaill\u00e9 du 18\u00e8me\u00a0<\/span><\/p>\n","protected":false},"featured_media":18585,"template":"","meta":[],"product_brand":[],"product_cat":[278],"product_tag":[],"class_list":{"0":"post-17043","1":"product","2":"type-product","3":"status-publish","4":"has-post-thumbnail","6":"product_cat-saint-martin","7":"description-off","9":"first","10":"instock","11":"shipping-taxable","12":"purchasable","13":"product-type-simple"},"aioseo_notices":[],"_links":{"self":[{"href":"https:\/\/www.carrerivegauche.com\/fr\/wp-json\/wp\/v2\/product\/17043","targetHints":{"allow":["GET"]}}],"collection":[{"href":"https:\/\/www.carrerivegauche.com\/fr\/wp-json\/wp\/v2\/product"}],"about":[{"href":"https:\/\/www.carrerivegauche.com\/fr\/wp-json\/wp\/v2\/types\/product"}],"wp:featuredmedia":[{"embeddable":true,"href":"https:\/\/www.carrerivegauche.com\/fr\/wp-json\/wp\/v2\/media\/18585"}],"wp:attachment":[{"href":"https:\/\/www.carrerivegauche.com\/fr\/wp-json\/wp\/v2\/media?parent=17043"}],"wp:term":[{"taxonomy":"product_brand","embeddable":true,"href":"https:\/\/www.carrerivegauche.com\/fr\/wp-json\/wp\/v2\/product_brand?post=17043"},{"taxonomy":"product_cat","embeddable":true,"href":"https:\/\/www.carrerivegauche.com\/fr\/wp-json\/wp\/v2\/product_cat?post=17043"},{"taxonomy":"product_tag","embeddable":true,"href":"https:\/\/www.carrerivegauche.com\/fr\/wp-json\/wp\/v2\/product_tag?post=17043"}],"curies":[{"name":"wp","href":"https:\/\/api.w.org\/{rel}","templated":true}]}}