 

{"id":16912,"date":"2022-12-02T11:43:46","date_gmt":"2022-12-02T10:43:46","guid":{"rendered":"https:\/\/www.carrerivegauche.com\/boutique-crg\/huile-sur-panneau-lac-au-clair-de-lune-par-paul-costes\/"},"modified":"2024-06-25T17:30:36","modified_gmt":"2024-06-25T15:30:36","slug":"huile-sur-panneau-lac-au-clair-de-lune-par-paul-costes","status":"publish","type":"product","link":"https:\/\/www.carrerivegauche.com\/fr\/boutique-crg\/huile-sur-panneau-lac-au-clair-de-lune-par-paul-costes\/","title":{"rendered":"Huile sur panneau, Lac au clair de lune par Paul COSTES"},"content":{"rendered":"<p>Les artistes de la grande Ecole toulousaine, reconnue nationalement et internationalement, ont fait la renomm\u00e9e de Toulouse durant cette p\u00e9riode.<\/p>\n<p>Parmi eux se trouvent des laur\u00e9ats du Prix de Rome, comme les sculpteurs Alexandre Falgui\u00e8re et Antonin Merci\u00e9, les paysagistes Paul Costes et Georges Castex, le peintre de vues de ville et de paysages anim\u00e9s Henri Martin, l\u2019orientaliste Benjamin-Constant et le peintre d\u2019histoire Jean-Paul Laurens.<\/p>\n<p>Tous form\u00e9s \u00e0 l\u2019Ecole des Beaux-Arts de la ville, ils ont poursuivi leur parcours \u00e0 Paris et s\u2019inscrivent dans un acad\u00e9misme promu notamment par le Salon des Artistes Fran\u00e7ais, auquel ils sont assidus.<\/p>\n<p>Quant \u00e0 son style, il a emprunt\u00e9 aux symbolistes et aux n\u00e9o-impressionnistes<\/p>\n","protected":false},"excerpt":{"rendered":"<p>Paul COSTES 1860-1941<br \/>peintre contemporain de Laug\u00e9 et d&rsquo;henri Martin ne quittera jamais Toulouse; le critique Pascal Franck l&rsquo;\u00e9voquait en ces termes \u00ab\u00a0Le peintre des soirs m\u00e9lancoliques, le r\u00eaveur amoureux du calme et de l&rsquo;heure triste o\u00f9 les nuages se doren tdes reflets du soleil disparu\u00a0\u00bb.<\/p>\n","protected":false},"featured_media":16903,"template":"","meta":[],"product_brand":[],"product_cat":[278],"product_tag":[],"class_list":{"0":"post-16912","1":"product","2":"type-product","3":"status-publish","4":"has-post-thumbnail","6":"product_cat-saint-martin","7":"description-off","9":"first","10":"instock","11":"shipping-taxable","12":"purchasable","13":"product-type-simple"},"aioseo_notices":[],"_links":{"self":[{"href":"https:\/\/www.carrerivegauche.com\/fr\/wp-json\/wp\/v2\/product\/16912","targetHints":{"allow":["GET"]}}],"collection":[{"href":"https:\/\/www.carrerivegauche.com\/fr\/wp-json\/wp\/v2\/product"}],"about":[{"href":"https:\/\/www.carrerivegauche.com\/fr\/wp-json\/wp\/v2\/types\/product"}],"wp:featuredmedia":[{"embeddable":true,"href":"https:\/\/www.carrerivegauche.com\/fr\/wp-json\/wp\/v2\/media\/16903"}],"wp:attachment":[{"href":"https:\/\/www.carrerivegauche.com\/fr\/wp-json\/wp\/v2\/media?parent=16912"}],"wp:term":[{"taxonomy":"product_brand","embeddable":true,"href":"https:\/\/www.carrerivegauche.com\/fr\/wp-json\/wp\/v2\/product_brand?post=16912"},{"taxonomy":"product_cat","embeddable":true,"href":"https:\/\/www.carrerivegauche.com\/fr\/wp-json\/wp\/v2\/product_cat?post=16912"},{"taxonomy":"product_tag","embeddable":true,"href":"https:\/\/www.carrerivegauche.com\/fr\/wp-json\/wp\/v2\/product_tag?post=16912"}],"curies":[{"name":"wp","href":"https:\/\/api.w.org\/{rel}","templated":true}]}}