 

{"id":16893,"date":"2022-11-30T12:57:11","date_gmt":"2022-11-30T11:57:11","guid":{"rendered":"https:\/\/www.carrerivegauche.com\/boutique-crg\/pendule-de-martincourt-depoque-louis-xvi\/"},"modified":"2024-02-06T17:22:22","modified_gmt":"2024-02-06T16:22:22","slug":"pendule-de-martincourt-depoque-louis-xvi","status":"publish","type":"product","link":"https:\/\/www.carrerivegauche.com\/fr\/boutique-crg\/pendule-de-martincourt-depoque-louis-xvi\/","title":{"rendered":"PENDULE de Martincourt d&rsquo;\u00e9poque Louis XVI"},"content":{"rendered":"<p data-mce-style=\"text-align: justify;\" style=\"text-align: justify\">Epoque LOUIS XVI<\/p>\n<p data-mce-style=\"text-align: justify;\" style=\"text-align: justify\">Pendule en bronze cisel\u00e9 et dor\u00e9, dite \u00ab\u00a0Le retour de l&rsquo;Amour\u00a0\u00bb.<\/p>\n<p data-mce-style=\"text-align: justify;\" style=\"text-align: justify\">Les sujets sont r\u00e9partis autour du cardan d&rsquo;horloge et reposent sur base architectur\u00e9e, centr\u00e9e d&rsquo;une r\u00e9serve ajour\u00e9e d&rsquo;un troph\u00e9e de l&rsquo;amour.<br \/>Elle repose sur un entablement \u00e0 ressaut en placage d&rsquo;\u00e9b\u00e8ne \u00e0 d\u00e9cor d&rsquo;entrelacs en bronze ajour\u00e9.<br \/>Pieds tourn\u00e9s.<br \/>Mouvement \u00e0 fil, cadran en \u00e9mail aux chiffres romains et arabes.<\/p>\n<p data-mce-style=\"text-align: justify;\" style=\"text-align: justify\">Attribu\u00e9e au bronzier Martincourt.<\/p>\n<p data-mce-style=\"text-align: justify;\" style=\"text-align: justify\">Sign\u00e9e de Imbert \u00e0 Paris (Jean-Gabriel Imbert 1735-1795). Re\u00e7u maitre en 1776.<\/p>\n<p data-mce-style=\"text-align: justify;\" style=\"text-align: justify\">Elle a conserv\u00e9 sa dorure d&rsquo;origine<\/p>\n<p data-mce-style=\"text-align: justify;\" style=\"text-align: justify\">Dimensions : H 41,5 cm x L 30 cm x P 12 cm<\/p>\n<p data-mce-style=\"text-align: justify;\" style=\"text-align: justify\">Une pendule de Imbert est conserv\u00e9e au Palais Povlovsky pr\u00e8s de St Petersbourg<\/p>\n","protected":false},"excerpt":{"rendered":"<p data-mce-style=\"text-align: justify;\" style=\"text-align: justify\">Epoque LOUIS XVI<\/p>\n<p data-mce-style=\"text-align: justify;\" style=\"text-align: justify\">Pendule en bronze cisel\u00e9 et dor\u00e9, dite \u00ab\u00a0Le retour de l&rsquo;Amour\u00a0\u00bb.<\/p>\n<p data-mce-style=\"text-align: justify;\" style=\"text-align: justify\">Mouvement \u00e0 fil, cadran en \u00e9mail aux chiffres romains et arabes.<\/p>\n<p data-mce-style=\"text-align: justify;\" style=\"text-align: justify\">Attribu\u00e9e au bronzier Martincourt.<\/p>\n<p data-mce-style=\"text-align: justify;\" style=\"text-align: justify\">Sign\u00e9e de Imbert \u00e0 Paris (Jean-Gabriel Imbert 1735-1795). Re\u00e7u maitre en 1776.<\/p>\n","protected":false},"featured_media":16890,"template":"","meta":[],"product_brand":[],"product_cat":[268],"product_tag":[],"class_list":{"0":"post-16893","1":"product","2":"type-product","3":"status-publish","4":"has-post-thumbnail","6":"product_cat-linossier","7":"description-off","9":"first","10":"instock","11":"shipping-taxable","12":"product-type-simple"},"aioseo_notices":[],"_links":{"self":[{"href":"https:\/\/www.carrerivegauche.com\/fr\/wp-json\/wp\/v2\/product\/16893","targetHints":{"allow":["GET"]}}],"collection":[{"href":"https:\/\/www.carrerivegauche.com\/fr\/wp-json\/wp\/v2\/product"}],"about":[{"href":"https:\/\/www.carrerivegauche.com\/fr\/wp-json\/wp\/v2\/types\/product"}],"wp:featuredmedia":[{"embeddable":true,"href":"https:\/\/www.carrerivegauche.com\/fr\/wp-json\/wp\/v2\/media\/16890"}],"wp:attachment":[{"href":"https:\/\/www.carrerivegauche.com\/fr\/wp-json\/wp\/v2\/media?parent=16893"}],"wp:term":[{"taxonomy":"product_brand","embeddable":true,"href":"https:\/\/www.carrerivegauche.com\/fr\/wp-json\/wp\/v2\/product_brand?post=16893"},{"taxonomy":"product_cat","embeddable":true,"href":"https:\/\/www.carrerivegauche.com\/fr\/wp-json\/wp\/v2\/product_cat?post=16893"},{"taxonomy":"product_tag","embeddable":true,"href":"https:\/\/www.carrerivegauche.com\/fr\/wp-json\/wp\/v2\/product_tag?post=16893"}],"curies":[{"name":"wp","href":"https:\/\/api.w.org\/{rel}","templated":true}]}}