 

{"id":16771,"date":"2022-11-24T11:54:51","date_gmt":"2022-11-24T10:54:51","guid":{"rendered":"https:\/\/www.carrerivegauche.com\/boutique-crg\/table-a-jeu\/"},"modified":"2022-12-03T11:25:20","modified_gmt":"2022-12-03T10:25:20","slug":"table-a-jeu","status":"publish","type":"product","link":"https:\/\/www.carrerivegauche.com\/fr\/boutique-crg\/table-a-jeu\/","title":{"rendered":"Table \u00e0 jeu"},"content":{"rendered":"<p><img loading=\"lazy\" decoding=\"async\" class=\"alignnone size-medium wp-image-16762\" src=\"https:\/\/www.carrerivegauche.com\/wp-content\/uploads\/2022\/11\/3623bb6a-c264-4902-b823-5bfc1ad5727f-0-300x225.jpg\" alt=\"\" width=\"300\" height=\"225\" data-mce-src=\"https:\/\/www.carrerivegauche.com\/wp-content\/uploads\/2022\/11\/3623bb6a-c264-4902-b823-5bfc1ad5727f-0-300x225.jpg\" srcset=\"https:\/\/www.carrerivegauche.com\/wp-content\/uploads\/2022\/11\/3623bb6a-c264-4902-b823-5bfc1ad5727f-0-300x225.jpg 300w, https:\/\/www.carrerivegauche.com\/wp-content\/uploads\/2022\/11\/3623bb6a-c264-4902-b823-5bfc1ad5727f-0-1024x768.jpg 1024w, https:\/\/www.carrerivegauche.com\/wp-content\/uploads\/2022\/11\/3623bb6a-c264-4902-b823-5bfc1ad5727f-0-768x576.jpg 768w, https:\/\/www.carrerivegauche.com\/wp-content\/uploads\/2022\/11\/3623bb6a-c264-4902-b823-5bfc1ad5727f-0-1536x1152.jpg 1536w, https:\/\/www.carrerivegauche.com\/wp-content\/uploads\/2022\/11\/3623bb6a-c264-4902-b823-5bfc1ad5727f-0-2048x1536.jpg 2048w, https:\/\/www.carrerivegauche.com\/wp-content\/uploads\/2022\/11\/3623bb6a-c264-4902-b823-5bfc1ad5727f-0-600x450.jpg 600w\" sizes=\"auto, (max-width: 300px) 100vw, 300px\" \/><\/p>\n","protected":false},"excerpt":{"rendered":"<p class=\"x_x_MsoNormal x_x_ContentPasted0\" style=\"margin: 0cm;font-size: 12pt;font-family: calibri, sans-serif\">Table \u00e0 jeu en bois, placages de palissandre, d\u2019acajou et filets de bois clair, sabots en bronze dor\u00e9.<br class=\"x_x_ContentPasted0\" aria-hidden=\"true\">XIXe si\u00e8cle.<\/p>\n<p class=\"x_x_MsoNormal x_x_ContentPasted0\" style=\"margin: 0cm;font-size: 12pt;font-family: calibri, sans-serif\"><img loading=\"lazy\" decoding=\"async\" class=\"alignnone size-medium wp-image-16756\" src=\"https:\/\/www.carrerivegauche.com\/wp-content\/uploads\/2022\/11\/294d8f39-c8dc-4e94-9da6-11533205f46e-0-300x269.jpg\" alt=\"\" width=\"300\" height=\"269\" data-mce-src=\"https:\/\/www.carrerivegauche.com\/wp-content\/uploads\/2022\/11\/294d8f39-c8dc-4e94-9da6-11533205f46e-0-300x269.jpg\" srcset=\"https:\/\/www.carrerivegauche.com\/wp-content\/uploads\/2022\/11\/294d8f39-c8dc-4e94-9da6-11533205f46e-0-300x269.jpg 300w, https:\/\/www.carrerivegauche.com\/wp-content\/uploads\/2022\/11\/294d8f39-c8dc-4e94-9da6-11533205f46e-0-1024x918.jpg 1024w, https:\/\/www.carrerivegauche.com\/wp-content\/uploads\/2022\/11\/294d8f39-c8dc-4e94-9da6-11533205f46e-0-768x688.jpg 768w, https:\/\/www.carrerivegauche.com\/wp-content\/uploads\/2022\/11\/294d8f39-c8dc-4e94-9da6-11533205f46e-0-1536x1377.jpg 1536w, https:\/\/www.carrerivegauche.com\/wp-content\/uploads\/2022\/11\/294d8f39-c8dc-4e94-9da6-11533205f46e-0-2048x1836.jpg 2048w, https:\/\/www.carrerivegauche.com\/wp-content\/uploads\/2022\/11\/294d8f39-c8dc-4e94-9da6-11533205f46e-0-600x538.jpg 600w\" sizes=\"auto, (max-width: 300px) 100vw, 300px\" \/><\/p>\n<p class=\"x_x_MsoNormal\" aria-hidden=\"true\" style=\"margin: 0cm;font-size: 12pt;font-family: calibri, sans-serif\"><br data-mce-bogus=\"1\"><\/p>\n<p class=\"x_x_MsoNormal x_x_ContentPasted0\" style=\"margin: 0cm;font-size: 12pt;font-family: calibri, sans-serif\">Plateau ouvrant sur plusieurs compartiments.<\/p>\n<p class=\"x_x_MsoNormal x_x_ContentPasted0\" style=\"margin: 0cm;font-size: 12pt;font-family: calibri, sans-serif\">Tr\u00e8s bon \u00e9tat g\u00e9n\u00e9ral.<\/p>\n","protected":false},"featured_media":16768,"template":"","meta":[],"product_brand":[],"product_cat":[262],"product_tag":[],"class_list":{"0":"post-16771","1":"product","2":"type-product","3":"status-publish","4":"has-post-thumbnail","6":"product_cat-oeil-pelican","7":"description-off","9":"first","10":"instock","11":"shipping-taxable","12":"purchasable","13":"product-type-simple"},"aioseo_notices":[],"_links":{"self":[{"href":"https:\/\/www.carrerivegauche.com\/fr\/wp-json\/wp\/v2\/product\/16771","targetHints":{"allow":["GET"]}}],"collection":[{"href":"https:\/\/www.carrerivegauche.com\/fr\/wp-json\/wp\/v2\/product"}],"about":[{"href":"https:\/\/www.carrerivegauche.com\/fr\/wp-json\/wp\/v2\/types\/product"}],"wp:featuredmedia":[{"embeddable":true,"href":"https:\/\/www.carrerivegauche.com\/fr\/wp-json\/wp\/v2\/media\/16768"}],"wp:attachment":[{"href":"https:\/\/www.carrerivegauche.com\/fr\/wp-json\/wp\/v2\/media?parent=16771"}],"wp:term":[{"taxonomy":"product_brand","embeddable":true,"href":"https:\/\/www.carrerivegauche.com\/fr\/wp-json\/wp\/v2\/product_brand?post=16771"},{"taxonomy":"product_cat","embeddable":true,"href":"https:\/\/www.carrerivegauche.com\/fr\/wp-json\/wp\/v2\/product_cat?post=16771"},{"taxonomy":"product_tag","embeddable":true,"href":"https:\/\/www.carrerivegauche.com\/fr\/wp-json\/wp\/v2\/product_tag?post=16771"}],"curies":[{"name":"wp","href":"https:\/\/api.w.org\/{rel}","templated":true}]}}