 

{"id":16500,"date":"2022-09-07T15:14:23","date_gmt":"2022-09-07T13:14:23","guid":{"rendered":"https:\/\/www.carrerivegauche.com\/?post_type=product&#038;p=16500"},"modified":"2022-10-12T14:28:04","modified_gmt":"2022-10-12T12:28:04","slug":"roger-godchaux-1878-1958-lionceau-assis","status":"publish","type":"product","link":"https:\/\/www.carrerivegauche.com\/fr\/boutique-crg\/roger-godchaux-1878-1958-lionceau-assis\/","title":{"rendered":"Roger GODCHAUX (1878-1958) Lionceau assis"},"content":{"rendered":"<p class=\"MsoNormal\" style=\"margin: 0cm;font-size: medium;font-family: Calibri, sans-serif;text-align: justify\" data-mce-style=\"margin: 0cm; font-size: medium; font-family: Calibri, sans-serif; text-align: justify;\"><span style=\"font-family: Perpetua, serif\" data-mce-style=\"font-family: Perpetua, serif;\">Issu d\u2019un milieu familial artistique, Roger Godchaux montre d\u00e8s son plus jeune \u00e2ge son aptitude pour le dessin avec un go\u00fbt prononc\u00e9 pour les animaux. En 1896, il entre \u00e0 l\u2019Acad\u00e9mie Julian. D\u00e8s 1905, il expose pour la premi\u00e8re fois au Salon des artistes fran\u00e7ais et y participe r\u00e9guli\u00e8rement (m\u00e9daill\u00e9 de bronze en 1922 et m\u00e9daill\u00e9 d\u2019or en 1952).Il puise son inspiration chez lui, avec ses chats ou \u00e0 la ferme\u00a0: vaches et chevaux lui servent de mod\u00e8les. En dehors des animaux domestiques, c\u2019est dans les cirques et surtout au Jardin des plantes qu\u2019il a pu, comme beaucoup d\u2019artistes animaliers de son \u00e9poque, observer la faune sauvage qui le fascinait. Il fr\u00e9quente \u00e9galement le Mus\u00e9um d\u2019histoire naturelle et le Jardin d\u2019Acclimatation. Grand collectionneur d\u2019Antoine Louis Barye, il voue au sculpteur romantique une grande admiration. Comme ce dernier, ce sont les fauves qui sont ses sujets de pr\u00e9dilection. Mais contrairement \u00e0 Barye, Godchaux privil\u00e9gie les attitudes paisibles, \u00e9vitant toutes sc\u00e8nes de combats\u00a0: les animaux semblent vaquer \u00e0 leurs occupations habituelles, assis, au repos, guettant ou humant en bien encore s\u2019abreuvant \u00e0 la rivi\u00e8re.\u00a0<\/span><\/p>\n<p class=\"MsoNormal\" style=\"margin: 0cm;font-size: medium;font-family: Calibri, sans-serif;text-align: justify\" data-mce-style=\"margin: 0cm; font-size: medium; font-family: Calibri, sans-serif; text-align: justify;\"><span style=\"font-family: Perpetua, serif\" data-mce-style=\"font-family: Perpetua, serif;\">Le sculpteur entretient des relations amicales avec les autres artistes animaliers de sa g\u00e9n\u00e9ration, mais reste \u00e0 l\u2019\u00e9cart du style lisse cr\u00e9\u00e9 par Pompon et autres participants du Groupe des Douze. Il leur pr\u00e9f\u00e8re un style plus naturaliste, r\u00e9alis\u00e9 \u00e0 partir de boulettes, d\u2019empreintes de doigts et de stries obliques caract\u00e9ristiques de son travail, comparable sous certains aspects \u00e0 celui de Paul Jouve.\u00a0<\/span><\/p>\n<p class=\"MsoNormal\" style=\"margin: 0cm;font-size: medium;font-family: Calibri, sans-serif;text-align: justify\" data-mce-style=\"margin: 0cm; font-size: medium; font-family: Calibri, sans-serif; text-align: justify;\"><span style=\"font-family: Perpetua, serif\" data-mce-style=\"font-family: Perpetua, serif;\">Pour la r\u00e9alisation de ses mod\u00e8les en bronze, Godchaux accorde une place importante au dessin anatomique avec relev\u00e9 m\u00e9trique des proportions consign\u00e9es sur des croquis. Son talent r\u00e9side dans un sens aigu de l\u2019observation non seulement des formes mais aussi du comportement de l\u2019animal choisi. Les f\u00e9lins qu\u2019il a aim\u00e9 repr\u00e9senter dans toutes les mati\u00e8res (cire, pl\u00e2tre, terre cuite, bronze, bois, terre crue) sont souvent empreints de gr\u00e2ce tels les\u00a0<i>Lionceaux jouant<\/i>, le\u00a0<i>Lionceau rongeant son os<\/i>, la\u00a0<i>Lionne et son petit.<\/i>\u00a0Notre\u00a0<i>Lionceau assis<\/i>, assis sur ses deux pattes arri\u00e8re, la t\u00eate inclin\u00e9e vers l\u2019avant n&rsquo;\u00e9chappe pas \u00e0 la r\u00e8gle. Son attitude presque famili\u00e8re d\u00e9gage une forme d\u2019intimit\u00e9 rassurante avec le spectateur.<\/span><\/p>\n<p class=\"MsoNormal\" style=\"margin: 0cm;font-size: medium;font-family: Calibri, sans-serif;text-align: justify\" data-mce-style=\"margin: 0cm; font-size: medium; font-family: Calibri, sans-serif; text-align: justify;\"><span style=\"font-family: Perpetua, serif\" data-mce-style=\"font-family: Perpetua, serif;\">Godchaux lui-m\u00eame retouchait ses cires qui \u00e9taient ensuite fondues selon la technique de la cire perdue comme c\u2019est le cas ici pour notre mod\u00e8le qui a \u00e9t\u00e9 tir\u00e9 avec une terrasse fine, marque d\u2019une fonte ancienne.<\/span><\/p>\n<p class=\"MsoNormal\" style=\"margin: 0cm;font-size: medium;font-family: Calibri, sans-serif;text-align: justify\" data-mce-style=\"margin: 0cm; font-size: medium; font-family: Calibri, sans-serif; text-align: justify;\"><span style=\"font-family: Perpetua, serif\" data-mce-style=\"font-family: Perpetua, serif;\">\u00a0<\/span><\/p>\n<p class=\"MsoNormal\" style=\"margin: 0cm;font-size: medium;font-family: Calibri, sans-serif\" data-mce-style=\"margin: 0cm; font-size: medium; font-family: Calibri, sans-serif;\"><span style=\"font-family: Perpetua, serif\" data-mce-style=\"font-family: Perpetua, serif;\">\u00a0<\/span><\/p>\n","protected":false},"excerpt":{"rendered":"<p class=\"MsoNormal\" style=\"margin: 0cm;font-size: medium;font-family: Calibri, sans-serif;text-align: justify\" data-mce-style=\"margin: 0cm; font-size: medium; font-family: Calibri, sans-serif; text-align: justify;\"><span style=\"font-family: Perpetua, serif\" data-mce-style=\"font-family: Perpetua, serif;\">Bronze \u00e0 patine brune nuanc\u00e9e, sign\u00e9 \u00ab Roger Godchaux \u00bb. Fonte Susse, pastille du fondeur, inscriptions \u00ab Susse Fres Edts Paris \u00bb, \u00ab cire perdue \u00bb.<\/span><\/p>\n<p class=\"MsoNormal\" style=\"margin: 0cm;font-size: medium;font-family: Calibri, sans-serif;text-align: justify\" data-mce-style=\"margin: 0cm; font-size: medium; font-family: Calibri, sans-serif; text-align: justify;\"><span style=\"font-family: Perpetua, serif\" data-mce-style=\"font-family: Perpetua, serif;\">Circa 1930<\/span><\/p>\n<p class=\"MsoNormal\" style=\"margin: 0cm;font-size: medium;font-family: Calibri, sans-serif;text-align: justify\" data-mce-style=\"margin: 0cm; font-size: medium; font-family: Calibri, sans-serif; text-align: justify;\"><span style=\"font-family: Perpetua, serif\" data-mce-style=\"font-family: Perpetua, serif;\">Bibliographie : Pierre Kjellberg,\u00a0<i>Les Bronzes du XIXe si\u00e8cle<\/i>, dictionnaire des sculpteurs, Les \u00e9ditions de l&rsquo;amateur, Paris, 1989, mod\u00e8le reproduit page 361; Jean-Charles Hachet,\u00a0<i>Dictionnaire illustr\u00e9 des sculpteurs animaliers &amp; fondeurs de l&rsquo;antiquit\u00e9 \u00e0 nos jours<\/i>, Argus Valentines dictionnaires, Bilbao, 2005, tome I, mod\u00e8le reproduit page 355; Jean-Fran\u00e7ois Dunand, Xavier Eeckhout,\u00a0<i>Roger Gochaux \u0152uvre complet<\/i>, Dijon, 2021, p. 79, mod\u00e8le reproduit sous le n\u00b0 F05.<\/span><\/p>\n","protected":false},"featured_media":16512,"template":"","meta":[],"product_brand":[],"product_cat":[233],"product_tag":[],"class_list":{"0":"post-16500","1":"product","2":"type-product","3":"status-publish","4":"has-post-thumbnail","6":"product_cat-bourriaud","7":"description-off","9":"first","10":"instock","11":"shipping-taxable","12":"product-type-simple"},"aioseo_notices":[],"_links":{"self":[{"href":"https:\/\/www.carrerivegauche.com\/fr\/wp-json\/wp\/v2\/product\/16500","targetHints":{"allow":["GET"]}}],"collection":[{"href":"https:\/\/www.carrerivegauche.com\/fr\/wp-json\/wp\/v2\/product"}],"about":[{"href":"https:\/\/www.carrerivegauche.com\/fr\/wp-json\/wp\/v2\/types\/product"}],"wp:featuredmedia":[{"embeddable":true,"href":"https:\/\/www.carrerivegauche.com\/fr\/wp-json\/wp\/v2\/media\/16512"}],"wp:attachment":[{"href":"https:\/\/www.carrerivegauche.com\/fr\/wp-json\/wp\/v2\/media?parent=16500"}],"wp:term":[{"taxonomy":"product_brand","embeddable":true,"href":"https:\/\/www.carrerivegauche.com\/fr\/wp-json\/wp\/v2\/product_brand?post=16500"},{"taxonomy":"product_cat","embeddable":true,"href":"https:\/\/www.carrerivegauche.com\/fr\/wp-json\/wp\/v2\/product_cat?post=16500"},{"taxonomy":"product_tag","embeddable":true,"href":"https:\/\/www.carrerivegauche.com\/fr\/wp-json\/wp\/v2\/product_tag?post=16500"}],"curies":[{"name":"wp","href":"https:\/\/api.w.org\/{rel}","templated":true}]}}