 

{"id":16386,"date":"2022-07-29T18:08:26","date_gmt":"2022-07-29T16:08:26","guid":{"rendered":"https:\/\/www.carrerivegauche.com\/boutique-crg\/huile-sur-toile-port-dans-el-sud-de-la-france-par-paul-madeline\/"},"modified":"2024-06-25T17:44:06","modified_gmt":"2024-06-25T15:44:06","slug":"huile-sur-toile-port-dans-el-sud-de-la-france-par-paul-madeline","status":"publish","type":"product","link":"https:\/\/www.carrerivegauche.com\/fr\/boutique-crg\/huile-sur-toile-port-dans-el-sud-de-la-france-par-paul-madeline\/","title":{"rendered":"Huile sur toile, Port dans el sud de la France par Paul MADELINE"},"content":{"rendered":"<p class=\"MsoNormal\"><b>MUSEES\u00a0:<\/b><\/p>\n<p><!-- [if !supportLineBreakNewLine]--><br \/><!--[endif]--><\/p>\n<p><b>CHATEAUROU\u00a0<\/b>: \u00a0Mus\u00e9e des Arts et Traditions<br \/>Populaires\u00a0; L&rsquo;Automne au bord de la Creuse\u00a0&#8211;\u00a0 <b>LA<br \/>CHATRE<\/b> \u00a0; Mus\u00e9e George Sand et de la<br \/>Vall\u00e9e Noire\u00a0: Bords de la Creuse &#8211; Moulin de la Folie, Num\u00e9ro<br \/>d&rsquo;inventaire\u00a0 &#8211; <b>NANTES <\/b>; Mus\u00e9e<b> des Beaux-arts<\/b>\u00a0: Le vieux Moulin<br \/>&#8211; <b>PARIS <\/b>; Mus\u00e9e d&rsquo;Orsay\u00a0; \u00a0Paysage d&rsquo;automne &#8211; <b>ROUEN ;<\/b> Acad\u00e9mie &#8211; <b>ROUEN <\/b>;<br \/>H\u00f4tel de Ville &#8211; <b>ROUEN<\/b> ; Mus\u00e9e des<br \/>Beaux-Arts<\/p>\n","protected":false},"excerpt":{"rendered":"<p class=\"MsoNormal\">MADELINE\u00a0 Paul<\/p>\n<p class=\"MsoNormal\">N\u00e9 le 7 octobre 1863 \u00e0 Paris. Mort le 12 f\u00e9vrier<br \/>1920 \u00e0 Paris. XIX-XXe si\u00e8cles.<\/p>\n<p class=\"MsoNormal\">Fran\u00e7ais<\/p>\n<p class=\"MsoNormal\">Peintre de genre, de paysages, nus,<br \/>postimpressioniste.<\/p>\n<p class=\"MsoNormal\">Il fut \u00e9leve d\u2019E\u00a0Chaly . Il expose \u00e0 Paris aux<br \/>Salons de la Soci\u00e9t\u00e9 des Artistes Fran\u00e7ais, dont il est membre soci\u00e9taire<br \/>depuis 1897 et de la Soci\u00e9t\u00e9 Nationale des Beaux Arts, dont il est membre<br \/>soci\u00e9taire depuis 1910.\u00a0 Il obtint une<br \/>mention honorable en 1897, une mention honorable \u00e0 l\u2019Exposition universelle de<br \/>Paris en 1900.<\/p>\n<p><\/p>\n","protected":false},"featured_media":16377,"template":"","meta":[],"product_brand":[],"product_cat":[278],"product_tag":[],"class_list":{"0":"post-16386","1":"product","2":"type-product","3":"status-publish","4":"has-post-thumbnail","6":"product_cat-saint-martin","7":"description-off","9":"first","10":"instock","11":"shipping-taxable","12":"purchasable","13":"product-type-simple"},"aioseo_notices":[],"_links":{"self":[{"href":"https:\/\/www.carrerivegauche.com\/fr\/wp-json\/wp\/v2\/product\/16386","targetHints":{"allow":["GET"]}}],"collection":[{"href":"https:\/\/www.carrerivegauche.com\/fr\/wp-json\/wp\/v2\/product"}],"about":[{"href":"https:\/\/www.carrerivegauche.com\/fr\/wp-json\/wp\/v2\/types\/product"}],"wp:featuredmedia":[{"embeddable":true,"href":"https:\/\/www.carrerivegauche.com\/fr\/wp-json\/wp\/v2\/media\/16377"}],"wp:attachment":[{"href":"https:\/\/www.carrerivegauche.com\/fr\/wp-json\/wp\/v2\/media?parent=16386"}],"wp:term":[{"taxonomy":"product_brand","embeddable":true,"href":"https:\/\/www.carrerivegauche.com\/fr\/wp-json\/wp\/v2\/product_brand?post=16386"},{"taxonomy":"product_cat","embeddable":true,"href":"https:\/\/www.carrerivegauche.com\/fr\/wp-json\/wp\/v2\/product_cat?post=16386"},{"taxonomy":"product_tag","embeddable":true,"href":"https:\/\/www.carrerivegauche.com\/fr\/wp-json\/wp\/v2\/product_tag?post=16386"}],"curies":[{"name":"wp","href":"https:\/\/api.w.org\/{rel}","templated":true}]}}