 

{"id":16359,"date":"2022-07-29T17:59:40","date_gmt":"2022-07-29T15:59:40","guid":{"rendered":"https:\/\/www.carrerivegauche.com\/boutique-crg\/une-huile-sur-toile-pardon-breton-par-henri-cahoours\/"},"modified":"2024-06-25T17:47:34","modified_gmt":"2024-06-25T15:47:34","slug":"une-huile-sur-toile-pardon-breton-par-henri-cahoours","status":"publish","type":"product","link":"https:\/\/www.carrerivegauche.com\/fr\/boutique-crg\/une-huile-sur-toile-pardon-breton-par-henri-cahoours\/","title":{"rendered":"Une huile sur toile, Pardon Breton, par Henri CAHOURS"},"content":{"rendered":"<p style=\"margin: 0px;padding: 0px 0px 1em;border: 0px;font-size: 14px;vertical-align: baseline;background-image: initial;background-position: initial;background-size: initial;background-attachment: initial;font-family: Poppins, Helvetica, Arial, Lucida, sans-serif\" data-mce-style=\"margin: 0px; padding: 0px 0px 1em; border: 0px; font-size: 14px; vertical-align: baseline; background-image: initial; background-position: initial; background-size: initial; background-attachment: initial; font-family: Poppins, Helvetica, Arial, Lucida, sans-serif;\"><span id=\"gmail-p0\" style=\"margin: 0px;padding: 0px;border: 0px;vertical-align: baseline;background: transparent\" data-mce-style=\"margin: 0px; padding: 0px; border: 0px; vertical-align: baseline; background: transparent;\">Henri Maurice\u00a0<span id=\"gmail-17\" style=\"margin: 0px;padding: 0px;border: 0px;vertical-align: baseline;background: transparent\" data-mce-style=\"margin: 0px; padding: 0px; border: 0px; vertical-align: baseline; background: transparent;\">Cahours<\/span>\u00a0<span id=\"gmail-18\" style=\"margin: 0px;padding: 0px;border: 0px;vertical-align: baseline;background: transparent\" data-mce-style=\"margin: 0px; padding: 0px; border: 0px; vertical-align: baseline; background: transparent;\">peint les<\/span>\u00a0rues de\u00a0<span id=\"gmail-19\" style=\"margin: 0px;padding: 0px;border: 0px;vertical-align: baseline;background: transparent\" data-mce-style=\"margin: 0px; padding: 0px; border: 0px; vertical-align: baseline; background: transparent;\">Montmarrtre<\/span>, mais se sp\u00e9cialise tr\u00e8s\u00a0<span id=\"gmail-20\" style=\"margin: 0px;padding: 0px;border: 0px;vertical-align: baseline;background: transparent\" data-mce-style=\"margin: 0px; padding: 0px; border: 0px; vertical-align: baseline; background: transparent;\">vite<\/span>\u00a0dans les marines,\u00a0<span id=\"gmail-21\" style=\"margin: 0px;padding: 0px;border: 0px;vertical-align: baseline;background: transparent\" data-mce-style=\"margin: 0px; padding: 0px; border: 0px; vertical-align: baseline; background: transparent;\">paysages ,<\/span>\u00a0sc\u00e8nes de genre de Bretagne.<\/span><\/p>\n<p style=\"margin: 0px;padding: 0px 0px 1em;border: 0px;font-size: 14px;vertical-align: baseline;background-image: initial;background-position: initial;background-size: initial;background-attachment: initial;font-family: Poppins, Helvetica, Arial, Lucida, sans-serif\" data-mce-style=\"margin: 0px; padding: 0px 0px 1em; border: 0px; font-size: 14px; vertical-align: baseline; background-image: initial; background-position: initial; background-size: initial; background-attachment: initial; font-family: Poppins, Helvetica, Arial, Lucida, sans-serif;\"><span id=\"gmail-p1\" style=\"margin: 0px;padding: 0px;border: 0px;vertical-align: baseline;background: transparent\" data-mce-style=\"margin: 0px; padding: 0px; border: 0px; vertical-align: baseline; background: transparent;\">Chaque ann\u00e9e \u00e0 partir de 1920, il part en Bretagne et fr\u00e9quente en autre\u00a0<span id=\"gmail-23\" class=\"gmail-s-rg-t\" style=\"margin: 0px;padding: 0px;border: 0px;vertical-align: baseline;background: transparent\" data-mce-style=\"margin: 0px; padding: 0px; border: 0px; vertical-align: baseline; background: transparent;\">Dournenez<\/span>&#8230;<\/span><span id=\"gmail-p2\" style=\"margin: 0px;padding: 0px;border: 0px;vertical-align: baseline;background: transparent\" data-mce-style=\"margin: 0px; padding: 0px; border: 0px; vertical-align: baseline; background: transparent;\"><br \/><\/span><span id=\"gmail-p42\" style=\"margin: 0px;padding: 0px;border: 0px;vertical-align: baseline;background: transparent\" data-mce-style=\"margin: 0px; padding: 0px; border: 0px; vertical-align: baseline; background: transparent;\">Les marines de l&rsquo;artiste ressemblent \u00e0 celle du peintre Marquet, avec palette bien temp\u00e9r\u00e9e, faite de quelques coloris subtils d\u00e9licatement modul\u00e9s, cr\u00e9ant l&rsquo;atmosph\u00e8re contemplative.<\/span><\/p>\n<p style=\"margin: 0px;padding: 0px 0px 1em;border: 0px;font-size: 14px;vertical-align: baseline;background-image: initial;background-position: initial;background-size: initial;background-attachment: initial;font-family: Poppins, Helvetica, Arial, Lucida, sans-serif\" data-mce-style=\"margin: 0px; padding: 0px 0px 1em; border: 0px; font-size: 14px; vertical-align: baseline; background-image: initial; background-position: initial; background-size: initial; background-attachment: initial; font-family: Poppins, Helvetica, Arial, Lucida, sans-serif;\"><span id=\"gmail-p4\" style=\"margin: 0px;padding: 0px;border: 0px;vertical-align: baseline;background: transparent\" data-mce-style=\"margin: 0px; padding: 0px; border: 0px; vertical-align: baseline; background: transparent;\">Pourtant\u00a0<span id=\"gmail-36\" style=\"margin: 0px;padding: 0px;border: 0px;vertical-align: baseline;background: transparent\" data-mce-style=\"margin: 0px; padding: 0px; border: 0px; vertical-align: baseline; background: transparent;\">Cahours<\/span>\u00a0\u00e0 produit des sc\u00e8nes de\u00a0<span id=\"gmail-37\" style=\"margin: 0px;padding: 0px;border: 0px;vertical-align: baseline;background: transparent\" data-mce-style=\"margin: 0px; padding: 0px; border: 0px; vertical-align: baseline; background: transparent;\">genres<\/span>\u00a0tr\u00e8s anim\u00e9es, avec une touche vive, gaies,\u00a0<span id=\"gmail-38\" style=\"margin: 0px;padding: 0px;border: 0px;vertical-align: baseline;background: transparent\" data-mce-style=\"margin: 0px; padding: 0px; border: 0px; vertical-align: baseline; background: transparent;\">mouvement\u00e9es<\/span>\u00a0et color\u00e9es ou toute l&rsquo;\u00e2me de la\u00a0<span id=\"gmail-39\" style=\"margin: 0px;padding: 0px;border: 0px;vertical-align: baseline;background: transparent\" data-mce-style=\"margin: 0px; padding: 0px; border: 0px; vertical-align: baseline; background: transparent;\">Bretagne<\/span>\u00a0retentit.<\/span><span id=\"gmail-p5\" style=\"margin: 0px;padding: 0px;border: 0px;vertical-align: baseline;background: transparent\" data-mce-style=\"margin: 0px; padding: 0px; border: 0px; vertical-align: baseline; background: transparent;\"><br \/><\/span><span id=\"gmail-p43\" style=\"margin: 0px;padding: 0px;border: 0px;vertical-align: baseline;background: transparent\" data-mce-style=\"margin: 0px; padding: 0px; border: 0px; vertical-align: baseline; background: transparent;\">Nous assistons ici \u00e0 une procession nomm\u00e9e le pardon breton.<\/span><\/p>\n<p style=\"margin: 0px;padding: 0px 0px 1em;border: 0px;font-size: 14px;vertical-align: baseline;background-image: initial;background-position: initial;background-size: initial;background-attachment: initial;font-family: Poppins, Helvetica, Arial, Lucida, sans-serif\" data-mce-style=\"margin: 0px; padding: 0px 0px 1em; border: 0px; font-size: 14px; vertical-align: baseline; background-image: initial; background-position: initial; background-size: initial; background-attachment: initial; font-family: Poppins, Helvetica, Arial, Lucida, sans-serif;\"><span id=\"gmail-p7\" style=\"margin: 0px;padding: 0px;border: 0px;vertical-align: baseline;background: transparent\" data-mce-style=\"margin: 0px; padding: 0px; border: 0px; vertical-align: baseline; background: transparent;\">Un\u00a0pardon\u00a0est une forme de\u00a0p\u00e8lerinage\u00a0principalement rencontr\u00e9e en\u00a0Bretagne.<\/span><span id=\"gmail-p8\" style=\"margin: 0px;padding: 0px;border: 0px;vertical-align: baseline;background: transparent\" data-mce-style=\"margin: 0px; padding: 0px; border: 0px; vertical-align: baseline; background: transparent;\">\u00a0Un pardon est organis\u00e9 \u00e0 une date fixe r\u00e9currente, dans un lieu d\u00e9termin\u00e9 et est d\u00e9di\u00e9 \u00e0 un saint pr\u00e9cis.<br \/><\/span><span id=\"gmail-p10\" style=\"margin: 0px;padding: 0px;border: 0px;vertical-align: baseline;background: transparent\" data-mce-style=\"margin: 0px; padding: 0px; border: 0px; vertical-align: baseline; background: transparent;\">Le pardon comporte une messe et une\u00a0procession\u00a0en ext\u00e9rieur vers un lieu sacr\u00e9 suivant un parcours d\u00e9termin\u00e9.<\/span><span id=\"gmail-p11\" style=\"margin: 0px;padding: 0px;border: 0px;vertical-align: baseline;background: transparent\" data-mce-style=\"margin: 0px; padding: 0px; border: 0px; vertical-align: baseline; background: transparent;\">\u00a0Les\u00a0reliques\u00a0du saint et\u00a0banni\u00e8res\u00a0font partie de la procession.<\/span><span id=\"gmail-p12\" style=\"margin: 0px;padding: 0px;border: 0px;vertical-align: baseline;background: transparent\" data-mce-style=\"margin: 0px; padding: 0px; border: 0px; vertical-align: baseline; background: transparent;\">\u00a0Certaines processions peuvent \u00eatre particuli\u00e8res\u00a0:<\/span><span id=\"gmail-p13\" style=\"margin: 0px;padding: 0px;border: 0px;vertical-align: baseline;background: transparent\" data-mce-style=\"margin: 0px; padding: 0px; border: 0px; vertical-align: baseline; background: transparent;\">\u00a0certaines sont circulaires\u00a0<span id=\"gmail-p9\" style=\"margin: 0px;padding: 0px;border: 0px;vertical-align: baseline;background: transparent\" data-mce-style=\"margin: 0px; padding: 0px; border: 0px; vertical-align: baseline; background: transparent;\">(les\u00a0<span id=\"gmail-41\" class=\"gmail-s-rg-t\" style=\"margin: 0px;padding: 0px;border: 0px;vertical-align: baseline;background: transparent\" data-mce-style=\"margin: 0px; padding: 0px; border: 0px; vertical-align: baseline; background: transparent;\">trom\u00e9nies<\/span>)<\/span>, d&rsquo;autres peuvent avoir un parcours en mer.<\/span><\/p>\n<p style=\"margin: 0px;padding: 0px 0px 1em;border: 0px;font-size: 14px;vertical-align: baseline;background-image: initial;background-position: initial;background-size: initial;background-attachment: initial;font-family: Poppins, Helvetica, Arial, Lucida, sans-serif\" data-mce-style=\"margin: 0px; padding: 0px 0px 1em; border: 0px; font-size: 14px; vertical-align: baseline; background-image: initial; background-position: initial; background-size: initial; background-attachment: initial; font-family: Poppins, Helvetica, Arial, Lucida, sans-serif;\"><span id=\"gmail-p44\" style=\"margin: 0px;padding: 0px;border: 0px;vertical-align: baseline;background: transparent\" data-mce-style=\"margin: 0px; padding: 0px; border: 0px; vertical-align: baseline; background: transparent;\">Outre le cadre qui d\u00e9limite la sc\u00e8ne en triptyque, on distingue parfaitement la composition.<\/span><span id=\"gmail-p15\" style=\"margin: 0px;padding: 0px;border: 0px;vertical-align: baseline;background: transparent\" data-mce-style=\"margin: 0px; padding: 0px; border: 0px; vertical-align: baseline; background: transparent;\">\u00a0La\u00a0grand-m\u00e8re\u00a0et sa pe<span id=\"gmail-27\" style=\"margin: 0px;padding: 0px;border: 0px;vertical-align: baseline;background: transparent\" data-mce-style=\"margin: 0px; padding: 0px; border: 0px; vertical-align: baseline; background: transparent;\">tite<\/span>\u00a0fille \u00e0 gauche, au centre\u00a0<span id=\"gmail-28\" style=\"margin: 0px;padding: 0px;border: 0px;vertical-align: baseline;background: transparent\" data-mce-style=\"margin: 0px; padding: 0px; border: 0px; vertical-align: baseline; background: transparent;\">le<\/span>\u00a0d\u00e9but\u00a0<span id=\"gmail-29\" style=\"margin: 0px;padding: 0px;border: 0px;vertical-align: baseline;background: transparent\" data-mce-style=\"margin: 0px; padding: 0px; border: 0px; vertical-align: baseline; background: transparent;\">de la<\/span>\u00a0<span id=\"gmail-30\" style=\"margin: 0px;padding: 0px;border: 0px;vertical-align: baseline;background: transparent\" data-mce-style=\"margin: 0px; padding: 0px; border: 0px; vertical-align: baseline; background: transparent;\">procession<\/span>\u00a0et \u00e0\u00a0<span id=\"gmail-31\" style=\"margin: 0px;padding: 0px;border: 0px;vertical-align: baseline;background: transparent\" data-mce-style=\"margin: 0px; padding: 0px; border: 0px; vertical-align: baseline; background: transparent;\">droite<\/span>\u00a0dans le fond l&rsquo;\u00e9glise.<\/span><span id=\"gmail-p47\" style=\"margin: 0px;padding: 0px;border: 0px;vertical-align: baseline;background: transparent\" data-mce-style=\"margin: 0px; padding: 0px; border: 0px; vertical-align: baseline; background: transparent;\">\u00a0L&rsquo;artiste donne \u00e0 voir au spectateur le bonheur des habitants.<\/span><span id=\"gmail-p48\" style=\"margin: 0px;padding: 0px;border: 0px;vertical-align: baseline;background: transparent\" data-mce-style=\"margin: 0px; padding: 0px; border: 0px; vertical-align: baseline; background: transparent;\">\u00a0<\/span><\/p>\n<p style=\"margin: 0px;padding: 0px;border: 0px;font-size: 14px;vertical-align: baseline;background-image: initial;background-position: initial;background-size: initial;background-attachment: initial;font-family: Poppins, Helvetica, Arial, Lucida, sans-serif\" data-mce-style=\"margin: 0px; padding: 0px; border: 0px; font-size: 14px; vertical-align: baseline; background-image: initial; background-position: initial; background-size: initial; background-attachment: initial; font-family: Poppins, Helvetica, Arial, Lucida, sans-serif;\"><\/p>\n","protected":false},"excerpt":{"rendered":"<p><span id=\"gmail-p54\" style=\"margin: 0px;padding: 0px;border: 0px;font-size: 14px;vertical-align: baseline;background-image: initial;background-position: initial;background-size: initial;background-attachment: initial;font-family: Poppins, Helvetica, Arial, Lucida, sans-serif\" data-mce-style=\"margin: 0px; padding: 0px; border: 0px; font-size: 14px; vertical-align: baseline; background-image: initial; background-position: initial; background-size: initial; background-attachment: initial; font-family: Poppins, Helvetica, Arial, Lucida, sans-serif;\">Henri Maurice\u00a0<span id=\"gmail-62\" style=\"margin: 0px;padding: 0px;border: 0px;vertical-align: baseline;background: transparent\" data-mce-style=\"margin: 0px; padding: 0px; border: 0px; vertical-align: baseline; background: transparent;\">CAHOURS<\/span>\u00a0<span id=\"gmail-p53\" style=\"margin: 0px;padding: 0px;border: 0px;vertical-align: baseline;background: transparent\" data-mce-style=\"margin: 0px; padding: 0px; border: 0px; vertical-align: baseline; background: transparent;\">(1889-1974)<br \/><\/span><\/span><span id=\"gmail-p72\" style=\"margin: 0px;padding: 0px;border: 0px;font-size: 14px;vertical-align: baseline;background-image: initial;background-position: initial;background-size: initial;background-attachment: initial;font-family: Poppins, Helvetica, Arial, Lucida, sans-serif\" data-mce-style=\"margin: 0px; padding: 0px; border: 0px; font-size: 14px; vertical-align: baseline; background-image: initial; background-position: initial; background-size: initial; background-attachment: initial; font-family: Poppins, Helvetica, Arial, Lucida, sans-serif;\">Alors qu\u2019il n\u2019est encore qu\u2019au lyc\u00e9e, il entame des \u00e9tudes aux Beaux-Arts d\u2019Amiens, puis termine ses \u00e9tudes \u00e0 Lille.<\/span><span id=\"gmail-p56\" style=\"margin: 0px;padding: 0px;border: 0px;font-size: 14px;vertical-align: baseline;background-image: initial;background-position: initial;background-size: initial;background-attachment: initial;font-family: Poppins, Helvetica, Arial, Lucida, sans-serif\" data-mce-style=\"margin: 0px; padding: 0px; border: 0px; font-size: 14px; vertical-align: baseline; background-image: initial; background-position: initial; background-size: initial; background-attachment: initial; font-family: Poppins, Helvetica, Arial, Lucida, sans-serif;\">\u00a0<\/span><br style=\"font-family: Poppins, Helvetica, Arial, Lucida, sans-serif;font-size: 14px\" data-mce-style=\"font-family: Poppins, Helvetica, Arial, Lucida, sans-serif; font-size: 14px;\"><span id=\"gmail-p57\" style=\"margin: 0px;padding: 0px;border: 0px;font-size: 14px;vertical-align: baseline;background-image: initial;background-position: initial;background-size: initial;background-attachment: initial;font-family: Poppins, Helvetica, Arial, Lucida, sans-serif\" data-mce-style=\"margin: 0px; padding: 0px; border: 0px; font-size: 14px; vertical-align: baseline; background-image: initial; background-position: initial; background-size: initial; background-attachment: initial; font-family: Poppins, Helvetica, Arial, Lucida, sans-serif;\">Il s\u2019installe \u00e0 Paris en 1911 \u00e0\u00a0<span id=\"gmail-65\" style=\"margin: 0px;padding: 0px;border: 0px;vertical-align: baseline;background: transparent\" data-mce-style=\"margin: 0px; padding: 0px; border: 0px; vertical-align: baseline; background: transparent;\">Monmtartre<\/span>, le quartier des artistes.<\/span><span id=\"gmail-p58\" style=\"margin: 0px;padding: 0px;border: 0px;font-size: 14px;vertical-align: baseline;background-image: initial;background-position: initial;background-size: initial;background-attachment: initial;font-family: Poppins, Helvetica, Arial, Lucida, sans-serif\" data-mce-style=\"margin: 0px; padding: 0px; border: 0px; font-size: 14px; vertical-align: baseline; background-image: initial; background-position: initial; background-size: initial; background-attachment: initial; font-family: Poppins, Helvetica, Arial, Lucida, sans-serif;\">\u00a0Il y\u00a0reste\u00a0jusqu\u2019en 1965, ann\u00e9e\u00a0<span id=\"gmail-68\" style=\"margin: 0px;padding: 0px;border: 0px;vertical-align: baseline;background: transparent\" data-mce-style=\"margin: 0px; padding: 0px; border: 0px; vertical-align: baseline; background: transparent;\">ou<\/span>\u00a0il se\u00a0<span id=\"gmail-69\" style=\"margin: 0px;padding: 0px;border: 0px;vertical-align: baseline;background: transparent\" data-mce-style=\"margin: 0px; padding: 0px; border: 0px; vertical-align: baseline; background: transparent;\">retire<\/span>\u00a0dans le\u00a0<span id=\"gmail-70\" style=\"margin: 0px;padding: 0px;border: 0px;vertical-align: baseline;background: transparent\" data-mce-style=\"margin: 0px; padding: 0px; border: 0px; vertical-align: baseline; background: transparent;\">midi<\/span>.<\/span><span id=\"gmail-p59\" style=\"margin: 0px;padding: 0px;border: 0px;font-size: 14px;vertical-align: baseline;background-image: initial;background-position: initial;background-size: initial;background-attachment: initial;font-family: Poppins, Helvetica, Arial, Lucida, sans-serif\" data-mce-style=\"margin: 0px; padding: 0px; border: 0px; font-size: 14px; vertical-align: baseline; background-image: initial; background-position: initial; background-size: initial; background-attachment: initial; font-family: Poppins, Helvetica, Arial, Lucida, sans-serif;\">\u00a0<\/span><br style=\"font-family: Poppins, Helvetica, Arial, Lucida, sans-serif;font-size: 14px\" data-mce-style=\"font-family: Poppins, Helvetica, Arial, Lucida, sans-serif; font-size: 14px;\"><span id=\"gmail-p73\" style=\"margin: 0px;padding: 0px;border: 0px;font-size: 14px;vertical-align: baseline;background-image: initial;background-position: initial;background-size: initial;background-attachment: initial;font-family: Poppins, Helvetica, Arial, Lucida, sans-serif\" data-mce-style=\"margin: 0px; padding: 0px; border: 0px; font-size: 14px; vertical-align: baseline; background-image: initial; background-position: initial; background-size: initial; background-attachment: initial; font-family: Poppins, Helvetica, Arial, Lucida, sans-serif;\">Il participe au salon des Artistes Fran\u00e7ais, aux Salons des Ind\u00e9pendants et les critiques et les collectionneurs sont au rendez-vous.<\/span><span id=\"gmail-p61\" style=\"margin: 0px;padding: 0px;border: 0px;font-size: 14px;vertical-align: baseline;background-image: initial;background-position: initial;background-size: initial;background-attachment: initial;font-family: Poppins, Helvetica, Arial, Lucida, sans-serif\" data-mce-style=\"margin: 0px; padding: 0px; border: 0px; font-size: 14px; vertical-align: baseline; background-image: initial; background-position: initial; background-size: initial; background-attachment: initial; font-family: Poppins, Helvetica, Arial, Lucida, sans-serif;\">\u00a0<\/span><\/p>\n","protected":false},"featured_media":16347,"template":"","meta":[],"product_brand":[],"product_cat":[278],"product_tag":[],"class_list":{"0":"post-16359","1":"product","2":"type-product","3":"status-publish","4":"has-post-thumbnail","6":"product_cat-saint-martin","7":"description-off","9":"first","10":"instock","11":"shipping-taxable","12":"purchasable","13":"product-type-simple"},"aioseo_notices":[],"_links":{"self":[{"href":"https:\/\/www.carrerivegauche.com\/fr\/wp-json\/wp\/v2\/product\/16359","targetHints":{"allow":["GET"]}}],"collection":[{"href":"https:\/\/www.carrerivegauche.com\/fr\/wp-json\/wp\/v2\/product"}],"about":[{"href":"https:\/\/www.carrerivegauche.com\/fr\/wp-json\/wp\/v2\/types\/product"}],"wp:featuredmedia":[{"embeddable":true,"href":"https:\/\/www.carrerivegauche.com\/fr\/wp-json\/wp\/v2\/media\/16347"}],"wp:attachment":[{"href":"https:\/\/www.carrerivegauche.com\/fr\/wp-json\/wp\/v2\/media?parent=16359"}],"wp:term":[{"taxonomy":"product_brand","embeddable":true,"href":"https:\/\/www.carrerivegauche.com\/fr\/wp-json\/wp\/v2\/product_brand?post=16359"},{"taxonomy":"product_cat","embeddable":true,"href":"https:\/\/www.carrerivegauche.com\/fr\/wp-json\/wp\/v2\/product_cat?post=16359"},{"taxonomy":"product_tag","embeddable":true,"href":"https:\/\/www.carrerivegauche.com\/fr\/wp-json\/wp\/v2\/product_tag?post=16359"}],"curies":[{"name":"wp","href":"https:\/\/api.w.org\/{rel}","templated":true}]}}