 

{"id":16336,"date":"2022-07-29T17:53:00","date_gmt":"2022-07-29T15:53:00","guid":{"rendered":"https:\/\/www.carrerivegauche.com\/boutique-crg\/huile-sur-panneau-enfant-au-berceau-par-pierre-molinier\/"},"modified":"2023-04-01T15:15:16","modified_gmt":"2023-04-01T13:15:16","slug":"huile-sur-panneau-enfant-au-berceau-par-pierre-molinier","status":"publish","type":"product","link":"https:\/\/www.carrerivegauche.com\/fr\/boutique-crg\/huile-sur-panneau-enfant-au-berceau-par-pierre-molinier\/","title":{"rendered":"Huile sur panneau, enfant au berceau par Pierre MOLINIER"},"content":{"rendered":"<p style=\"margin: 0px;padding: 0px 0px 1em;border: 0px;font-size: 14px;vertical-align: baseline;background-image: initial;background-position: initial;background-size: initial;background-attachment: initial;font-family: Poppins, Helvetica, Arial, Lucida, sans-serif\" data-mce-style=\"margin: 0px; padding: 0px 0px 1em; border: 0px; font-size: 14px; vertical-align: baseline; background-image: initial; background-position: initial; background-size: initial; background-attachment: initial; font-family: Poppins, Helvetica, Arial, Lucida, sans-serif;\">L\u2019une des figures les plus connues de ce mouvement de jeunes frondeurs inspir\u00e9s par Dada et les Surr\u00e9alistes est sans conteste Pierre Molinier.<br \/>Mouvement rebelle qui pr\u00f4ne la seule n\u00e9cessit\u00e9 de l\u2019art pour l\u2019art et refuse tout jury. Interrompu par la guerre, le mouvement se r\u00e9partit en plusieurs chapelles apr\u00e8s le schisme et la scission de 1955.<br \/>Il faudra attendre les ann\u00e9es 1950 pour que Molinier devient, selon l\u2019expression po\u00e9tique de Breton\u00a0:\u00a0\u00ab\u00a0L\u2019\u00e9chelle de soie jet\u00e9e du monde des songes \u00e0 l\u2019autre\u00a0\u00bb.<\/p>\n<p style=\"margin: 0px;padding: 0px;border: 0px;font-size: 14px;vertical-align: baseline;background-image: initial;background-position: initial;background-size: initial;background-attachment: initial;font-family: Poppins, Helvetica, Arial, Lucida, sans-serif\" data-mce-style=\"margin: 0px; padding: 0px; border: 0px; font-size: 14px; vertical-align: baseline; background-image: initial; background-position: initial; background-size: initial; background-attachment: initial; font-family: Poppins, Helvetica, Arial, Lucida, sans-serif;\">Entre son installation \u00e0 Bordeaux dans les ann\u00e9es 20- et \u00e0 sa cons\u00e9cration d&rsquo;artiste surr\u00e9aliste, Molinier ex\u00e9cute des \u0153uvres \u00e0 la facture classique, des paysages bordelais et du lot et de nombreux portraits de famille, notamment de sa fille fran\u00e7oise qui est le sujet de notre \u0153uvre.<br \/>Peignant en plein air, la structure et la douceur de ses paysages le rapproche plus des impressionnistes. Ces portraits, comme la petite fran\u00e7oise, color\u00e9e avec une touche vive et expressive \u00e9voquent plut\u00f4t les expressionnistes.<\/p>\n","protected":false},"excerpt":{"rendered":"<p><span id=\"_mce_caret\" data-mce-bogus=\"1\" data-mce-type=\"format-caret\"><del><\/del><\/span><span style=\"font-family: Poppins, Helvetica, Arial, Lucida, sans-serif;font-size: 14px\" data-mce-style=\"font-family: Poppins, Helvetica, Arial, Lucida, sans-serif; font-size: 14px;\">Pierre MOLINIER (1900-1976)<\/span><\/p>\n<p><span style=\"font-family: Poppins, Helvetica, Arial, Lucida, sans-serif;font-size: 14px\" data-mce-style=\"font-family: Poppins, Helvetica, Arial, Lucida, sans-serif; font-size: 14px;\">est un peintre, po\u00e8te et photographe fran\u00e7ais.<\/span><br style=\"font-family: Poppins, Helvetica, Arial, Lucida, sans-serif;font-size: 14px\" data-mce-style=\"font-family: Poppins, Helvetica, Arial, Lucida, sans-serif; font-size: 14px;\"><span style=\"font-family: Poppins, Helvetica, Arial, Lucida, sans-serif;font-size: 14px\" data-mce-style=\"font-family: Poppins, Helvetica, Arial, Lucida, sans-serif; font-size: 14px;\">Il est tr\u00e8s connu pour ses photomontages \u00e9rotiques qui au d\u00e9but des ann\u00e9es 70 influencent les artistes am\u00e9ricains du body-art<\/span><\/p>\n","protected":false},"featured_media":16333,"template":"","meta":[],"product_brand":[],"product_cat":[278],"product_tag":[],"class_list":{"0":"post-16336","1":"product","2":"type-product","3":"status-publish","4":"has-post-thumbnail","6":"product_cat-saint-martin","7":"description-off","9":"first","10":"instock","11":"shipping-taxable","12":"purchasable","13":"product-type-simple"},"aioseo_notices":[],"_links":{"self":[{"href":"https:\/\/www.carrerivegauche.com\/fr\/wp-json\/wp\/v2\/product\/16336","targetHints":{"allow":["GET"]}}],"collection":[{"href":"https:\/\/www.carrerivegauche.com\/fr\/wp-json\/wp\/v2\/product"}],"about":[{"href":"https:\/\/www.carrerivegauche.com\/fr\/wp-json\/wp\/v2\/types\/product"}],"wp:featuredmedia":[{"embeddable":true,"href":"https:\/\/www.carrerivegauche.com\/fr\/wp-json\/wp\/v2\/media\/16333"}],"wp:attachment":[{"href":"https:\/\/www.carrerivegauche.com\/fr\/wp-json\/wp\/v2\/media?parent=16336"}],"wp:term":[{"taxonomy":"product_brand","embeddable":true,"href":"https:\/\/www.carrerivegauche.com\/fr\/wp-json\/wp\/v2\/product_brand?post=16336"},{"taxonomy":"product_cat","embeddable":true,"href":"https:\/\/www.carrerivegauche.com\/fr\/wp-json\/wp\/v2\/product_cat?post=16336"},{"taxonomy":"product_tag","embeddable":true,"href":"https:\/\/www.carrerivegauche.com\/fr\/wp-json\/wp\/v2\/product_tag?post=16336"}],"curies":[{"name":"wp","href":"https:\/\/api.w.org\/{rel}","templated":true}]}}