 

{"id":16287,"date":"2022-07-29T17:06:24","date_gmt":"2022-07-29T15:06:24","guid":{"rendered":"https:\/\/www.carrerivegauche.com\/boutique-crg\/table-a-jeux-marquetee-epoque-louis-xv\/"},"modified":"2022-09-01T17:01:54","modified_gmt":"2022-09-01T15:01:54","slug":"table-a-jeux-marquetee-epoque-louis-xv","status":"publish","type":"product","link":"https:\/\/www.carrerivegauche.com\/fr\/boutique-crg\/table-a-jeux-marquetee-epoque-louis-xv\/","title":{"rendered":"Table \u00e0 Jeux marquet\u00e9e \u00e9poque Louis XV"},"content":{"rendered":"<p><br data-mce-bogus=\"1\"><\/p>\n","protected":false},"excerpt":{"rendered":"<p>Table Tric-Trac et jeu de Dames , toutes faces , de forme rectangulaire\u00a0 mouvement\u00e9e , en placage et marqueterie de bois de violette, satin\u00e9 ,amarante , ivoire ,\u00e9b\u00e8ne .Elle repose sur quatre pieds cambr\u00e9s , le dessus forme un jeu de dames encadr\u00e9 d&rsquo;une marqueterie florale .Le pi\u00e8tement se s\u00e9pare en deux soutenant ainsi le plateau qui en s&rsquo;ouvrant laisse appara\u00eetre un jeu de jacquet \u00e0 fond d&rsquo;\u00e9b\u00e8ne et ivoire teint\u00e9 centr\u00e9 d&rsquo;une marqueterie de fleurs stylis\u00e9es .Les pieds sont orn\u00e9s de sabots et de chutes en rinceaux en bronze cisel\u00e9 et dor\u00e9 .<\/p>\n<p>Travail Parisien d&rsquo;\u00e9poque Louis XV .<\/p>\n<p>Un tric trac similaire pr\u00e9sent\u00e9 \u00e0 la XIX\u00e8me Biennale de Paris \u00e9tait estampill\u00e9 du ma\u00eetre \u00e9b\u00e9niste Laurent Felix ( ma\u00eetre le 31 juillet 1755 )<\/p>\n","protected":false},"featured_media":16278,"template":"","meta":[],"product_brand":[],"product_cat":[250],"product_tag":[],"class_list":{"0":"post-16287","1":"product","2":"type-product","3":"status-publish","4":"has-post-thumbnail","6":"product_cat-chalvignac-isabelle","7":"description-off","9":"first","10":"instock","11":"shipping-taxable","12":"purchasable","13":"product-type-simple"},"aioseo_notices":[],"_links":{"self":[{"href":"https:\/\/www.carrerivegauche.com\/fr\/wp-json\/wp\/v2\/product\/16287","targetHints":{"allow":["GET"]}}],"collection":[{"href":"https:\/\/www.carrerivegauche.com\/fr\/wp-json\/wp\/v2\/product"}],"about":[{"href":"https:\/\/www.carrerivegauche.com\/fr\/wp-json\/wp\/v2\/types\/product"}],"wp:featuredmedia":[{"embeddable":true,"href":"https:\/\/www.carrerivegauche.com\/fr\/wp-json\/wp\/v2\/media\/16278"}],"wp:attachment":[{"href":"https:\/\/www.carrerivegauche.com\/fr\/wp-json\/wp\/v2\/media?parent=16287"}],"wp:term":[{"taxonomy":"product_brand","embeddable":true,"href":"https:\/\/www.carrerivegauche.com\/fr\/wp-json\/wp\/v2\/product_brand?post=16287"},{"taxonomy":"product_cat","embeddable":true,"href":"https:\/\/www.carrerivegauche.com\/fr\/wp-json\/wp\/v2\/product_cat?post=16287"},{"taxonomy":"product_tag","embeddable":true,"href":"https:\/\/www.carrerivegauche.com\/fr\/wp-json\/wp\/v2\/product_tag?post=16287"}],"curies":[{"name":"wp","href":"https:\/\/api.w.org\/{rel}","templated":true}]}}