 

{"id":16268,"date":"2022-07-29T16:19:09","date_gmt":"2022-07-29T14:19:09","guid":{"rendered":"https:\/\/www.carrerivegauche.com\/?post_type=product&#038;p=16268"},"modified":"2022-09-01T17:02:07","modified_gmt":"2022-09-01T15:02:07","slug":"paire-de-sieges-en-bergeres-epoque-regence-bois-dore","status":"publish","type":"product","link":"https:\/\/www.carrerivegauche.com\/fr\/boutique-crg\/paire-de-sieges-en-bergeres-epoque-regence-bois-dore\/","title":{"rendered":"Paire de Si\u00e8ges en Berg\u00e8res Epoque R\u00e9gence Bois Dor\u00e9"},"content":{"rendered":"<p><\/p>\n","protected":false},"excerpt":{"rendered":"<p>Paire de berg\u00e8res en bois sculpt\u00e9 et dor\u00e9 , dossier \u00e0 la Reine , la ceinture avant mouvement\u00e9e et droites sur les c\u00f4t\u00e9s\u00a0 sot sculpt\u00e9es sur fond de treillis d&rsquo;une coquille centr\u00e9e autour de feuillages ,les pieds cambr\u00e9s surmont\u00e9s d&rsquo;une feuille d&rsquo;acanthe se terminent par un enroulement feuillag\u00e9 , les accotoirs sculpt\u00e9s d&rsquo;une coquille .<\/p>\n<p>Travail Parisien d&rsquo;\u00e9poque R\u00e9gence . Soierie r\u00e9cente mont\u00e9e \u00e0 poches sur les c\u00f4t\u00e9s .<\/p>\n","protected":false},"featured_media":16269,"template":"","meta":[],"product_brand":[],"product_cat":[250],"product_tag":[],"class_list":{"0":"post-16268","1":"product","2":"type-product","3":"status-publish","4":"has-post-thumbnail","6":"product_cat-chalvignac-isabelle","7":"description-off","9":"first","10":"instock","11":"shipping-taxable","12":"product-type-simple"},"aioseo_notices":[],"_links":{"self":[{"href":"https:\/\/www.carrerivegauche.com\/fr\/wp-json\/wp\/v2\/product\/16268","targetHints":{"allow":["GET"]}}],"collection":[{"href":"https:\/\/www.carrerivegauche.com\/fr\/wp-json\/wp\/v2\/product"}],"about":[{"href":"https:\/\/www.carrerivegauche.com\/fr\/wp-json\/wp\/v2\/types\/product"}],"wp:featuredmedia":[{"embeddable":true,"href":"https:\/\/www.carrerivegauche.com\/fr\/wp-json\/wp\/v2\/media\/16269"}],"wp:attachment":[{"href":"https:\/\/www.carrerivegauche.com\/fr\/wp-json\/wp\/v2\/media?parent=16268"}],"wp:term":[{"taxonomy":"product_brand","embeddable":true,"href":"https:\/\/www.carrerivegauche.com\/fr\/wp-json\/wp\/v2\/product_brand?post=16268"},{"taxonomy":"product_cat","embeddable":true,"href":"https:\/\/www.carrerivegauche.com\/fr\/wp-json\/wp\/v2\/product_cat?post=16268"},{"taxonomy":"product_tag","embeddable":true,"href":"https:\/\/www.carrerivegauche.com\/fr\/wp-json\/wp\/v2\/product_tag?post=16268"}],"curies":[{"name":"wp","href":"https:\/\/api.w.org\/{rel}","templated":true}]}}