 

{"id":16134,"date":"2022-07-26T13:05:11","date_gmt":"2022-07-26T11:05:11","guid":{"rendered":"https:\/\/www.carrerivegauche.com\/boutique-crg\/boite-a-pinceaux-a-decor-en-laque\/"},"modified":"2022-09-01T17:01:17","modified_gmt":"2022-09-01T15:01:17","slug":"boite-a-pinceaux-a-decor-en-laque","status":"publish","type":"product","link":"https:\/\/www.carrerivegauche.com\/fr\/boutique-crg\/boite-a-pinceaux-a-decor-en-laque\/","title":{"rendered":"Bo\u00eete \u00e0 pinceaux \u00e0 d\u00e9cor en laque"},"content":{"rendered":"<p>Le couvercle est d\u00e9cor\u00e9 de feuilles de sagittaire en \u00e9tain et en laque dor\u00e9 stri\u00e9 de noir, ainsi que d&rsquo;une petite fleur en laque color\u00e9, plac\u00e9e \u00e0 c\u00f4t\u00e9 d&rsquo;une feuille incrust\u00e9e de nacre. Int\u00e9rieur et base de la bo\u00eete en laque <em>nashiji<\/em>.<\/p>\n<p><strong>\u00c8re Taisho (1912-1926)<\/strong><\/p>\n<p>Hauteur : 3,5 cm &#8211; largeur : 7,2 cm &#8211; profondeur : 23,9 cm\u00a0<\/p>\n<p>The lid is decorated with tin and gilded lacquer sagittarius leaves, along with a small flower in multicolored lacquer placed next to a mother-of-pearl inlaid leaf. \u00a0The inside and the base in <em>nashiji<\/em> lacquer.\u00a0<\/p>\n<p><strong>Taisho era (1912-1926)<\/strong><\/p>\n<p>Height : 1.4 in. (3,5 cm) &#8211; width : 2.8 in. (7,2 cm) &#8211; depth : 9.4 in. (23,9 cm)<\/p>\n","protected":false},"excerpt":{"rendered":"<p>Bo\u00eete \u00e0 pinceaux (<em>fudebako<\/em>) en bois \u00e0 d\u00e9cor en laque, \u00e9tain et incrustations de nacre.\u00a0<\/p>\n<p>Wooden paint-brush box (<em>fudebako<\/em>) decorated with tin and lacquer patterns as well as mother-of-pearl inlays.<\/p>\n","protected":false},"featured_media":16113,"template":"","meta":[],"product_brand":[],"product_cat":[281],"product_tag":[],"class_list":{"0":"post-16134","1":"product","2":"type-product","3":"status-publish","4":"has-post-thumbnail","6":"product_cat-tiago","7":"description-off","9":"first","10":"instock","11":"shipping-taxable","12":"product-type-simple"},"aioseo_notices":[],"_links":{"self":[{"href":"https:\/\/www.carrerivegauche.com\/fr\/wp-json\/wp\/v2\/product\/16134","targetHints":{"allow":["GET"]}}],"collection":[{"href":"https:\/\/www.carrerivegauche.com\/fr\/wp-json\/wp\/v2\/product"}],"about":[{"href":"https:\/\/www.carrerivegauche.com\/fr\/wp-json\/wp\/v2\/types\/product"}],"wp:featuredmedia":[{"embeddable":true,"href":"https:\/\/www.carrerivegauche.com\/fr\/wp-json\/wp\/v2\/media\/16113"}],"wp:attachment":[{"href":"https:\/\/www.carrerivegauche.com\/fr\/wp-json\/wp\/v2\/media?parent=16134"}],"wp:term":[{"taxonomy":"product_brand","embeddable":true,"href":"https:\/\/www.carrerivegauche.com\/fr\/wp-json\/wp\/v2\/product_brand?post=16134"},{"taxonomy":"product_cat","embeddable":true,"href":"https:\/\/www.carrerivegauche.com\/fr\/wp-json\/wp\/v2\/product_cat?post=16134"},{"taxonomy":"product_tag","embeddable":true,"href":"https:\/\/www.carrerivegauche.com\/fr\/wp-json\/wp\/v2\/product_tag?post=16134"}],"curies":[{"name":"wp","href":"https:\/\/api.w.org\/{rel}","templated":true}]}}