 

{"id":15951,"date":"2022-07-13T02:23:24","date_gmt":"2022-07-13T00:23:24","guid":{"rendered":"https:\/\/www.carrerivegauche.com\/boutique-crg\/coupe-en-agate\/"},"modified":"2025-07-05T14:30:44","modified_gmt":"2025-07-05T12:30:44","slug":"coupe-en-agate","status":"publish","type":"product","link":"https:\/\/www.carrerivegauche.com\/fr\/boutique-crg\/coupe-en-agate\/","title":{"rendered":"Coupe en agate."},"content":{"rendered":"<p>La monture est d\u00e9cor\u00e9e de grues et de fleurs de prunier grav\u00e9es, d&rsquo;inspiration japonaise.\u00a0<\/p>\n<p><strong>Europe, Allemagne ou Italie &#8211; d\u00e9but du XX\u00e8me si\u00e8cle<\/strong><\/p>\n<p>Largeur : 15,8 cm &#8211; profondeur : 10,8 cm &#8211; hauteur : 5,4 cm<\/p>\n<p>The mount is decorated with a Japanese-inspired crane and plum blossom pattern.\u00a0<\/p>\n<p><strong>Europe, Germany or Italy &#8211; Early 20th century<\/strong><\/p>\n<p>Height : 2.1 in. (5,4 cm) &#8211; depth : 4.2 in. (10,8 cm) &#8211; width : 6.2 in. (15,8 cm)\u00a0<\/p>\n","protected":false},"excerpt":{"rendered":"<p>Coupe ovale en agate taill\u00e9e et polie, sertie d\u2019une monture en argent dor\u00e9 grav\u00e9.\u00a0<\/p>\n<p>Polished agate cup with an engraved gilt-brass mount.\u00a0<\/p>\n","protected":false},"featured_media":15987,"template":"","meta":[],"product_brand":[],"product_cat":[281],"product_tag":[],"class_list":{"0":"post-15951","1":"product","2":"type-product","3":"status-publish","4":"has-post-thumbnail","6":"product_cat-tiago","7":"description-off","9":"first","10":"instock","11":"shipping-taxable","12":"product-type-simple"},"aioseo_notices":[],"_links":{"self":[{"href":"https:\/\/www.carrerivegauche.com\/fr\/wp-json\/wp\/v2\/product\/15951","targetHints":{"allow":["GET"]}}],"collection":[{"href":"https:\/\/www.carrerivegauche.com\/fr\/wp-json\/wp\/v2\/product"}],"about":[{"href":"https:\/\/www.carrerivegauche.com\/fr\/wp-json\/wp\/v2\/types\/product"}],"wp:featuredmedia":[{"embeddable":true,"href":"https:\/\/www.carrerivegauche.com\/fr\/wp-json\/wp\/v2\/media\/15987"}],"wp:attachment":[{"href":"https:\/\/www.carrerivegauche.com\/fr\/wp-json\/wp\/v2\/media?parent=15951"}],"wp:term":[{"taxonomy":"product_brand","embeddable":true,"href":"https:\/\/www.carrerivegauche.com\/fr\/wp-json\/wp\/v2\/product_brand?post=15951"},{"taxonomy":"product_cat","embeddable":true,"href":"https:\/\/www.carrerivegauche.com\/fr\/wp-json\/wp\/v2\/product_cat?post=15951"},{"taxonomy":"product_tag","embeddable":true,"href":"https:\/\/www.carrerivegauche.com\/fr\/wp-json\/wp\/v2\/product_tag?post=15951"}],"curies":[{"name":"wp","href":"https:\/\/api.w.org\/{rel}","templated":true}]}}