 

{"id":15909,"date":"2022-07-07T18:22:34","date_gmt":"2022-07-07T16:22:34","guid":{"rendered":"https:\/\/www.carrerivegauche.com\/boutique-crg\/singe-en-bois-sculpte\/"},"modified":"2025-07-05T14:32:52","modified_gmt":"2025-07-05T12:32:52","slug":"singe-en-bois-sculpte","status":"publish","type":"product","link":"https:\/\/www.carrerivegauche.com\/fr\/boutique-crg\/singe-en-bois-sculpte\/","title":{"rendered":"Singe aux p\u00eaches de long\u00e9vit\u00e9 en bois sculpt\u00e9."},"content":{"rendered":"<p>Il tient dans chaque main une p\u00eache de long\u00e9vit\u00e9. La figure du singe aux p\u00eaches de long\u00e9vit\u00e9 est une image populaire en Chine. Ce sujet fut \u00e9galement largement exploit\u00e9 par les artistes japonais.\u00a0<\/p>\n<p>D&rsquo;apr\u00e8s la l\u00e9gende, le singe Sun, roi des singes, vex\u00e9 de ne pas avoir \u00e9t\u00e9 invit\u00e9 au banquet de la Reine M\u00e8re, p\u00e9n\u00e9tra dans le jardin de la d\u00e9esse Xiwangmu, dans les montagnes de Kun Lun, et mangea toutes les p\u00eaches c\u00e9lestes qu&rsquo;elle y faisait pousser. Il devint ainsi immortel.\u00a0<\/p>\n<p>Sign\u00e9 Tamon T\u00f4 sur le dessous.\u00a0<\/p>\n<p><strong>Japon &#8211; Ere Meiji (1868-1912)<\/strong><\/p>\n<p>Hauteur : 21,5 cm &#8211; largeur : 13,8 cm &#8211; profondeur : 14,2 cm\u00a0<\/p>\n<p>He holds in both hands a peach of longevity. The peaches of longevity monkey is a popular image in China. This subject was also widely used by Japanese craftsmen.\u00a0<\/p>\n<p>Legend has it that the monkey Sun, king of monkeys, was sore not have been invited to the Queen Mother&rsquo;s banquet. He then entered the garden of the goddess Xiwangmu in the mountains of Kun Lun and ate all the heavenly peaches it contained. He thus became immortal.\u00a0<\/p>\n<p>Signed Tamon T\u00f4 below.\u00a0<\/p>\n<p>Japan-Meiji era (1868-1912)<\/p>\n<p>Height : 8.47 in. &#8211; width : 5.44 in. &#8211; depth : 5.6 in.\u00a0<\/p>\n","protected":false},"excerpt":{"rendered":"<p>Petite singe en bois sculpt\u00e9 au pelage finement cisel\u00e9.\u00a0<\/p>\n<p>Small carved wood monkey with a finely chiseled coat.\u00a0<\/p>\n","protected":false},"featured_media":15903,"template":"","meta":[],"product_brand":[],"product_cat":[281],"product_tag":[],"class_list":{"0":"post-15909","1":"product","2":"type-product","3":"status-publish","4":"has-post-thumbnail","6":"product_cat-tiago","7":"description-off","9":"first","10":"instock","11":"shipping-taxable","12":"product-type-simple"},"aioseo_notices":[],"_links":{"self":[{"href":"https:\/\/www.carrerivegauche.com\/fr\/wp-json\/wp\/v2\/product\/15909","targetHints":{"allow":["GET"]}}],"collection":[{"href":"https:\/\/www.carrerivegauche.com\/fr\/wp-json\/wp\/v2\/product"}],"about":[{"href":"https:\/\/www.carrerivegauche.com\/fr\/wp-json\/wp\/v2\/types\/product"}],"wp:featuredmedia":[{"embeddable":true,"href":"https:\/\/www.carrerivegauche.com\/fr\/wp-json\/wp\/v2\/media\/15903"}],"wp:attachment":[{"href":"https:\/\/www.carrerivegauche.com\/fr\/wp-json\/wp\/v2\/media?parent=15909"}],"wp:term":[{"taxonomy":"product_brand","embeddable":true,"href":"https:\/\/www.carrerivegauche.com\/fr\/wp-json\/wp\/v2\/product_brand?post=15909"},{"taxonomy":"product_cat","embeddable":true,"href":"https:\/\/www.carrerivegauche.com\/fr\/wp-json\/wp\/v2\/product_cat?post=15909"},{"taxonomy":"product_tag","embeddable":true,"href":"https:\/\/www.carrerivegauche.com\/fr\/wp-json\/wp\/v2\/product_tag?post=15909"}],"curies":[{"name":"wp","href":"https:\/\/api.w.org\/{rel}","templated":true}]}}