 

{"id":15893,"date":"2022-07-07T17:40:13","date_gmt":"2022-07-07T15:40:13","guid":{"rendered":"https:\/\/www.carrerivegauche.com\/boutique-crg\/paire-de-vases-en-bronze-a-decor-de-sauterelles-en-relief\/"},"modified":"2025-07-05T14:35:31","modified_gmt":"2025-07-05T12:35:31","slug":"paire-de-vases-en-bronze-a-decor-de-sauterelles-en-relief","status":"publish","type":"product","link":"https:\/\/www.carrerivegauche.com\/fr\/boutique-crg\/paire-de-vases-en-bronze-a-decor-de-sauterelles-en-relief\/","title":{"rendered":"Paire de vases en bronze \u00e0 d\u00e9cor de sauterelles en relief."},"content":{"rendered":"<p>Les insectes (mushi) occupent une place importante dans la culture japonaise. La chasse aux insecte est un passe-temps populaire, notamment aupr\u00e8s des enfants. A l\u2019aide de filets et de cages en plastiques, ils attrapent les cigales et les scarab\u00e9es pour mieux les observer.\u00a0\u00a0<\/p>\n<p>Entre 1830 et 1832, Hokusai composa une s\u00e9rie sans titre de dix estampes de grand format horizontal pour la distinguer de celle de plus petit format, dite des Petites Fleurs. La sauterelle est le sujet principal d\u2019une des estampes de cette s\u00e9rie, Iris et sauterelle\u202f: Hokusai repr\u00e9sente, avec finesse et pr\u00e9cision, une gerbe d&rsquo;iris, tout empreinte de vigueur et de fragilit\u00e9, dont la plupart des fleurs orang\u00e9es, bigarr\u00e9es de bleu et de violet, sont pour la plupart d\u00e9j\u00e0 ouvertes. Au centre, sur la feuille la plus haute et la plus rigide, mais aussi la plus ab\u00eem\u00e9e, une grosse sauterelle est repr\u00e9sent\u00e9e, de la m\u00eame couleur que le feuillage qu&rsquo;elle est occup\u00e9e \u00e0 d\u00e9vorer.\u00a0\u00a0<\/p>\n<p><strong>Japon &#8211; \u00c9poque Meiji (1868-1912)<\/strong><\/p>\n<p>Hauteur : 35 cm &#8211; diam\u00e8tre (au niveau de la panse) : 10,5 cm<\/p>\n<p>Insects (mushi) occupy an important place in Japanese culture. Hunting for insects is a popular pastime, especially among children. Using plastic nets and cages, they catch cicadas and beetles to observe them.\u00a0<\/p>\n<p>Between 1830 and 1832, Hokusai composed an untitled series of ten large horizontal prints to distinguish it from the smaller one, known as the Small Flowers. The grasshopper is the main subject of one of the prints in this series, Iris and grasshopper: Hokusai represents, with finesse and precision, a sheaf of iris, all imprint of vigor and fragility, including most of the orange flowers, variegated with blue and purple, are mostly already open. In the center, on the tallest and most rigid sheet, but also the most damaged, a large grasshopper is represented, the same color as the foliage it is busy devouring.\u00a0<\/p>\n<p><strong>Japan &#8211; Meiji era (1868-1912)<\/strong><\/p>\n<p>Height : 13.8 in. &#8211; diameter : 4.15 in.\u00a0<\/p>\n","protected":false},"excerpt":{"rendered":"<p>Paire de vases en bronze de forme bulbeuse \u00e9tir\u00e9e et pied \u00e9vas\u00e9, fondu en forme de fagot attach\u00e9, sur lequel une sauterelle (bata) s\u2019est pos\u00e9e. Col resserr\u00e9 d\u00e9licatement nou\u00e9 par un brin de paille.\u00a0\u00a0<\/p>\n<p>Detailed pair of vases in bronze of baluster form, textured to represent straws of hay, bound together by three knots that divide each vase in three, just under le second ring, a well detailed grasshopper is detached from the rest of the composition.\u00a0\u00a0<\/p>\n","protected":false},"featured_media":15887,"template":"","meta":[],"product_brand":[],"product_cat":[281],"product_tag":[],"class_list":{"0":"post-15893","1":"product","2":"type-product","3":"status-publish","4":"has-post-thumbnail","6":"product_cat-tiago","7":"description-off","9":"first","10":"instock","11":"shipping-taxable","12":"product-type-simple"},"aioseo_notices":[],"_links":{"self":[{"href":"https:\/\/www.carrerivegauche.com\/fr\/wp-json\/wp\/v2\/product\/15893","targetHints":{"allow":["GET"]}}],"collection":[{"href":"https:\/\/www.carrerivegauche.com\/fr\/wp-json\/wp\/v2\/product"}],"about":[{"href":"https:\/\/www.carrerivegauche.com\/fr\/wp-json\/wp\/v2\/types\/product"}],"wp:featuredmedia":[{"embeddable":true,"href":"https:\/\/www.carrerivegauche.com\/fr\/wp-json\/wp\/v2\/media\/15887"}],"wp:attachment":[{"href":"https:\/\/www.carrerivegauche.com\/fr\/wp-json\/wp\/v2\/media?parent=15893"}],"wp:term":[{"taxonomy":"product_brand","embeddable":true,"href":"https:\/\/www.carrerivegauche.com\/fr\/wp-json\/wp\/v2\/product_brand?post=15893"},{"taxonomy":"product_cat","embeddable":true,"href":"https:\/\/www.carrerivegauche.com\/fr\/wp-json\/wp\/v2\/product_cat?post=15893"},{"taxonomy":"product_tag","embeddable":true,"href":"https:\/\/www.carrerivegauche.com\/fr\/wp-json\/wp\/v2\/product_tag?post=15893"}],"curies":[{"name":"wp","href":"https:\/\/api.w.org\/{rel}","templated":true}]}}