 

{"id":15876,"date":"2022-07-06T17:06:07","date_gmt":"2022-07-06T15:06:07","guid":{"rendered":"https:\/\/www.carrerivegauche.com\/boutique-crg\/suzuribako-en-laque-a-decor-de-clematites-et-darbre-a-kakis\/"},"modified":"2025-07-05T14:36:24","modified_gmt":"2025-07-05T12:36:24","slug":"suzuribako-en-laque-a-decor-de-clematites-et-darbre-a-kakis","status":"publish","type":"product","link":"https:\/\/www.carrerivegauche.com\/fr\/boutique-crg\/suzuribako-en-laque-a-decor-de-clematites-et-darbre-a-kakis\/","title":{"rendered":"Suzuribako en laque \u00e0 d\u00e9cor de cl\u00e9matites et d&rsquo;arbre \u00e0 kakis."},"content":{"rendered":"<p>D\u00e9cor\u00e9 d&rsquo;un motif de cl\u00e9matites et d&rsquo;arbres \u00e0 kakis en maki-e sur fond <em>nashiji<\/em>. Mosa\u00efque d&rsquo;or (<em>kirigane<\/em>) sur le tronc, les branches de l&rsquo;arbre et les rochers au premier plan. Le suzuribako contient une pierre \u00e0 encre, un godet \u00e0 eau, et deux compartiments lat\u00e9raux en laque <em>nashiji<\/em>. Le fond du couvercle pr\u00e9sente un d\u00e9cor analogue \u00e0 celui qui se trouve sur le dessus de ce dernier. Un m\u00f4n (armoirie) compos\u00e9 de trois \u00e9ventails formant un cercle parfait est repr\u00e9sent\u00e9 \u00e0 trois reprises sur le couvercle de la bo\u00eete et sur le fond du couvercle.\u00a0<\/p>\n<p><strong>Japon &#8211; p\u00e9riode Edo (1603-1868), XVII\u00e8me si\u00e8cle<\/strong><\/p>\n<p>Hauteur : 5 cm &#8211; longueur : 24 cm &#8211; largeur : 22 cm<\/p>\n<p>Decorated with a maki-e clematises and persimmon tree pattern on a nashiji background. This suzuribako contains an ink rock, a small water pot and two side compartments in nashiji lacquer. A <em>m\u00f4n (coat of arms) composed of three fans forming a perfect circle is reiterated three times both on the top and bottom of the lid.\u00a0<\/em><\/p>\n<p><strong>Japan, Edo era (1603-1868), 17th century<\/strong><\/p>\n<p>Height : 2 in. &#8211; length : 9.4 in. &#8211; width : 8.6 in.\u00a0<\/p>\n","protected":false},"excerpt":{"rendered":"<p><em>Suzuribako <\/em>(n\u00e9cessaire \u00e0 \u00e9crire) en laque noir et or.<\/p>\n<p>Black and gold lacquer\u00a0<em>suzuribako<\/em> (writing box).\u00a0<\/p>\n","protected":false},"featured_media":15870,"template":"","meta":[],"product_brand":[],"product_cat":[281],"product_tag":[],"class_list":{"0":"post-15876","1":"product","2":"type-product","3":"status-publish","4":"has-post-thumbnail","6":"product_cat-tiago","7":"description-off","9":"first","10":"instock","11":"shipping-taxable","12":"product-type-simple"},"aioseo_notices":[],"_links":{"self":[{"href":"https:\/\/www.carrerivegauche.com\/fr\/wp-json\/wp\/v2\/product\/15876","targetHints":{"allow":["GET"]}}],"collection":[{"href":"https:\/\/www.carrerivegauche.com\/fr\/wp-json\/wp\/v2\/product"}],"about":[{"href":"https:\/\/www.carrerivegauche.com\/fr\/wp-json\/wp\/v2\/types\/product"}],"wp:featuredmedia":[{"embeddable":true,"href":"https:\/\/www.carrerivegauche.com\/fr\/wp-json\/wp\/v2\/media\/15870"}],"wp:attachment":[{"href":"https:\/\/www.carrerivegauche.com\/fr\/wp-json\/wp\/v2\/media?parent=15876"}],"wp:term":[{"taxonomy":"product_brand","embeddable":true,"href":"https:\/\/www.carrerivegauche.com\/fr\/wp-json\/wp\/v2\/product_brand?post=15876"},{"taxonomy":"product_cat","embeddable":true,"href":"https:\/\/www.carrerivegauche.com\/fr\/wp-json\/wp\/v2\/product_cat?post=15876"},{"taxonomy":"product_tag","embeddable":true,"href":"https:\/\/www.carrerivegauche.com\/fr\/wp-json\/wp\/v2\/product_tag?post=15876"}],"curies":[{"name":"wp","href":"https:\/\/api.w.org\/{rel}","templated":true}]}}