 

{"id":15849,"date":"2022-07-06T15:13:29","date_gmt":"2022-07-06T13:13:29","guid":{"rendered":"https:\/\/www.carrerivegauche.com\/boutique-crg\/hibou-en-bronze\/"},"modified":"2025-07-05T14:44:21","modified_gmt":"2025-07-05T12:44:21","slug":"hibou-en-bronze","status":"publish","type":"product","link":"https:\/\/www.carrerivegauche.com\/fr\/boutique-crg\/hibou-en-bronze\/","title":{"rendered":"Hibou en bronze"},"content":{"rendered":"<p>La sculpture est compos\u00e9e de deux sections. L&rsquo;oiseau se d\u00e9tache de la branche sur laquelle il est pos\u00e9. Ses ailes sont repli\u00e9es et sa t\u00eate, l\u00e9g\u00e8rement pench\u00e9e vers la droite, lui donne un air intrigu\u00e9.<\/p>\n<p>Sign\u00e9 Murata Seimin (\u6751\u7530\u88fd\u7720, 1761-1837)\u202f: cartouche rectangulaire avec inscrit \u00ab\u202fSeimin chu\u202f\u00bb, \u00ab\u202ffait par Seimin\u202f\u00bb sur le c\u00f4t\u00e9 de la branche.\u00a0\u00a0<\/p>\n<p>Murata Seimin est sp\u00e9cialis\u00e9 dans le bronze \u00e0 la cire perdue. Une grande partie de son travail portait sur des sujets bouddhistes, tels que le moulage de 500 arhats (disciples de Bouddha) au temple Kenchoji \u00e0 Kamakura. Il a aussi r\u00e9alis\u00e9 des vases et des objets d\u00e9coratifs. Il \u00e9tait c\u00e9l\u00e8bre pour ses \u00e9tudes de tortues. Le British Museum conserve quatre objets de l\u2019artiste.\u00a0\u00a0<\/p>\n<p><strong>Japon, p\u00e9riode Edo (1603-1868)-fin XVIII\u00e8me ou d\u00e9but XIX\u00e8me si\u00e8cle.<\/strong><\/p>\n<p>Hauteur : 26 cm &#8211; largeur : 26 cm\u00a0<\/p>\n<p>A bronze sculpture of an owl, consisting of two sections. The short-eared owl is perched on a tree branch with its head cocked to the right and its wings folded at its sides.<\/p>\n<p>Signed Murata Seimin (\u6751\u7530\u88fd\u7720, 1761-1837): rectangular cartouche with inscribed \u00ab\u00a0Seimin chu\u00a0\u00bb, \u00ab\u00a0made by Seimin\u00a0\u00bb on the side of the branch.\u00a0\u00a0<\/p>\n<p>Murata Seimin specialized in lost-wax bronze. Much of his work was on Buddhist subjects, such as the casting of 500 arhats (disciples of Buddha) at Kenchoji Temple in Kamakura. He also made vases and decorative objects. He was famous for his turtle studies. The British Museum holds four objects by the artist.\u00a0\u00a0<\/p>\n<p><strong>Japan &#8211; Edo era (1603-1868)<\/strong><\/p>\n<p>Height : 10 1\/4 in. &#8211; length : 10 1\/4 \u00a0in.\u00a0<\/p>\n","protected":false},"excerpt":{"rendered":"<p>Hibou des marais en bronze pos\u00e9 sur une branche.<\/p>\n<p>Bronze owl perched on a tree branch.\u00a0<\/p>\n","protected":false},"featured_media":15837,"template":"","meta":[],"product_brand":[],"product_cat":[281],"product_tag":[],"class_list":{"0":"post-15849","1":"product","2":"type-product","3":"status-publish","4":"has-post-thumbnail","6":"product_cat-tiago","7":"description-off","9":"first","10":"instock","11":"shipping-taxable","12":"product-type-simple"},"aioseo_notices":[],"_links":{"self":[{"href":"https:\/\/www.carrerivegauche.com\/fr\/wp-json\/wp\/v2\/product\/15849","targetHints":{"allow":["GET"]}}],"collection":[{"href":"https:\/\/www.carrerivegauche.com\/fr\/wp-json\/wp\/v2\/product"}],"about":[{"href":"https:\/\/www.carrerivegauche.com\/fr\/wp-json\/wp\/v2\/types\/product"}],"wp:featuredmedia":[{"embeddable":true,"href":"https:\/\/www.carrerivegauche.com\/fr\/wp-json\/wp\/v2\/media\/15837"}],"wp:attachment":[{"href":"https:\/\/www.carrerivegauche.com\/fr\/wp-json\/wp\/v2\/media?parent=15849"}],"wp:term":[{"taxonomy":"product_brand","embeddable":true,"href":"https:\/\/www.carrerivegauche.com\/fr\/wp-json\/wp\/v2\/product_brand?post=15849"},{"taxonomy":"product_cat","embeddable":true,"href":"https:\/\/www.carrerivegauche.com\/fr\/wp-json\/wp\/v2\/product_cat?post=15849"},{"taxonomy":"product_tag","embeddable":true,"href":"https:\/\/www.carrerivegauche.com\/fr\/wp-json\/wp\/v2\/product_tag?post=15849"}],"curies":[{"name":"wp","href":"https:\/\/api.w.org\/{rel}","templated":true}]}}