 

{"id":15689,"date":"2022-06-03T17:09:30","date_gmt":"2022-06-03T15:09:30","guid":{"rendered":"https:\/\/www.carrerivegauche.com\/boutique-crg\/grande-huile-sur-toile-nue-dans-le-jardin-entourage-de-theodore-robinson\/"},"modified":"2024-06-25T17:53:29","modified_gmt":"2024-06-25T15:53:29","slug":"grande-huile-sur-toile-nue-dans-le-jardin-entourage-de-theodore-robinson","status":"publish","type":"product","link":"https:\/\/www.carrerivegauche.com\/fr\/boutique-crg\/grande-huile-sur-toile-nue-dans-le-jardin-entourage-de-theodore-robinson\/","title":{"rendered":"Grande huile sur toile, Nue dans le jardin, entourage de Th\u00e9odore ROBINSON"},"content":{"rendered":"<p><\/p>\n","protected":false},"excerpt":{"rendered":"<p>Tr\u00e8s Grande huile sur toile, impressionniste, provenant de l&rsquo;entourage de Th\u00e9odore Robinson ( peintre impressionniste am\u00e9ricain\u00a0 1852-1896, qui fr\u00e9quente Claude Monet \u00e0 Giverny)<\/p>\n<p>Appr\u00e9ciez ses touches de lumi\u00e8re parsem\u00e9es sur la toile telle des \u00e9toiles dans le ciel.<\/p>\n","protected":false},"featured_media":15680,"template":"","meta":[],"product_brand":[],"product_cat":[278],"product_tag":[],"class_list":{"0":"post-15689","1":"product","2":"type-product","3":"status-publish","4":"has-post-thumbnail","6":"product_cat-saint-martin","7":"description-off","9":"first","10":"instock","11":"shipping-taxable","12":"purchasable","13":"product-type-simple"},"aioseo_notices":[],"_links":{"self":[{"href":"https:\/\/www.carrerivegauche.com\/fr\/wp-json\/wp\/v2\/product\/15689","targetHints":{"allow":["GET"]}}],"collection":[{"href":"https:\/\/www.carrerivegauche.com\/fr\/wp-json\/wp\/v2\/product"}],"about":[{"href":"https:\/\/www.carrerivegauche.com\/fr\/wp-json\/wp\/v2\/types\/product"}],"wp:featuredmedia":[{"embeddable":true,"href":"https:\/\/www.carrerivegauche.com\/fr\/wp-json\/wp\/v2\/media\/15680"}],"wp:attachment":[{"href":"https:\/\/www.carrerivegauche.com\/fr\/wp-json\/wp\/v2\/media?parent=15689"}],"wp:term":[{"taxonomy":"product_brand","embeddable":true,"href":"https:\/\/www.carrerivegauche.com\/fr\/wp-json\/wp\/v2\/product_brand?post=15689"},{"taxonomy":"product_cat","embeddable":true,"href":"https:\/\/www.carrerivegauche.com\/fr\/wp-json\/wp\/v2\/product_cat?post=15689"},{"taxonomy":"product_tag","embeddable":true,"href":"https:\/\/www.carrerivegauche.com\/fr\/wp-json\/wp\/v2\/product_tag?post=15689"}],"curies":[{"name":"wp","href":"https:\/\/api.w.org\/{rel}","templated":true}]}}