 

{"id":15666,"date":"2022-06-03T17:00:30","date_gmt":"2022-06-03T15:00:30","guid":{"rendered":"https:\/\/www.carrerivegauche.com\/boutique-crg\/une-huile-sur-bois-fetes-incroyables-et-merveilleuses-par-prudent-louis-leray\/"},"modified":"2024-06-25T17:55:02","modified_gmt":"2024-06-25T15:55:02","slug":"une-huile-sur-bois-fetes-incroyables-et-merveilleuses-par-prudent-louis-leray","status":"publish","type":"product","link":"https:\/\/www.carrerivegauche.com\/fr\/boutique-crg\/une-huile-sur-bois-fetes-incroyables-et-merveilleuses-par-prudent-louis-leray\/","title":{"rendered":"Une huile sur bois, \u00ab\u00a0F\u00eates incroyables et merveilleuses\u00a0\u00bb par Prudent Louis LERAY"},"content":{"rendered":"<p>El\u00e8ve de P. Delaroche. Il fait ses d\u00e9buts au Salon en 1844. Nous citons de lui : J\u00e9sus gu\u00e9rissant les malades, pour l&rsquo;\u00e9glise Saint-Julien-le-Pauvre \u00e0 Paris.<\/p>\n<p>MUS\u00c9ES : B\u00c9ZIERS : Viande et l\u00e9gumes &#8211; F\u00eate du village &#8211; NANTES : Charles IX et sa cour visitant les gibets de Montfaucon &#8211; Sc\u00e8ne aux Champs-Elys\u00e9es sous le Directoire &#8211; LA ROCHELLE : Lebatelet &#8211; ROUEN : Mme Belmont &#8211; SAINT-ETIENNE : Le butin retrouv\u00e9.<\/p>\n","protected":false},"excerpt":{"rendered":"<p>LERAY Prudent Louis<br \/>N\u00e9 le 29 ao\u00fbt 1820 \u00e0 Cou\u00ebron (Loire-Atlantique).<br \/>19\u00e8me si\u00e8cle. Fran\u00e7ais.<br \/>Peintre d&rsquo;histoire, de compositions religieuses, de sc\u00e8nes de genre, de portraits, de natures mortes.<\/p>\n","protected":false},"featured_media":15654,"template":"","meta":[],"product_brand":[],"product_cat":[278],"product_tag":[],"class_list":{"0":"post-15666","1":"product","2":"type-product","3":"status-publish","4":"has-post-thumbnail","6":"product_cat-saint-martin","7":"description-off","9":"first","10":"instock","11":"shipping-taxable","12":"purchasable","13":"product-type-simple"},"aioseo_notices":[],"_links":{"self":[{"href":"https:\/\/www.carrerivegauche.com\/fr\/wp-json\/wp\/v2\/product\/15666","targetHints":{"allow":["GET"]}}],"collection":[{"href":"https:\/\/www.carrerivegauche.com\/fr\/wp-json\/wp\/v2\/product"}],"about":[{"href":"https:\/\/www.carrerivegauche.com\/fr\/wp-json\/wp\/v2\/types\/product"}],"wp:featuredmedia":[{"embeddable":true,"href":"https:\/\/www.carrerivegauche.com\/fr\/wp-json\/wp\/v2\/media\/15654"}],"wp:attachment":[{"href":"https:\/\/www.carrerivegauche.com\/fr\/wp-json\/wp\/v2\/media?parent=15666"}],"wp:term":[{"taxonomy":"product_brand","embeddable":true,"href":"https:\/\/www.carrerivegauche.com\/fr\/wp-json\/wp\/v2\/product_brand?post=15666"},{"taxonomy":"product_cat","embeddable":true,"href":"https:\/\/www.carrerivegauche.com\/fr\/wp-json\/wp\/v2\/product_cat?post=15666"},{"taxonomy":"product_tag","embeddable":true,"href":"https:\/\/www.carrerivegauche.com\/fr\/wp-json\/wp\/v2\/product_tag?post=15666"}],"curies":[{"name":"wp","href":"https:\/\/api.w.org\/{rel}","templated":true}]}}