 

{"id":15601,"date":"2022-06-03T16:16:20","date_gmt":"2022-06-03T14:16:20","guid":{"rendered":"https:\/\/www.carrerivegauche.com\/boutique-crg\/une-paire-dhuiles-sur-panneau-la-cueillette-et-la-tarte-par-charles-lobbedez\/"},"modified":"2023-04-01T15:24:43","modified_gmt":"2023-04-01T13:24:43","slug":"une-paire-dhuiles-sur-panneau-la-cueillette-et-la-tarte-par-charles-lobbedez","status":"publish","type":"product","link":"https:\/\/www.carrerivegauche.com\/fr\/boutique-crg\/une-paire-dhuiles-sur-panneau-la-cueillette-et-la-tarte-par-charles-lobbedez\/","title":{"rendered":"Une paire d&rsquo;huiles sur panneau \u00ab\u00a0La cueillette et la Tarte\u00a0\u00bb par Charles LOBBEDEZ"},"content":{"rendered":"<p><\/p>\n","protected":false},"excerpt":{"rendered":"<p>LOBBEDEZ Charles Auguste Romain 1825-1882<\/p>\n<p>Peintres originaire de lille, de sujets all\u00e9goriques, sc\u00e8nes de genre, aquarelliste, dessinateur.<br \/>Des sujets d\u00e9licats et d&rsquo;une technique tr\u00e8s fine.<\/p>\n<p>Il fut l&rsquo;\u00e9l\u00e8ve de Souchon. Il d\u00e9buta au Salon de Paris en 1857<\/p>\n<p>MUSEES : Lille : Ugolin et ses enfants -All\u00e9gorie sur la d\u00e9fense de Lille en 1792- Ronde d&rsquo;enfants- plusieurs \u00e9tudes, Lille (MUS. Wicar) une dizaine de dessins.<\/p>\n<p>Se vend ensemble et s\u00e9par\u00e9ment<\/p>\n","protected":false},"featured_media":15586,"template":"","meta":[],"product_brand":[],"product_cat":[278],"product_tag":[],"class_list":{"0":"post-15601","1":"product","2":"type-product","3":"status-publish","4":"has-post-thumbnail","6":"product_cat-saint-martin","7":"description-off","9":"first","10":"instock","11":"shipping-taxable","12":"purchasable","13":"product-type-simple"},"aioseo_notices":[],"_links":{"self":[{"href":"https:\/\/www.carrerivegauche.com\/fr\/wp-json\/wp\/v2\/product\/15601","targetHints":{"allow":["GET"]}}],"collection":[{"href":"https:\/\/www.carrerivegauche.com\/fr\/wp-json\/wp\/v2\/product"}],"about":[{"href":"https:\/\/www.carrerivegauche.com\/fr\/wp-json\/wp\/v2\/types\/product"}],"wp:featuredmedia":[{"embeddable":true,"href":"https:\/\/www.carrerivegauche.com\/fr\/wp-json\/wp\/v2\/media\/15586"}],"wp:attachment":[{"href":"https:\/\/www.carrerivegauche.com\/fr\/wp-json\/wp\/v2\/media?parent=15601"}],"wp:term":[{"taxonomy":"product_brand","embeddable":true,"href":"https:\/\/www.carrerivegauche.com\/fr\/wp-json\/wp\/v2\/product_brand?post=15601"},{"taxonomy":"product_cat","embeddable":true,"href":"https:\/\/www.carrerivegauche.com\/fr\/wp-json\/wp\/v2\/product_cat?post=15601"},{"taxonomy":"product_tag","embeddable":true,"href":"https:\/\/www.carrerivegauche.com\/fr\/wp-json\/wp\/v2\/product_tag?post=15601"}],"curies":[{"name":"wp","href":"https:\/\/api.w.org\/{rel}","templated":true}]}}