 

{"id":15585,"date":"2022-06-03T16:12:23","date_gmt":"2022-06-03T14:12:23","guid":{"rendered":"https:\/\/www.carrerivegauche.com\/boutique-crg\/huile-sur-panneau-le-forum-a-rome-par-eugene-decan\/"},"modified":"2023-04-01T15:25:50","modified_gmt":"2023-04-01T13:25:50","slug":"huile-sur-panneau-le-forum-a-rome-par-eugene-decan","status":"publish","type":"product","link":"https:\/\/www.carrerivegauche.com\/fr\/boutique-crg\/huile-sur-panneau-le-forum-a-rome-par-eugene-decan\/","title":{"rendered":"Huile sur panneau, Le Forum \u00e0 Rome par Eug\u00e8ne DECAN"},"content":{"rendered":"<p>Ce tableau que\u00a0nous poss\u00e9dons\u00a0d\u2019Eug\u00e8ne\u00a0Decan, repr\u00e9sente le forum de Rome.\u00a0Il est d\u00e9dicac\u00e9 \u00e0 l\u2019un de ses amis.<\/p>\n<p>Nous ne savons pas\u00a0si le peintre \u00e0 effectu\u00e9 un s\u00e9jour \u00e0 Rome, mais l\u2019Italie\u00a0op\u00e8re un\u00a0v\u00e9ritable attrait sur les peintres depuis le\u00a017\u00e8me.<br \/>Les\u00a0peintres de l\u2019\u00e9poque, effectuent\u00a0\u00a0\u00ab\u00a0Le grand tour\u00a0\u00bb :\u00a0un\u00a0voyage initiatique europ\u00e9en,\u00a0des plus grandes civilisations antiques<\/p>\n<p>Une \u00e9tape indispensable de la formation artistique\u00a0:\u00a0observation et apprentissage selon les ma\u00eetres anciens\u2026<\/p>\n<p>Les \u0153uvres repr\u00e9sentant Rome,la\u00a0cit\u00e9 \u00e9ternelle, ou encore la Gr\u00e8ce ne\u00a0se d\u00e9mod\u00e8rent\u00a0jamais.<br \/>L\u2019Italie fut toujours, pour les peintres, un lieu de refuge, m\u00eame au 19eme si\u00e8cle.<\/p>\n","protected":false},"excerpt":{"rendered":"<p>DECAN Eug\u00e8ne (1829-1994)<br \/>est un peintre fran\u00e7ais, sp\u00e9cialis\u00e9 dans les paysages et aussi sculpteur \u00e0 ses heures perdues.<br \/>Form\u00e9 par L\u00e9on Cogniet, il d\u00e9buta au Salon, en 1848.<br \/>Ses oeuvre sosnt inspir\u00e9es de Daubigny et surtout de Corot avec lequel il travailla.<\/p>\n","protected":false},"featured_media":15582,"template":"","meta":[],"product_brand":[],"product_cat":[278],"product_tag":[],"class_list":{"0":"post-15585","1":"product","2":"type-product","3":"status-publish","4":"has-post-thumbnail","6":"product_cat-saint-martin","7":"description-off","9":"first","10":"instock","11":"shipping-taxable","12":"purchasable","13":"product-type-simple"},"aioseo_notices":[],"_links":{"self":[{"href":"https:\/\/www.carrerivegauche.com\/fr\/wp-json\/wp\/v2\/product\/15585","targetHints":{"allow":["GET"]}}],"collection":[{"href":"https:\/\/www.carrerivegauche.com\/fr\/wp-json\/wp\/v2\/product"}],"about":[{"href":"https:\/\/www.carrerivegauche.com\/fr\/wp-json\/wp\/v2\/types\/product"}],"wp:featuredmedia":[{"embeddable":true,"href":"https:\/\/www.carrerivegauche.com\/fr\/wp-json\/wp\/v2\/media\/15582"}],"wp:attachment":[{"href":"https:\/\/www.carrerivegauche.com\/fr\/wp-json\/wp\/v2\/media?parent=15585"}],"wp:term":[{"taxonomy":"product_brand","embeddable":true,"href":"https:\/\/www.carrerivegauche.com\/fr\/wp-json\/wp\/v2\/product_brand?post=15585"},{"taxonomy":"product_cat","embeddable":true,"href":"https:\/\/www.carrerivegauche.com\/fr\/wp-json\/wp\/v2\/product_cat?post=15585"},{"taxonomy":"product_tag","embeddable":true,"href":"https:\/\/www.carrerivegauche.com\/fr\/wp-json\/wp\/v2\/product_tag?post=15585"}],"curies":[{"name":"wp","href":"https:\/\/api.w.org\/{rel}","templated":true}]}}