 

{"id":15526,"date":"2022-06-02T14:11:19","date_gmt":"2022-06-02T12:11:19","guid":{"rendered":"https:\/\/www.carrerivegauche.com\/boutique-crg\/table-en-palissandre-dodecagone\/"},"modified":"2022-06-17T11:03:44","modified_gmt":"2022-06-17T09:03:44","slug":"table-en-palissandre-dodecagone","status":"publish","type":"product","link":"https:\/\/www.carrerivegauche.com\/fr\/boutique-crg\/table-en-palissandre-dodecagone\/","title":{"rendered":"Table en palissandre dod\u00e9cagone"},"content":{"rendered":"<p>Table in rosewood and exotic wood, chequered top with 2 decagon-shaped flaps, 2 side drawers, a spacer with a top in its centre. Turned legs.<\/p>\n<p>height 68.5 cm, width 83 cm, length 84 cm<\/p>\n","protected":false},"excerpt":{"rendered":"<p>Table en palissandre et bois exotique, plateau \u00e0 damier \u00e0 2 abattants de forme d\u00e9cagone, 2 tiroirs lat\u00e9raux, une entretoise avec une toupie en son centre. Jambages tourn\u00e9s.<br \/>hauteur 68.5 cm, largeur 83 cm, longueur 84 cm<\/p>\n","protected":false},"featured_media":15520,"template":"","meta":[],"product_brand":[],"product_cat":[220],"product_tag":[],"class_list":{"0":"post-15526","1":"product","2":"type-product","3":"status-publish","4":"has-post-thumbnail","6":"product_cat-pla","7":"description-off","9":"first","10":"instock","11":"shipping-taxable","12":"purchasable","13":"product-type-simple"},"aioseo_notices":[],"_links":{"self":[{"href":"https:\/\/www.carrerivegauche.com\/fr\/wp-json\/wp\/v2\/product\/15526","targetHints":{"allow":["GET"]}}],"collection":[{"href":"https:\/\/www.carrerivegauche.com\/fr\/wp-json\/wp\/v2\/product"}],"about":[{"href":"https:\/\/www.carrerivegauche.com\/fr\/wp-json\/wp\/v2\/types\/product"}],"wp:featuredmedia":[{"embeddable":true,"href":"https:\/\/www.carrerivegauche.com\/fr\/wp-json\/wp\/v2\/media\/15520"}],"wp:attachment":[{"href":"https:\/\/www.carrerivegauche.com\/fr\/wp-json\/wp\/v2\/media?parent=15526"}],"wp:term":[{"taxonomy":"product_brand","embeddable":true,"href":"https:\/\/www.carrerivegauche.com\/fr\/wp-json\/wp\/v2\/product_brand?post=15526"},{"taxonomy":"product_cat","embeddable":true,"href":"https:\/\/www.carrerivegauche.com\/fr\/wp-json\/wp\/v2\/product_cat?post=15526"},{"taxonomy":"product_tag","embeddable":true,"href":"https:\/\/www.carrerivegauche.com\/fr\/wp-json\/wp\/v2\/product_tag?post=15526"}],"curies":[{"name":"wp","href":"https:\/\/api.w.org\/{rel}","templated":true}]}}