 

{"id":15426,"date":"2022-06-01T17:38:59","date_gmt":"2022-06-01T15:38:59","guid":{"rendered":"https:\/\/www.carrerivegauche.com\/boutique-crg\/groupe-en-porcelaine-de-meissen-representant-lallegorie-de-lodorat-vers-1750-1755\/"},"modified":"2022-06-02T11:42:42","modified_gmt":"2022-06-02T09:42:42","slug":"groupe-en-porcelaine-de-meissen-representant-lallegorie-de-lodorat-vers-1750-1755","status":"publish","type":"product","link":"https:\/\/www.carrerivegauche.com\/fr\/boutique-crg\/groupe-en-porcelaine-de-meissen-representant-lallegorie-de-lodorat-vers-1750-1755\/","title":{"rendered":"Groupe en porcelaine de Meissen repr\u00e9sentant l&rsquo;all\u00e9gorie de l&rsquo;odorat. Vers 1750-1755."},"content":{"rendered":"<p><\/p>\n","protected":false},"excerpt":{"rendered":"<p class=\"MsoNormal\" style=\"margin: 0cm 43.85pt .0001pt 2.0cm\" data-mce-style=\"margin: 0cm 43.85pt .0001pt 2.0cm;\"><span class=\"MsoHyperlink\">Groupe en porcelaine de Meissen repr\u00e9sentant une all\u00e9gorie<br \/>des sens\u00a0: l\u2019odorat, repr\u00e9sent\u00e9 par une jeune femme debout drap\u00e9e portant<br \/>\u00e0 son nez une fleur de la main gauche, et prend de sa main droite une fleur<br \/>dans une corbeille reposant sur la t\u00eate d\u2019un enfant. Base rectangulaire<br \/>rocaille reposant sur quatre pieds.<\/span><\/p>\n<p class=\"MsoNormal\" style=\"margin: 0cm 43.85pt .0001pt 2.0cm\" data-mce-style=\"margin: 0cm 43.85pt .0001pt 2.0cm;\"><span class=\"MsoHyperlink\">Mod\u00e8le de J.J.Kandler et Eberlein.<\/span><\/p>\n<p class=\"MsoNormal\" style=\"margin: 0cm 43.85pt .0001pt 2.0cm\" data-mce-style=\"margin: 0cm 43.85pt .0001pt 2.0cm;\"><span class=\"MsoHyperlink\">Allemagne, Saxe, Meissen.<\/span><\/p>\n<p class=\"MsoNormal\" style=\"margin: 0cm 43.85pt .0001pt 2.0cm\" data-mce-style=\"margin: 0cm 43.85pt .0001pt 2.0cm;\"><span class=\"MsoHyperlink\">Vers 1750-1755. Milieu du XVIIIe si\u00e8cle.<\/span><\/p>\n<p class=\"MsoNormal\" style=\"margin: 0cm 43.85pt .0001pt 2.0cm\" data-mce-style=\"margin: 0cm 43.85pt .0001pt 2.0cm;\"><span class=\"MsoHyperlink\">Hauteur\u00a0: 28,4 cm<\/span><\/p>\n<p class=\"MsoNormal\" style=\"margin: 0cm 43.85pt .0001pt 2.0cm\" data-mce-style=\"margin: 0cm 43.85pt .0001pt 2.0cm;\"><span class=\"MsoHyperlink\"><i>Quelques \u00e9grenures et usures.<\/i><\/span><\/p>\n<p><!-- [if gte mso 9]&gt;--><\/p>\n<p><!-- [if gte mso 9]&gt;--><\/p>\n<p>Normal<br \/>0<\/p>\n<p>21<\/p>\n<p>false<br \/>false<br \/>false<\/p>\n<p>FR<br \/>X-NONE<br \/>X-NONE<\/p>\n<p><!-- [if gte mso 9]&gt;--><\/p>\n<p><!-- [if gte mso 10]&gt;--><\/p>\n<p>\/* Style Definitions *\/<br \/>table.MsoNormalTable<br \/>{mso-style-name:\u00a0\u00bbTableau Normal\u00a0\u00bb;<br \/>mso-tstyle-rowband-size:0;<br \/>mso-tstyle-colband-size:0;<br \/>mso-style-noshow:yes;<br \/>mso-style-priority:99;<br \/>mso-style-parent:\u00a0\u00bb\u00a0\u00bb;<br \/>mso-padding-alt:0cm 5.4pt 0cm 5.4pt;<br \/>mso-para-margin-top:0cm;<br \/>mso-para-margin-right:0cm;<br \/>mso-para-margin-bottom:8.0pt;<br \/>mso-para-margin-left:0cm;<br \/>line-height:107%;<br \/>mso-pagination:widow-orphan;<br \/>font-size:11.0pt;<br \/>font-family:\u00a0\u00bbCalibri\u00a0\u00bb,sans-serif;<br \/>mso-ascii-font-family:Calibri;<br \/>mso-ascii-theme-font:minor-latin;<br \/>mso-hansi-font-family:Calibri;<br \/>mso-hansi-theme-font:minor-latin;<br \/>mso-bidi-font-family:\u00a0\u00bbTimes New Roman\u00a0\u00bb;<br \/>mso-bidi-theme-font:minor-bidi;<br \/>mso-fareast-language:EN-US;}<\/p>\n","protected":false},"featured_media":15423,"template":"","meta":[],"product_brand":[],"product_cat":[239],"product_tag":[],"class_list":{"0":"post-15426","1":"product","2":"type-product","3":"status-publish","4":"has-post-thumbnail","6":"product_cat-bealu","7":"description-off","9":"first","10":"instock","11":"shipping-taxable","12":"purchasable","13":"product-type-simple"},"aioseo_notices":[],"_links":{"self":[{"href":"https:\/\/www.carrerivegauche.com\/fr\/wp-json\/wp\/v2\/product\/15426","targetHints":{"allow":["GET"]}}],"collection":[{"href":"https:\/\/www.carrerivegauche.com\/fr\/wp-json\/wp\/v2\/product"}],"about":[{"href":"https:\/\/www.carrerivegauche.com\/fr\/wp-json\/wp\/v2\/types\/product"}],"wp:featuredmedia":[{"embeddable":true,"href":"https:\/\/www.carrerivegauche.com\/fr\/wp-json\/wp\/v2\/media\/15423"}],"wp:attachment":[{"href":"https:\/\/www.carrerivegauche.com\/fr\/wp-json\/wp\/v2\/media?parent=15426"}],"wp:term":[{"taxonomy":"product_brand","embeddable":true,"href":"https:\/\/www.carrerivegauche.com\/fr\/wp-json\/wp\/v2\/product_brand?post=15426"},{"taxonomy":"product_cat","embeddable":true,"href":"https:\/\/www.carrerivegauche.com\/fr\/wp-json\/wp\/v2\/product_cat?post=15426"},{"taxonomy":"product_tag","embeddable":true,"href":"https:\/\/www.carrerivegauche.com\/fr\/wp-json\/wp\/v2\/product_tag?post=15426"}],"curies":[{"name":"wp","href":"https:\/\/api.w.org\/{rel}","templated":true}]}}