 

{"id":15403,"date":"2022-05-31T18:04:25","date_gmt":"2022-05-31T16:04:25","guid":{"rendered":"https:\/\/www.carrerivegauche.com\/boutique-crg\/une-tete-en-pierre-eveque-14eme-siecle\/"},"modified":"2022-06-02T11:41:35","modified_gmt":"2022-06-02T09:41:35","slug":"une-tete-en-pierre-eveque-14eme-siecle","status":"publish","type":"product","link":"https:\/\/www.carrerivegauche.com\/fr\/boutique-crg\/une-tete-en-pierre-eveque-14eme-siecle\/","title":{"rendered":"Une t\u00eate en pierre, Ev\u00eaque, 14\u00e8me si\u00e8cle"},"content":{"rendered":"<p><\/p>\n","protected":false},"excerpt":{"rendered":"<p style=\"margin: 0px;padding: 0px 0px 1em;border: 0px;font-size: 14px;vertical-align: baseline;background-image: initial;background-position: initial;background-size: initial;background-attachment: initial;font-family: Poppins, Helvetica, Arial, Lucida, sans-serif\" data-mce-style=\"margin: 0px; padding: 0px 0px 1em; border: 0px; font-size: 14px; vertical-align: baseline; background-image: initial; background-position: initial; background-size: initial; background-attachment: initial; font-family: Poppins, Helvetica, Arial, Lucida, sans-serif;\"><span id=\"p27\" style=\"margin: 0px;padding: 0px;border: 0px;vertical-align: baseline;background: transparent\" data-mce-style=\"margin: 0px; padding: 0px; border: 0px; vertical-align: baseline; background: transparent;\">Tr\u00e8s belle t\u00eate d\u2019\u00e9v\u00eaque,\u00a0<span id=\"35\" style=\"margin: 0px;padding: 0px;border: 0px;vertical-align: baseline;background: transparent\" data-mce-style=\"margin: 0px; padding: 0px; border: 0px; vertical-align: baseline; background: transparent;\">14\u00e8me<\/span><span id=\"36\" style=\"margin: 0px;padding: 0px;border: 0px;vertical-align: baseline;background: transparent\" data-mce-style=\"margin: 0px; padding: 0px; border: 0px; vertical-align: baseline; background: transparent;\">\u00a0.<\/span><\/span><span id=\"p28\" style=\"margin: 0px;padding: 0px;border: 0px;vertical-align: baseline;background: transparent\" data-mce-style=\"margin: 0px; padding: 0px; border: 0px; vertical-align: baseline; background: transparent;\">\u00a0<\/span><\/p>\n<p style=\"margin: 0px;padding: 0px;border: 0px;font-size: 14px;vertical-align: baseline;background-image: initial;background-position: initial;background-size: initial;background-attachment: initial;font-family: Poppins, Helvetica, Arial, Lucida, sans-serif\" data-mce-style=\"margin: 0px; padding: 0px; border: 0px; font-size: 14px; vertical-align: baseline; background-image: initial; background-position: initial; background-size: initial; background-attachment: initial; font-family: Poppins, Helvetica, Arial, Lucida, sans-serif;\"><span id=\"p29\" style=\"margin: 0px;padding: 0px;border: 0px;vertical-align: baseline;background: transparent\" data-mce-style=\"margin: 0px; padding: 0px; border: 0px; vertical-align: baseline; background: transparent;\">Tr\u00e8s belle expression du visage.<\/span><span id=\"p30\" style=\"margin: 0px;padding: 0px;border: 0px;vertical-align: baseline;background: transparent\" data-mce-style=\"margin: 0px; padding: 0px; border: 0px; vertical-align: baseline; background: transparent;\">\u00a0<\/span><br \/><span id=\"p32\" style=\"margin: 0px;padding: 0px;border: 0px;vertical-align: baseline;background: transparent\" data-mce-style=\"margin: 0px; padding: 0px; border: 0px; vertical-align: baseline; background: transparent;\">La mitre\u00a0<span id=\"p38\" style=\"margin: 0px;padding: 0px;border: 0px;vertical-align: baseline;background: transparent\" data-mce-style=\"margin: 0px; padding: 0px; border: 0px; vertical-align: baseline; background: transparent;\">(le couvre-chef de l\u2019\u00e9v\u00eaque depuis le premier temps des chr\u00e9tiens)<\/span>\u00a0est superbement trait\u00e9e.<\/span><span id=\"p33\" style=\"margin: 0px;padding: 0px;border: 0px;vertical-align: baseline;background: transparent\" data-mce-style=\"margin: 0px; padding: 0px; border: 0px; vertical-align: baseline; background: transparent;\">\u00a0<\/span><br \/><span id=\"p34\" style=\"margin: 0px;padding: 0px;border: 0px;vertical-align: baseline;background: transparent\" data-mce-style=\"margin: 0px; padding: 0px; border: 0px; vertical-align: baseline; background: transparent;\">Des manques\u00a0<\/span><\/p>\n","protected":false},"featured_media":15361,"template":"","meta":[],"product_brand":[],"product_cat":[278],"product_tag":[],"class_list":{"0":"post-15403","1":"product","2":"type-product","3":"status-publish","4":"has-post-thumbnail","6":"product_cat-saint-martin","7":"description-off","9":"first","10":"instock","11":"shipping-taxable","12":"purchasable","13":"product-type-simple"},"aioseo_notices":[],"_links":{"self":[{"href":"https:\/\/www.carrerivegauche.com\/fr\/wp-json\/wp\/v2\/product\/15403","targetHints":{"allow":["GET"]}}],"collection":[{"href":"https:\/\/www.carrerivegauche.com\/fr\/wp-json\/wp\/v2\/product"}],"about":[{"href":"https:\/\/www.carrerivegauche.com\/fr\/wp-json\/wp\/v2\/types\/product"}],"wp:featuredmedia":[{"embeddable":true,"href":"https:\/\/www.carrerivegauche.com\/fr\/wp-json\/wp\/v2\/media\/15361"}],"wp:attachment":[{"href":"https:\/\/www.carrerivegauche.com\/fr\/wp-json\/wp\/v2\/media?parent=15403"}],"wp:term":[{"taxonomy":"product_brand","embeddable":true,"href":"https:\/\/www.carrerivegauche.com\/fr\/wp-json\/wp\/v2\/product_brand?post=15403"},{"taxonomy":"product_cat","embeddable":true,"href":"https:\/\/www.carrerivegauche.com\/fr\/wp-json\/wp\/v2\/product_cat?post=15403"},{"taxonomy":"product_tag","embeddable":true,"href":"https:\/\/www.carrerivegauche.com\/fr\/wp-json\/wp\/v2\/product_tag?post=15403"}],"curies":[{"name":"wp","href":"https:\/\/api.w.org\/{rel}","templated":true}]}}