 

{"id":15039,"date":"2022-05-11T17:17:25","date_gmt":"2022-05-11T15:17:25","guid":{"rendered":"https:\/\/www.carrerivegauche.com\/boutique-crg\/aquarelle-scene-orienatale-par-eugene-villon\/"},"modified":"2023-04-01T15:32:33","modified_gmt":"2023-04-01T13:32:33","slug":"aquarelle-scene-orienatale-par-eugene-villon","status":"publish","type":"product","link":"https:\/\/www.carrerivegauche.com\/fr\/boutique-crg\/aquarelle-scene-orienatale-par-eugene-villon\/","title":{"rendered":"Aquarelle, Sc\u00e8ne orienatale par Eug\u00e8ne VILLON"},"content":{"rendered":"<p>Eug\u00e8ne VILLON (1878-1951)<br \/>N\u00e9 \u00e0 La Haye d\u2019un p\u00e8re fran\u00e7ais et d\u2019une m\u00e8re hollandaise, Eug\u00e8ne Villon vit d\u2019abord en Hollande o\u00f9 il \u00e9tudie la peinture et le dessin.<br \/>Avec sa m\u00e8re, ils s&rsquo;installent ensuite \u00e0 Nice ou il suit \u00e0 l\u2019\u00e9cole des beaux-arts.<\/p>\n","protected":false},"excerpt":{"rendered":"<p>Il s\u2019installe \u00e0 Lyon vers 1900, fait de la retouche photographique et s&rsquo;adonne \u00e9galement \u00e0 l&rsquo;aquarelle.<br \/>Il met au point un proc\u00e9d\u00e9 d\u2019ex\u00e9cution qui lui permet de donner \u00e0 ses \u0153uvres de peinture \u00e0 l\u2019eau la puissance de l\u2019huile. Eug\u00e8ne Villon fait de l&rsquo;aquarelle sa mati\u00e8re ; il sait ma\u00eetriser les effets, retrouve les transparences.<\/p>\n<p>Il s\u00e9journe au Maghreb o\u00f9 il s&rsquo;illustre dans l&rsquo;\u00e9vocation des souks et mosqu\u00e9es.<\/p>\n<p>Eug\u00e8ne Villon est connu \u00e0 Lyon mais aussi dans les nombreuses villes d&rsquo;Europe o\u00f9 il se rend pour travailler : Amsterdam, Bruxelles, Bruges, Strasbourg, Venise, Nice,\u00a0 Afrique du Nord<br \/>Eug\u00e8ne Villon part aussi pour Paris o\u00f9 il expose pour la premi\u00e8re fois au Salon des artistes fran\u00e7ais en 1907, dont il devient membre associ\u00e9.<\/p>\n<p>Eug\u00e8ne Villon, officier de l&rsquo;Instruction publique et officier d&rsquo;Acad\u00e9mie, est nomm\u00e9 chevalier de la L\u00e9gion d\u2019honneur en 1937.<br \/>Cette d\u00e9coration lui est remise par le pr\u00e9sident Albert Lebrun. La critique peut alors \u00e9crire sous la plume de J. Etievant : \u00ab Je ne crois pas qu\u2019un artiste soit \u00e0 ce point aussi pr\u00e8s que lui de la ma\u00eetrise absolue et de la perfection\u00a0\u00bb<\/p>\n","protected":false},"featured_media":15027,"template":"","meta":[],"product_brand":[],"product_cat":[278],"product_tag":[],"class_list":{"0":"post-15039","1":"product","2":"type-product","3":"status-publish","4":"has-post-thumbnail","6":"product_cat-saint-martin","7":"description-off","9":"first","10":"instock","11":"shipping-taxable","12":"purchasable","13":"product-type-simple"},"aioseo_notices":[],"_links":{"self":[{"href":"https:\/\/www.carrerivegauche.com\/fr\/wp-json\/wp\/v2\/product\/15039","targetHints":{"allow":["GET"]}}],"collection":[{"href":"https:\/\/www.carrerivegauche.com\/fr\/wp-json\/wp\/v2\/product"}],"about":[{"href":"https:\/\/www.carrerivegauche.com\/fr\/wp-json\/wp\/v2\/types\/product"}],"wp:featuredmedia":[{"embeddable":true,"href":"https:\/\/www.carrerivegauche.com\/fr\/wp-json\/wp\/v2\/media\/15027"}],"wp:attachment":[{"href":"https:\/\/www.carrerivegauche.com\/fr\/wp-json\/wp\/v2\/media?parent=15039"}],"wp:term":[{"taxonomy":"product_brand","embeddable":true,"href":"https:\/\/www.carrerivegauche.com\/fr\/wp-json\/wp\/v2\/product_brand?post=15039"},{"taxonomy":"product_cat","embeddable":true,"href":"https:\/\/www.carrerivegauche.com\/fr\/wp-json\/wp\/v2\/product_cat?post=15039"},{"taxonomy":"product_tag","embeddable":true,"href":"https:\/\/www.carrerivegauche.com\/fr\/wp-json\/wp\/v2\/product_tag?post=15039"}],"curies":[{"name":"wp","href":"https:\/\/api.w.org\/{rel}","templated":true}]}}