 

{"id":14849,"date":"2022-04-13T15:44:30","date_gmt":"2022-04-13T13:44:30","guid":{"rendered":"https:\/\/www.carrerivegauche.com\/boutique-crg\/le-roy-foullet-cartel-dapplique-en-bronze-dore-vers-1770\/"},"modified":"2022-04-19T10:57:35","modified_gmt":"2022-04-19T08:57:35","slug":"le-roy-foullet-cartel-dapplique-en-bronze-dore-vers-1770","status":"publish","type":"product","link":"https:\/\/www.carrerivegauche.com\/fr\/boutique-crg\/le-roy-foullet-cartel-dapplique-en-bronze-dore-vers-1770\/","title":{"rendered":"LE ROY &#8211; FOULLET. CARTEL D&rsquo;APPLIQUE EN BRONZE DOR\u00c9 VERS 1770"},"content":{"rendered":"<p><br data-mce-bogus=\"1\"><\/p>\n","protected":false},"excerpt":{"rendered":"<p>LE ROY ET FOULLET. CARTEL A GUIRLANDES ET VASE GOUT GREC VERS 1770<br \/>Le cadran sign\u00e9 LE ROY \/ A PARIS<br \/>Bronze cisel\u00e9 et dor\u00e9, cuivre \u00e9maill\u00e9, laiton et acier<br \/>PARIS VERS 1770<br \/>Hauteur : 73 cm, Largeur : 35 cm<\/p>\n<p>\u00a9 galerie philippe guegan<\/p>\n<p>______________________________<\/p>\n<p><em>LE ROY &#8211; FOULLET. A LATE LOUIS XV CHASED AND GILDED BRONZE WALL CLOCK<br \/><\/em><em><em>The dial signed LE ROY A PARIS<\/em><\/em><br \/><em>PARIS BY 1770<\/em><br \/>28,74in. high, 13,78 in. wide<\/p><\/p>\n","protected":false},"featured_media":14828,"template":"","meta":[],"product_brand":[],"product_cat":[259],"product_tag":[],"class_list":{"0":"post-14849","1":"product","2":"type-product","3":"status-publish","4":"has-post-thumbnail","6":"product_cat-guegan","7":"description-off","9":"first","10":"instock","11":"shipping-taxable","12":"purchasable","13":"product-type-simple"},"aioseo_notices":[],"_links":{"self":[{"href":"https:\/\/www.carrerivegauche.com\/fr\/wp-json\/wp\/v2\/product\/14849","targetHints":{"allow":["GET"]}}],"collection":[{"href":"https:\/\/www.carrerivegauche.com\/fr\/wp-json\/wp\/v2\/product"}],"about":[{"href":"https:\/\/www.carrerivegauche.com\/fr\/wp-json\/wp\/v2\/types\/product"}],"wp:featuredmedia":[{"embeddable":true,"href":"https:\/\/www.carrerivegauche.com\/fr\/wp-json\/wp\/v2\/media\/14828"}],"wp:attachment":[{"href":"https:\/\/www.carrerivegauche.com\/fr\/wp-json\/wp\/v2\/media?parent=14849"}],"wp:term":[{"taxonomy":"product_brand","embeddable":true,"href":"https:\/\/www.carrerivegauche.com\/fr\/wp-json\/wp\/v2\/product_brand?post=14849"},{"taxonomy":"product_cat","embeddable":true,"href":"https:\/\/www.carrerivegauche.com\/fr\/wp-json\/wp\/v2\/product_cat?post=14849"},{"taxonomy":"product_tag","embeddable":true,"href":"https:\/\/www.carrerivegauche.com\/fr\/wp-json\/wp\/v2\/product_tag?post=14849"}],"curies":[{"name":"wp","href":"https:\/\/api.w.org\/{rel}","templated":true}]}}