 

{"id":14785,"date":"2022-04-09T17:28:55","date_gmt":"2022-04-09T15:28:55","guid":{"rendered":"https:\/\/www.carrerivegauche.com\/boutique-crg\/cabinet-dapparat-en-ecaille-de-tortue-anvers-epoque-louis-xiv\/"},"modified":"2022-04-11T09:21:52","modified_gmt":"2022-04-11T07:21:52","slug":"cabinet-dapparat-en-ecaille-de-tortue-anvers-epoque-louis-xiv","status":"publish","type":"product","link":"https:\/\/www.carrerivegauche.com\/fr\/boutique-crg\/cabinet-dapparat-en-ecaille-de-tortue-anvers-epoque-louis-xiv\/","title":{"rendered":"Cabinet d&rsquo;apparat en \u00e9caille de tortue, Anvers, \u00e9poque Louis XIV"},"content":{"rendered":"<p>Notre cabinet d&rsquo;apparat de forme rectangulaire pr\u00e9sente une fa\u00e7ade de palais con\u00e7ue suivant les mod\u00e8les d&rsquo;architecture classique.<\/p>\n<p>Il ouvre par douze tiroirs, deux portes, une tablette \u00e9critoire et deux tiroirs en ceinture.<\/p>\n<p>Chaque tiroir est orn\u00e9 de cabochon d&rsquo;\u00e9caille dans une cartouche de bronze ouvrag\u00e9, encadr\u00e9 de rectangle en placage d&rsquo;\u00e9caille, soulign\u00e9 par double filet d&rsquo;ivoire et d\u2019\u00e9b\u00e8ne et des moulures ond\u00e9es.<\/p>\n<p>Le tiroir du haut qui prend la forme d&rsquo;un fronton comporte la balustrade sur fond de miroir dont les deux extr\u00e9mit\u00e9s sont couronn\u00e9es de chevaux ail\u00e9s en bronze dor\u00e9s.<\/p>\n<p>Il re\u00e7oit au centre un ornement en forme de lions et de chim\u00e8res affront\u00e9s, r\u00e9unis autour d&rsquo;un blason.<\/p>\n<p>Les portes centrales flanqu\u00e9es de colonnes doubles, telles les portes d&rsquo;un palais nous r\u00e9v\u00e8lent un th\u00e9\u00e2tre int\u00e9rieur: sous une vo\u00fbte c\u00e9leste au ciel nocturne parsem\u00e9 d&rsquo;\u00e9toiles et d&rsquo;un croissant de lune, un espace compos\u00e9 de miroirs et de niches altern\u00e9es par\u00a0des demi colonnes en bois sculpt\u00e9 et dor\u00e9.<\/p>\n<p>Le sol en damier de pi\u00e8ces d&rsquo;ivoire et d\u2019\u00e9cailles de tortues re\u00e7oit trois petits miroirs.<\/p>\n<p>Le revers de la porte est d\u00e9cor\u00e9 d&rsquo;une rosace en ivoire sur fond d&rsquo;\u00e9caille inscrite dans un encadrement d\u2019amarante, palissandre, positionn\u00e9 au centre d&rsquo;un d\u00e9cor g\u00e9om\u00e9trique form\u00e9 d\u2019e rectangles d&rsquo;amarante sur fond d\u2019\u00e9b\u00e8ne<\/p>\n<p>Les miroirs dans les th\u00e9\u00e2tres des cabinets du XVIIeme si\u00e8cle servent a capter la lumi\u00e8re venant de l\u2019ext\u00e9rieur pour la refl\u00e9ter a l\u2019int\u00e9rieur. Ces astuces des \u00e9b\u00e9nistes permettaient d&rsquo;\u00e9clairer les statuettes ou objets que l&rsquo;on exposait \u00e0 l&rsquo;int\u00e9rieur.<\/p>\n<p>Meuble de collectionneur par excellence, ce cabinet d&rsquo;apparat avait \u00e9galement un r\u00f4le de repr\u00e9sentation et refl\u00e9tait la richesse de son propri\u00e9taire. Install\u00e9 dans les pi\u00e8ces de r\u00e9ception afin d\u2019\u00e9merveiller les visiteurs, son contenu \u00e9tant s\u00e9curis\u00e9 \u00e0 l&rsquo;int\u00e9rieur gr\u00e2ce aux serrures des tiroirs et les portes du milieu ferm\u00e9es a cl\u00e9s.<\/p>\n<p>Le d\u00e9cor complexe, form\u00e9 par l&rsquo;utilisation de cabochon d&rsquo;\u00e9caille et d&rsquo;un encadrement de bronze ajour\u00e9 permet de donner a ce meuble aux lignes strictes des galbes \u00e9l\u00e9gantes et un aspect mouvement\u00e9. Ces formes inventives et rythm\u00e9es associ\u00e9es a la transparence et la brillance de l&rsquo;\u00e9caille sur fond rouge, le raffinement des \u00e9l\u00e9ments en bronze dor\u00e9 en font un meuble dont l&rsquo;apparence se rapproche d&rsquo;un bijou grand format.<\/p>\n<p>Anvers, \u00e9poque Louis XIV, XVII\u00e8me si\u00e8cle<\/p>\n<p>Tr\u00e8s bel \u00e9tat de conservation, serrures d&rsquo;origine. Les int\u00e9rieurs de tiroirs en ch\u00eane.<\/p>\n<p>Il repose sur un pi\u00e9tement post\u00e9rieur compos\u00e9 de six gaines r\u00e9unies par une tablette, en placage d\u2019\u00e9b\u00e8ne orn\u00e9 de rectangles d&rsquo;\u00e9caille de tortue, soulign\u00e9s de filets d&rsquo;ivoire.<\/p>\n<p>Dimensions:<\/p>\n<p>Hauteur : 184 cm, largeur : 140 cm, profondeur : 52 cm<\/p>\n","protected":false},"excerpt":{"rendered":"<p><\/p>\n","protected":false},"featured_media":14782,"template":"","meta":[],"product_brand":[],"product_cat":[301],"product_tag":[],"class_list":{"0":"post-14785","1":"product","2":"type-product","3":"status-publish","4":"has-post-thumbnail","6":"product_cat-lente","7":"description-off","9":"first","10":"instock","11":"shipping-taxable","12":"purchasable","13":"product-type-simple"},"aioseo_notices":[],"_links":{"self":[{"href":"https:\/\/www.carrerivegauche.com\/fr\/wp-json\/wp\/v2\/product\/14785","targetHints":{"allow":["GET"]}}],"collection":[{"href":"https:\/\/www.carrerivegauche.com\/fr\/wp-json\/wp\/v2\/product"}],"about":[{"href":"https:\/\/www.carrerivegauche.com\/fr\/wp-json\/wp\/v2\/types\/product"}],"wp:featuredmedia":[{"embeddable":true,"href":"https:\/\/www.carrerivegauche.com\/fr\/wp-json\/wp\/v2\/media\/14782"}],"wp:attachment":[{"href":"https:\/\/www.carrerivegauche.com\/fr\/wp-json\/wp\/v2\/media?parent=14785"}],"wp:term":[{"taxonomy":"product_brand","embeddable":true,"href":"https:\/\/www.carrerivegauche.com\/fr\/wp-json\/wp\/v2\/product_brand?post=14785"},{"taxonomy":"product_cat","embeddable":true,"href":"https:\/\/www.carrerivegauche.com\/fr\/wp-json\/wp\/v2\/product_cat?post=14785"},{"taxonomy":"product_tag","embeddable":true,"href":"https:\/\/www.carrerivegauche.com\/fr\/wp-json\/wp\/v2\/product_tag?post=14785"}],"curies":[{"name":"wp","href":"https:\/\/api.w.org\/{rel}","templated":true}]}}