 

{"id":14778,"date":"2022-04-09T17:11:30","date_gmt":"2022-04-09T15:11:30","guid":{"rendered":"https:\/\/www.carrerivegauche.com\/boutique-crg\/portrait-de-marie-louise-dorleans-attribue-a-pierre-mignard\/"},"modified":"2022-04-11T09:22:07","modified_gmt":"2022-04-11T07:22:07","slug":"portrait-de-marie-louise-dorleans-attribue-a-pierre-mignard","status":"publish","type":"product","link":"https:\/\/www.carrerivegauche.com\/fr\/boutique-crg\/portrait-de-marie-louise-dorleans-attribue-a-pierre-mignard\/","title":{"rendered":"Portrait de Marie-Louise d\u2019Orl\u00e9ans, attribu\u00e9 a Pierre Mignard"},"content":{"rendered":"<p>La princesse est portraitur\u00e9e \u00e0 mi-jambes, assise dans un fauteuil, le corps tourn\u00e9 vers la droite.<br \/>Port de t\u00eate droit, regardant le spectateur en face, le bras droit s\u2019appuie sur l\u2019accoudoir tandis que dans la main droite elle tient un pavot.<br \/>Ses cheveux ch\u00e2tains sont tress\u00e9s, boucl\u00e9s, certaines m\u00e8ches r\u00e9unies au milieu au-dessus du front et retenus par un bijou et nou\u00e9s par plusieurs rangs de perles.<br \/>Les paupi\u00e8res l\u00e9g\u00e8rement tombantes, nez aquilin, bouche menue et menton pointu, joues creuses aux pommettes saillantes; les traits bourboniens de la jeune femme rappellent beaucoup ceux de son p\u00e8re, Monsieur, fr\u00e8re du roi.<br \/>Elle est v\u00eatue d\u2019une robe de velours bleu brod\u00e9 d\u2019or dont les manches relev\u00e9s, retenus par des bracelets d\u2019or et pierre pr\u00e9cieuses, d\u00e9voilent la dentelle blanche de son chemisier. La robe est\u00a0attach\u00e9e sur la poitrine par les fermoirs d\u2019or aux saphirs et rubis ench\u00e2ss\u00e9s.<\/p>\n<p>Les \u00e9toffes de sa robe \u00e9cart\u00e9es r\u00e9v\u00e8lent une jupe de satin brod\u00e9 d\u2019or dont l\u2019effet scintillant contraste avec des lourdes draperies de velours bleu.<br \/>A sa droite un entablement couvert de velours cramoisi sur lequel est pos\u00e9e une corbeille d\u2019osier remplie de fleurs.<br \/>Admirablement rendue, toute la majest\u00e9 de cette mise en sc\u00e8ne th\u00e9\u00e2trale accentue le statut princier du mod\u00e8le.<br \/>Le fauteuil \u00e0 dossier haut tapiss\u00e9 de velours cramoisi frang\u00e9 de fils d\u2019or, aux accoudoirs en crosse de bois dor\u00e9, les \u00e9toffes nobles, les bijoux somptueux sont autant de signes caract\u00e9ristiques des portraits d\u2019apparat en vogue \u00e0 la cour de France .<br \/>Le visage de la princesse se distingue au milieu de cette exub\u00e9rance par sa gravit\u00e9 m\u00e9ditative empreinte d\u2019une certaine m\u00e9lancolie.<\/p>\n<p>Attribu\u00e9 \u00e0 Pierre Mignard, vers 1680<\/p>\n<p>Huile sur toile, dimensions : h. 128 cm, l. 96 cm<br \/>Cadre en bois dor\u00e9 de style Louis XIV pr\u00e9sentant un cartel \u00ab Pierre Mignard \u00bb<br \/>Dimensions avec cadre : h. 145 cm, l. 128 cm<\/p>\n<p>Pierre Mignard, peintre du roi a ex\u00e9cut\u00e9 de nombreux portraits de la famille royale et noblesse de France. M\u00ealant rigueur et retenue h\u00e9rit\u00e9es de Philippe de Champaigne, le classicisme r\u00e9gnant de Charles le Brun, Pierre Mignard apporte dans ses \u0153uvres de la douceur et d\u00e9licatesse.<br \/>Notre portrait s\u2019inscrit dans l&rsquo;histoire de l&rsquo;\u0153uvre de l&rsquo;artiste, il est en lien direct avec les tableaux qui ont \u00e9t\u00e9 peints \u00e0 la m\u00eame p\u00e9riode traduisant parfaitement les enjeux de cette \u00e9poque.<\/p>\n<p>\u0152uvres en rapport :<\/p>\n<p>Les princesses portraitur\u00e9es dans des poses similaires assises dans leur fauteuil avec cette coiffure singuli\u00e8re, absente chez les autres peintres :<\/p>\n<p>&#8211; Portrait de la famille du Grand Dauphin, 1687 (Ch\u00e2teau de Versailles, MV 1835)<br \/>&#8211; Portrait de famille de Jacques II, roi d\u2019Angleterre d\u00e9chu, 1694 (modello, Palace of Holyroodhouse, Royaume Uni), nous retrouvons un fauteuil identique qui accueille la reine Marie de Modene dans une attitude tr\u00e8s similaire.<\/p>\n<p>Nous retrouvons \u00e9galement cette coiffure singuli\u00e8re :<br \/>&#8211; Marquise de Seignelay et ses deux fils, National Galery, Londres<br \/>&#8211; Portrait de Catherine-Marguerite Mignard, Comtesse de Feuqui\u00e8res, (Ch\u00e2teau de Versailles, MV 3677)<\/p>\n<p>Pierre Mignard<br \/>Peintre fran\u00e7ais (Troyes 1612-Paris 1695). \u00c9l\u00e8ve de Vouet, il travailla en Italie, \u00e0 Rome surtout, de 1635 \u00e0 1657, avant de rejoindre Paris sur la demande de Louis XIV ; il ex\u00e9cuta alors plusieurs commandes, telle la coupole du Val-de-Gr\u00e2ce (1663). Portraitiste r\u00e9put\u00e9, il sut flatter le mod\u00e8le, mais aussi m\u00ealer l&rsquo;expression \u00e0 la gr\u00e2ce dans des tons clairs et frais, \u00e0 l&rsquo;oppos\u00e9 de la majest\u00e9 de Le Brun. \u00c0 la mort de son rival (1690), il lui succ\u00e9da comme premier peintre du roi et directeur de la manufacture des Gobelins. Il a ex\u00e9cut\u00e9 des nombreux portraits de Louis XIV.<\/p>\n<p>Marie-Louise d&rsquo;Orl\u00e9ans, dite \u00ab Mademoiselle d&rsquo;Orl\u00e9ans \u00bb ou simplement \u00ab Mademoiselle \u00bb1 est une princesse fran\u00e7aise, n\u00e9e le 26 mars 1662 \u00e0 Paris et morte le 12 f\u00e9vrier 1689 \u00e0 Madrid. Elle fut reine d&rsquo;Espagne, de Sicile et de Naples, duchesse de Bourgogne, de Milan, de Brabant, de Luxembourg et de Limbourg et comtesse de Flandre et de Hainaut par son mariage avec le dernier roi issu de la branche espagnole de la maison de Habsbourg, Charles II.<\/p>\n","protected":false},"excerpt":{"rendered":"<p>Imposant portrait pr\u00e9sum\u00e9 de Marie-Louise d\u2019Orleans, fille de Philippe d\u2019Orleans et d\u2019Henriette de France, ni\u00e8ce de Louis XIV.<\/p>\n","protected":false},"featured_media":14779,"template":"","meta":[],"product_brand":[],"product_cat":[301],"product_tag":[],"class_list":{"0":"post-14778","1":"product","2":"type-product","3":"status-publish","4":"has-post-thumbnail","6":"product_cat-lente","7":"description-off","9":"first","10":"instock","11":"shipping-taxable","12":"purchasable","13":"product-type-simple"},"aioseo_notices":[],"_links":{"self":[{"href":"https:\/\/www.carrerivegauche.com\/fr\/wp-json\/wp\/v2\/product\/14778","targetHints":{"allow":["GET"]}}],"collection":[{"href":"https:\/\/www.carrerivegauche.com\/fr\/wp-json\/wp\/v2\/product"}],"about":[{"href":"https:\/\/www.carrerivegauche.com\/fr\/wp-json\/wp\/v2\/types\/product"}],"wp:featuredmedia":[{"embeddable":true,"href":"https:\/\/www.carrerivegauche.com\/fr\/wp-json\/wp\/v2\/media\/14779"}],"wp:attachment":[{"href":"https:\/\/www.carrerivegauche.com\/fr\/wp-json\/wp\/v2\/media?parent=14778"}],"wp:term":[{"taxonomy":"product_brand","embeddable":true,"href":"https:\/\/www.carrerivegauche.com\/fr\/wp-json\/wp\/v2\/product_brand?post=14778"},{"taxonomy":"product_cat","embeddable":true,"href":"https:\/\/www.carrerivegauche.com\/fr\/wp-json\/wp\/v2\/product_cat?post=14778"},{"taxonomy":"product_tag","embeddable":true,"href":"https:\/\/www.carrerivegauche.com\/fr\/wp-json\/wp\/v2\/product_tag?post=14778"}],"curies":[{"name":"wp","href":"https:\/\/api.w.org\/{rel}","templated":true}]}}