 

{"id":14762,"date":"2022-04-09T16:55:49","date_gmt":"2022-04-09T14:55:49","guid":{"rendered":"https:\/\/www.carrerivegauche.com\/boutique-crg\/commode-depoque-regence-par-etienne-doirat-paris-1675-1732\/"},"modified":"2022-04-11T09:22:23","modified_gmt":"2022-04-11T07:22:23","slug":"commode-depoque-regence-par-etienne-doirat-paris-1675-1732","status":"publish","type":"product","link":"https:\/\/www.carrerivegauche.com\/fr\/boutique-crg\/commode-depoque-regence-par-etienne-doirat-paris-1675-1732\/","title":{"rendered":"Commode d\u2019\u00e9poque R\u00e9gence par Etienne Doirat (Paris, 1675-1732)"},"content":{"rendered":"<p><span>Rare et \u00e9l\u00e9gante commode en \u00ab tombeau \u00bb galb\u00e9e en fa\u00e7ade et sur les c\u00f4t\u00e9s, en placage d\u2019amarante dispos\u00e9 en feuilles dans les encadrements. Elle ouvre par quatre tiroirs sur trois rangs : deux grands et deux petits et asym\u00e9triques en ceinture.<\/span><br \/><span>Riche ornementation de bronzes cisel\u00e9s et dor\u00e9s : le cartouche frontal rocaille, chutes d&rsquo;angles aux enroulements en feuilles de ch\u00eane, poign\u00e9es et sabots feuillag\u00e9s, des rosaces sur les c\u00f4t\u00e9s.<\/span><br \/><span>Dessus de marbre rouge griotte des Flandres.<\/span><\/p>\n<p><span>Dimensions : h. 89 cm, l. 144 cm, p. 85 cm<\/span><\/p>\n<p><span>Par Etienne Doirat (1675-25 juin 1732), \u00e9poque R\u00e9gence, XVIIIeme siecle<\/span><br data-mce-bogus=\"1\"><\/p>\n<p><span>Bien que non estampill\u00e9e notre commode appartient par sa forme et ses ornementations de bronzes \u00e0 un corpus identifi\u00e9 de la production d\u2019Etienne Doirat, l\u2019un des plus talentueux \u00e9b\u00e9nistes sous la R\u00e9gence.<\/span><br \/><span>Ce groupe de commodes r\u00e9pertori\u00e9es dans les collections publiques et priv\u00e9es, dont certaines estampill\u00e9es E. Doirat se caract\u00e9risent par le <\/span><span>cartouche frontal presqu\u2019identique.<\/span><br data-mce-bogus=\"1\"><\/p>\n<p><span>Sur notre commode ce cartouche est form\u00e9 par deux lambrequins festonn\u00e9s r\u00e9unis par une agrafe ils se prolongent par des branchages feuillag\u00e9s d\u2019acanthe et fleuris aux frises perl\u00e9es. A l\u2019int\u00e9rieur deux entr\u00e9es de serrure la premi\u00e8re a la gueule de lion, la deuxi\u00e8me form\u00e9e par deux dauphins stylis\u00e9s affront\u00e9s aux pattes de lion sous un lambrequin.<\/span><br \/><span>Commodes par Etienne Doirat au cartouche frontal :<\/span><br \/><span>Commodes de forme tombeau identique:<\/span><br \/><span>\u2022 Commode estampill\u00e9e Doirat, Christie\u2019s Londres, 10 juillet 2008 lot n 43<\/span><br \/><span>\u2022 Commode non estampill\u00e9e, doc. Me Tajan, publi\u00e9e dans le \u00ab Mobilier fran\u00e7ais du XVIIIe si\u00e8cle \u00bb par Kjelleberg<\/span><br \/><span>Commode de forme diff\u00e9rente, cartouche frontal identique :<\/span><br \/><span>\u2022 Commode a trois tiroirs, estampill\u00e9e Doirat, Christie\u2019s Londres, 27 novembre 2018 lot n 509<\/span><br \/><span>\u2022 Commode sarcophage, estampill\u00e9e Doirat, J. Paul Getty museum, Los Angeles<\/span><br \/><span>\u2022 Commode a deux tiroirs, estampill\u00e9e Doirat, collection priv\u00e9e, illustr\u00e9 dans J. &#8211; D. Augarde<\/span><br \/><span>\u2022 Commode \u00e0 trois tiroirs, estampill\u00e9e de Migeon, mais attribu\u00e9e a Doirat de l\u2019ancienne collection Eug\u00e8ne Kraemer, vente galerie Georges Petit (Paris), 5-6 mai 1913, lot 141 ; ancienne collection Ogden Mills, Paris, rue de Varenne ; puis par descendance \u00e0 sa s\u0153ur B\u00e9atrice, comtesse de Granard ; puis par descendance ; vente Christie\u2019s, Londres, 6 juillet 2016, lot 51.<\/span><\/p>\n<p><span>Etienne Doirat a \u00e9t\u00e9 un des rares \u00e9b\u00e9nistes de son \u00e9poque \u00e0 apposer son estampille, mais cela seulement a la fin de sa carri\u00e8re. En trente ans d\u2019activit\u00e9 il a produit un nombre significatif de pi\u00e8ces si l\u2019on juge le volume par son inventaire apr\u00e8s d\u00e9c\u00e8s, mais la plupart de ses \u0153uvres ne sont pas sign\u00e9es.<\/span><br \/><span>Il s&rsquo;agit en tout premier lieu de commodes qui constituent l&rsquo;essentiel de sa production. L &lsquo;inventaire dress\u00e9 le 14 juillet 1732, peu de jours apr\u00e8s son d\u00e9c\u00e8s, en mentionne un grand nombre, \u00ab\u00a0en tombeau\u00a0\u00bb, \u00ab\u00a0\u00e0 la R\u00e9gence\u00a0\u00bb, en \u00ab Esse \u00bb, mais fait aussi \u00e9tat de grands biblioth\u00e8ques, d&rsquo;armoires, de buffets, de secr\u00e9taires, de r\u00e9gulateurs et de divers mod\u00e8les de tables de jeu, de salon, de chevet. Ces meubles sont fr\u00e9quemment habill\u00e9s d&rsquo;amarante ou de bois de violette, plaqu\u00e9s en feuilles ou marquet\u00e9s de quadrillages.<\/span><br \/><span>Il \u00e9tait, contrairement a ses confr\u00e8res, propri\u00e9taire de son stock de mod\u00e8les de bronze destin\u00e9s \u00e0 son usage exclusif, mentionn\u00e9 dans son inventaire comme \u00ab modeles de plomb imparfaits servant de garniture de commodes et autres \u00bb.<\/span><\/p>\n<p><span>Doirat Etienne (1675-25 juin 1732)<\/span><\/p>\n<p><span>Descendant d&rsquo;une famille d&rsquo;artisans qui travaillaient depuis au moins un si\u00e8cle dans le faubourg Saint-Antoine, il na\u00eet d&rsquo;un p\u00e8re ma\u00e7on, vers 1670, et obtient ses lettres de ma\u00eetrise dans les premi\u00e8res ann\u00e9es du XVIII\u00e8me si\u00e8cle. Il travaillera toute sa vie rue du Faubourg Saint-Antoine, ou dans ses alentours imm\u00e9diats, pour une riche client\u00e8le fran\u00e7aise et \u00e9trang\u00e8re. Ses meubles, d&rsquo;un caract\u00e8re souvent somptueux, appartiennent pour la plupart au style en honneur sous la R\u00e9gence.<\/span><\/p>\n","protected":false},"excerpt":{"rendered":"<p>Commode \u00ab\u00a0en tombeau\u00a0\u00bb en placage d&rsquo;amarante d&rsquo;\u00e9poque R\u00e9gence, XVIII\u00e8me si\u00e8cle\u00a0<\/p>\n","protected":false},"featured_media":14750,"template":"","meta":[],"product_brand":[],"product_cat":[301],"product_tag":[],"class_list":{"0":"post-14762","1":"product","2":"type-product","3":"status-publish","4":"has-post-thumbnail","6":"product_cat-lente","7":"description-off","9":"first","10":"instock","11":"shipping-taxable","12":"purchasable","13":"product-type-simple"},"aioseo_notices":[],"_links":{"self":[{"href":"https:\/\/www.carrerivegauche.com\/fr\/wp-json\/wp\/v2\/product\/14762","targetHints":{"allow":["GET"]}}],"collection":[{"href":"https:\/\/www.carrerivegauche.com\/fr\/wp-json\/wp\/v2\/product"}],"about":[{"href":"https:\/\/www.carrerivegauche.com\/fr\/wp-json\/wp\/v2\/types\/product"}],"wp:featuredmedia":[{"embeddable":true,"href":"https:\/\/www.carrerivegauche.com\/fr\/wp-json\/wp\/v2\/media\/14750"}],"wp:attachment":[{"href":"https:\/\/www.carrerivegauche.com\/fr\/wp-json\/wp\/v2\/media?parent=14762"}],"wp:term":[{"taxonomy":"product_brand","embeddable":true,"href":"https:\/\/www.carrerivegauche.com\/fr\/wp-json\/wp\/v2\/product_brand?post=14762"},{"taxonomy":"product_cat","embeddable":true,"href":"https:\/\/www.carrerivegauche.com\/fr\/wp-json\/wp\/v2\/product_cat?post=14762"},{"taxonomy":"product_tag","embeddable":true,"href":"https:\/\/www.carrerivegauche.com\/fr\/wp-json\/wp\/v2\/product_tag?post=14762"}],"curies":[{"name":"wp","href":"https:\/\/api.w.org\/{rel}","templated":true}]}}