 

{"id":14619,"date":"2022-02-23T18:48:12","date_gmt":"2022-02-23T17:48:12","guid":{"rendered":"https:\/\/www.carrerivegauche.com\/boutique-crg\/enfants-hoho-en-porcelaine-de-chine-2eme-moitie-du-xviie-siecle\/"},"modified":"2022-02-24T11:22:33","modified_gmt":"2022-02-24T10:22:33","slug":"enfants-hoho-en-porcelaine-de-chine-2eme-moitie-du-xviie-siecle","status":"publish","type":"product","link":"https:\/\/www.carrerivegauche.com\/fr\/boutique-crg\/enfants-hoho-en-porcelaine-de-chine-2eme-moitie-du-xviie-siecle\/","title":{"rendered":"Enfants HoHo en porcelaine de Chine, 2eme moiti\u00e9 du XVIIe si\u00e8cle."},"content":{"rendered":"<p><\/p>\n","protected":false},"excerpt":{"rendered":"<div class=\"texte\">Groupe d&rsquo;enfants rieurs appel\u00e9 aussi \u00ab\u00a0HoHo Erxian*\u00a0\u00bb en biscuit de porcelaine de Chine \u00e9maill\u00e9 vert, jaune et mangan\u00e8se.<\/div>\n<div class=\"texte\">Epoque Kangxi (1662-1722). Deuxi\u00e8me moiti\u00e9 du XVIIe si\u00e8cle.<\/div>\n<div class=\"texte\">Hauteur : 15 cm.<\/div>\n<div class=\"texte\">\n<p>Trois mains restaur\u00e9es ainsi que les pans des tuniques.<\/p>\n<p>* Les jumeaux HoHo son annonciateurs de la bonne fortune et \u00e9galement<br \/>protecteurs du mariage, ils repr\u00e9sentent l&rsquo;harmonie et l&rsquo;union.<\/p>\n<\/div>\n","protected":false},"featured_media":14598,"template":"","meta":[],"product_brand":[],"product_cat":[239],"product_tag":[],"class_list":{"0":"post-14619","1":"product","2":"type-product","3":"status-publish","4":"has-post-thumbnail","6":"product_cat-bealu","7":"description-off","9":"first","10":"instock","11":"shipping-taxable","12":"purchasable","13":"product-type-simple"},"aioseo_notices":[],"_links":{"self":[{"href":"https:\/\/www.carrerivegauche.com\/fr\/wp-json\/wp\/v2\/product\/14619","targetHints":{"allow":["GET"]}}],"collection":[{"href":"https:\/\/www.carrerivegauche.com\/fr\/wp-json\/wp\/v2\/product"}],"about":[{"href":"https:\/\/www.carrerivegauche.com\/fr\/wp-json\/wp\/v2\/types\/product"}],"wp:featuredmedia":[{"embeddable":true,"href":"https:\/\/www.carrerivegauche.com\/fr\/wp-json\/wp\/v2\/media\/14598"}],"wp:attachment":[{"href":"https:\/\/www.carrerivegauche.com\/fr\/wp-json\/wp\/v2\/media?parent=14619"}],"wp:term":[{"taxonomy":"product_brand","embeddable":true,"href":"https:\/\/www.carrerivegauche.com\/fr\/wp-json\/wp\/v2\/product_brand?post=14619"},{"taxonomy":"product_cat","embeddable":true,"href":"https:\/\/www.carrerivegauche.com\/fr\/wp-json\/wp\/v2\/product_cat?post=14619"},{"taxonomy":"product_tag","embeddable":true,"href":"https:\/\/www.carrerivegauche.com\/fr\/wp-json\/wp\/v2\/product_tag?post=14619"}],"curies":[{"name":"wp","href":"https:\/\/api.w.org\/{rel}","templated":true}]}}