 

{"id":14597,"date":"2022-02-23T18:42:51","date_gmt":"2022-02-23T17:42:51","guid":{"rendered":"https:\/\/www.carrerivegauche.com\/boutique-crg\/plateau-carre-en-porcelaine-tendre-de-sevres-marque-g-pour-1760-xviiie-siecle\/"},"modified":"2022-02-24T11:22:47","modified_gmt":"2022-02-24T10:22:47","slug":"plateau-carre-en-porcelaine-tendre-de-sevres-marque-g-pour-1760-xviiie-siecle","status":"publish","type":"product","link":"https:\/\/www.carrerivegauche.com\/fr\/boutique-crg\/plateau-carre-en-porcelaine-tendre-de-sevres-marque-g-pour-1760-xviiie-siecle\/","title":{"rendered":"Plateau carr\u00e9 en porcelaine tendre de S\u00e8vres, marqu\u00e9 G pour 1760, XVIIIe si\u00e8cle."},"content":{"rendered":"<p><br data-mce-bogus=\"1\"><\/p>\n","protected":false},"excerpt":{"rendered":"<div class=\"texte\">Plateau carr\u00e9 \u00e0 jours (premi\u00e8re grandeur) en porcelaine<br \/>\ntendre de S\u00e8vres, \u00e0 d\u00e9cor polychrome et or au centre d\u2019une couronne de<br \/>\nfleurs, filet bleu hachur\u00e9 en or, le bord ajour\u00e9 en forme de vagues et<br \/>\nfleurettes soulign\u00e9es de cama\u00efeu bleu, filet or sur le bord. <\/p>\n<p>\nMarque en bleu au deux L entrelac\u00e9s, lettre date G pour 1760, marque de peintre pour Th\u00e9venet p\u00e8re. <br \/>\nDim. 15,5 x 15,5 cm. <br \/>\nUn \u00e9l\u00e9ment du bord ajour\u00e9 recoll\u00e9, infime \u00e9grenure dans un angle reprise.<\/p>\n<\/p><\/div>\n","protected":false},"featured_media":14582,"template":"","meta":[],"product_brand":[],"product_cat":[239],"product_tag":[],"class_list":{"0":"post-14597","1":"product","2":"type-product","3":"status-publish","4":"has-post-thumbnail","6":"product_cat-bealu","7":"description-off","9":"first","10":"instock","11":"shipping-taxable","12":"purchasable","13":"product-type-simple"},"aioseo_notices":[],"_links":{"self":[{"href":"https:\/\/www.carrerivegauche.com\/fr\/wp-json\/wp\/v2\/product\/14597","targetHints":{"allow":["GET"]}}],"collection":[{"href":"https:\/\/www.carrerivegauche.com\/fr\/wp-json\/wp\/v2\/product"}],"about":[{"href":"https:\/\/www.carrerivegauche.com\/fr\/wp-json\/wp\/v2\/types\/product"}],"wp:featuredmedia":[{"embeddable":true,"href":"https:\/\/www.carrerivegauche.com\/fr\/wp-json\/wp\/v2\/media\/14582"}],"wp:attachment":[{"href":"https:\/\/www.carrerivegauche.com\/fr\/wp-json\/wp\/v2\/media?parent=14597"}],"wp:term":[{"taxonomy":"product_brand","embeddable":true,"href":"https:\/\/www.carrerivegauche.com\/fr\/wp-json\/wp\/v2\/product_brand?post=14597"},{"taxonomy":"product_cat","embeddable":true,"href":"https:\/\/www.carrerivegauche.com\/fr\/wp-json\/wp\/v2\/product_cat?post=14597"},{"taxonomy":"product_tag","embeddable":true,"href":"https:\/\/www.carrerivegauche.com\/fr\/wp-json\/wp\/v2\/product_tag?post=14597"}],"curies":[{"name":"wp","href":"https:\/\/api.w.org\/{rel}","templated":true}]}}