 

{"id":14562,"date":"2022-02-23T18:31:45","date_gmt":"2022-02-23T17:31:45","guid":{"rendered":"https:\/\/www.carrerivegauche.com\/boutique-crg\/la-famille-chinoise-en-porcelaine-de-meissen-vers-1750\/"},"modified":"2022-02-24T11:23:40","modified_gmt":"2022-02-24T10:23:40","slug":"la-famille-chinoise-en-porcelaine-de-meissen-vers-1750","status":"publish","type":"product","link":"https:\/\/www.carrerivegauche.com\/fr\/boutique-crg\/la-famille-chinoise-en-porcelaine-de-meissen-vers-1750\/","title":{"rendered":"\u00ab\u00a0La famille chinoise\u00a0\u00bb en porcelaine de Meissen, vers 1750."},"content":{"rendered":"<p><br data-mce-bogus=\"1\"><\/p>\n","protected":false},"excerpt":{"rendered":"<div class=\"texte\">Groupe en porcelaine de Meissen repr\u00e9sentant la famille<br \/>\nchinoise d&rsquo;apr\u00e8s les \u00ab\u00a0D\u00e9lices de l&rsquo;enfance\u00a0\u00bb de Fran\u00e7ois Boucher. Une<br \/>\nfemme chinoise assise avec un manteau vert, tient un enfant sur son<br \/>\ngenou gauche, l&rsquo;autre enfant se tient debout \u00e0 ses c\u00f4t\u00e9s. <\/p>\n<p>\nMod\u00e8le P. Reinicke, vers 1750, XVIIIe si\u00e8cle. <br \/>\nDiam\u00e8tre : 8,5 cm. Hauteur : 14,5 cm. Une main restaur\u00e9e de l&rsquo;enfant au<br \/>\nmanteau gris, t\u00eate de la m\u00e8re recoll\u00e9e, quelques \u00e9grenures reprises.<br \/>\nCf. Mod\u00e8les similaires, Yvonne Adams, Meissen Figures 1730-1755 The<br \/>\nKaendler Period, Schiffer Publishing Ltd, 2001, p.176 n\u00b0475 and 476.<\/p>\n<\/p><\/div>\n","protected":false},"featured_media":14544,"template":"","meta":[],"product_brand":[],"product_cat":[239],"product_tag":[],"class_list":{"0":"post-14562","1":"product","2":"type-product","3":"status-publish","4":"has-post-thumbnail","6":"product_cat-bealu","7":"description-off","9":"first","10":"instock","11":"shipping-taxable","12":"purchasable","13":"product-type-simple"},"aioseo_notices":[],"_links":{"self":[{"href":"https:\/\/www.carrerivegauche.com\/fr\/wp-json\/wp\/v2\/product\/14562","targetHints":{"allow":["GET"]}}],"collection":[{"href":"https:\/\/www.carrerivegauche.com\/fr\/wp-json\/wp\/v2\/product"}],"about":[{"href":"https:\/\/www.carrerivegauche.com\/fr\/wp-json\/wp\/v2\/types\/product"}],"wp:featuredmedia":[{"embeddable":true,"href":"https:\/\/www.carrerivegauche.com\/fr\/wp-json\/wp\/v2\/media\/14544"}],"wp:attachment":[{"href":"https:\/\/www.carrerivegauche.com\/fr\/wp-json\/wp\/v2\/media?parent=14562"}],"wp:term":[{"taxonomy":"product_brand","embeddable":true,"href":"https:\/\/www.carrerivegauche.com\/fr\/wp-json\/wp\/v2\/product_brand?post=14562"},{"taxonomy":"product_cat","embeddable":true,"href":"https:\/\/www.carrerivegauche.com\/fr\/wp-json\/wp\/v2\/product_cat?post=14562"},{"taxonomy":"product_tag","embeddable":true,"href":"https:\/\/www.carrerivegauche.com\/fr\/wp-json\/wp\/v2\/product_tag?post=14562"}],"curies":[{"name":"wp","href":"https:\/\/api.w.org\/{rel}","templated":true}]}}