 

{"id":14543,"date":"2022-02-23T18:27:23","date_gmt":"2022-02-23T17:27:23","guid":{"rendered":"https:\/\/www.carrerivegauche.com\/boutique-crg\/applique-formant-bras-de-lumiere-en-faience-de-nevers-xviie-siecle\/"},"modified":"2022-02-24T11:23:50","modified_gmt":"2022-02-24T10:23:50","slug":"applique-formant-bras-de-lumiere-en-faience-de-nevers-xviie-siecle","status":"publish","type":"product","link":"https:\/\/www.carrerivegauche.com\/fr\/boutique-crg\/applique-formant-bras-de-lumiere-en-faience-de-nevers-xviie-siecle\/","title":{"rendered":"Applique formant bras de lumi\u00e8re en fa\u00efence de Nevers, XVIIe si\u00e8cle."},"content":{"rendered":"<p><br data-mce-bogus=\"1\"><\/p>\n","protected":false},"excerpt":{"rendered":"<p>Applique formant bras de lumi\u00e8re en fa\u00efence de Nevers \u00e0 d\u00e9cor en<br \/>\nbas-relief sur une plaque ovale d&rsquo;une jeune femme  en habit du XVIIe<br \/>\ntenant un godet dans la main droite formant bougeoir. A la base, fleuron<br \/>\n et feuilles stylis\u00e9es. D\u00e9cor bleu, jaune et ocre jaune \u00ab\u00a0a compendario\u00a0\u00bb.<br \/>\nPremi\u00e8re moiti\u00e9 du XVIIe si\u00e8cle. <br \/>\nH. 32,5 cm.<br \/>\nApplique recoll\u00e9e au centre et bras amovible restaur\u00e9.<\/p>\n","protected":false},"featured_media":14534,"template":"","meta":[],"product_brand":[],"product_cat":[239],"product_tag":[],"class_list":{"0":"post-14543","1":"product","2":"type-product","3":"status-publish","4":"has-post-thumbnail","6":"product_cat-bealu","7":"description-off","9":"first","10":"instock","11":"shipping-taxable","12":"purchasable","13":"product-type-simple"},"aioseo_notices":[],"_links":{"self":[{"href":"https:\/\/www.carrerivegauche.com\/fr\/wp-json\/wp\/v2\/product\/14543","targetHints":{"allow":["GET"]}}],"collection":[{"href":"https:\/\/www.carrerivegauche.com\/fr\/wp-json\/wp\/v2\/product"}],"about":[{"href":"https:\/\/www.carrerivegauche.com\/fr\/wp-json\/wp\/v2\/types\/product"}],"wp:featuredmedia":[{"embeddable":true,"href":"https:\/\/www.carrerivegauche.com\/fr\/wp-json\/wp\/v2\/media\/14534"}],"wp:attachment":[{"href":"https:\/\/www.carrerivegauche.com\/fr\/wp-json\/wp\/v2\/media?parent=14543"}],"wp:term":[{"taxonomy":"product_brand","embeddable":true,"href":"https:\/\/www.carrerivegauche.com\/fr\/wp-json\/wp\/v2\/product_brand?post=14543"},{"taxonomy":"product_cat","embeddable":true,"href":"https:\/\/www.carrerivegauche.com\/fr\/wp-json\/wp\/v2\/product_cat?post=14543"},{"taxonomy":"product_tag","embeddable":true,"href":"https:\/\/www.carrerivegauche.com\/fr\/wp-json\/wp\/v2\/product_tag?post=14543"}],"curies":[{"name":"wp","href":"https:\/\/api.w.org\/{rel}","templated":true}]}}