 

{"id":14533,"date":"2022-02-23T18:22:37","date_gmt":"2022-02-23T17:22:37","guid":{"rendered":"https:\/\/www.carrerivegauche.com\/boutique-crg\/assiette-en-porcelaine-de-chine-a-decor-darmoiries-hollandaises-epoque-qianlong-1736-1795\/"},"modified":"2022-02-24T11:24:01","modified_gmt":"2022-02-24T10:24:01","slug":"assiette-en-porcelaine-de-chine-a-decor-darmoiries-hollandaises-epoque-qianlong-1736-1795","status":"publish","type":"product","link":"https:\/\/www.carrerivegauche.com\/fr\/boutique-crg\/assiette-en-porcelaine-de-chine-a-decor-darmoiries-hollandaises-epoque-qianlong-1736-1795\/","title":{"rendered":"Assiette en porcelaine de Chine \u00e0 d\u00e9cor d&rsquo;armoiries hollandaises, \u00e9poque Qianlong (1736-1795)."},"content":{"rendered":"<p><br data-mce-bogus=\"1\"><\/p>\n","protected":false},"excerpt":{"rendered":"<p>Assiette creuse \u00e0 bord contourn\u00e9 en porcelaine de Chine \u00e0 d\u00e9cor<br \/>\npolychrome et or d&rsquo;armoiries accol\u00e9es au centre et d&rsquo;une guirlande de<br \/>\nfleurs sur l&rsquo;aile, filets sur le bord. <br \/>\nEpoque Qianlong (1736-1795). XVIIIe si\u00e8cle.<br \/>\nD. 23,5 cm. <br \/>\nArmoiries hollandaises de mariage : famille originaire de la Frise<br \/>\n(Pays-Bas) Hector Livius van Alt\u00e9na et Albertina Johannes Pierson,<br \/>\nmari\u00e9s le 23 mai 1768 \u00e0 Tietjerk.<\/p>\n","protected":false},"featured_media":14521,"template":"","meta":[],"product_brand":[],"product_cat":[239],"product_tag":[],"class_list":{"0":"post-14533","1":"product","2":"type-product","3":"status-publish","4":"has-post-thumbnail","6":"product_cat-bealu","7":"description-off","9":"first","10":"instock","11":"shipping-taxable","12":"purchasable","13":"product-type-simple"},"aioseo_notices":[],"_links":{"self":[{"href":"https:\/\/www.carrerivegauche.com\/fr\/wp-json\/wp\/v2\/product\/14533","targetHints":{"allow":["GET"]}}],"collection":[{"href":"https:\/\/www.carrerivegauche.com\/fr\/wp-json\/wp\/v2\/product"}],"about":[{"href":"https:\/\/www.carrerivegauche.com\/fr\/wp-json\/wp\/v2\/types\/product"}],"wp:featuredmedia":[{"embeddable":true,"href":"https:\/\/www.carrerivegauche.com\/fr\/wp-json\/wp\/v2\/media\/14521"}],"wp:attachment":[{"href":"https:\/\/www.carrerivegauche.com\/fr\/wp-json\/wp\/v2\/media?parent=14533"}],"wp:term":[{"taxonomy":"product_brand","embeddable":true,"href":"https:\/\/www.carrerivegauche.com\/fr\/wp-json\/wp\/v2\/product_brand?post=14533"},{"taxonomy":"product_cat","embeddable":true,"href":"https:\/\/www.carrerivegauche.com\/fr\/wp-json\/wp\/v2\/product_cat?post=14533"},{"taxonomy":"product_tag","embeddable":true,"href":"https:\/\/www.carrerivegauche.com\/fr\/wp-json\/wp\/v2\/product_tag?post=14533"}],"curies":[{"name":"wp","href":"https:\/\/api.w.org\/{rel}","templated":true}]}}