 

{"id":14514,"date":"2022-02-23T18:14:48","date_gmt":"2022-02-23T17:14:48","guid":{"rendered":"https:\/\/www.carrerivegauche.com\/boutique-crg\/plat-en-majolique-durbino-ou-duche-durbino-dune-chasse-aux-perdrix-vers-1590-1600\/"},"modified":"2022-02-24T11:24:12","modified_gmt":"2022-02-24T10:24:12","slug":"plat-en-majolique-durbino-ou-duche-durbino-dune-chasse-aux-perdrix-vers-1590-1600","status":"publish","type":"product","link":"https:\/\/www.carrerivegauche.com\/fr\/boutique-crg\/plat-en-majolique-durbino-ou-duche-durbino-dune-chasse-aux-perdrix-vers-1590-1600\/","title":{"rendered":"Plat en majolique d&rsquo;Urbino ou Duch\u00e9 d&rsquo;Urbino d&rsquo;une chasse aux perdrix, vers 1590-1600."},"content":{"rendered":"<p><\/p>\n","protected":false},"excerpt":{"rendered":"<div>\n<p><span style=\"font-size: large\"><span style=\"font-family: Times New Roman\"><span style=\"font-size: large\"><span style=\"font-family: Times New Roman\">Plat<\/span><\/span><span style=\"font-size: large\"><span style=\"font-family: Times New Roman\"><br \/>en majolique d&rsquo;Urbino ou du duch\u00e9 d&rsquo;Urbino \u00e0 d\u00e9cor polychrome \u00ab\u00a0a istoriato\u00a0\u00bb en plein d&rsquo;une sc\u00e8ne de chasse \u00e0 la perdrix anim\u00e9e de nombreux personnages.<\/span><\/span><\/span><\/span><\/p>\n<p><\/p>\n<\/div>\n<div><span style=\"font-size: large\"><span style=\"font-family: Times New Roman\"><span style=\"font-size: large\"><span style=\"font-family: Times New Roman\">Vers\u00a01590-1600,\u00a0fin\u00a0du\u00a0XVIe\u00a0si\u00e8cle. <br \/><\/span><\/span><\/span><\/span><\/div>\n<div><span style=\"font-size: large\"><span style=\"font-family: Times New Roman\"><span style=\"font-size: large\"><span style=\"font-family: Times New Roman\">Diam\u00e8tre:\u00a026,3\u00a0cm.\u00a0<i>Trois\u00a0morceaux\u00a0recoll\u00e9s\u00a0sur\u00a0l&rsquo;aile\u00a0entre\u00a011h30\u00a0et\u00a015h30.<\/i> <br \/><\/span><\/span><\/span><\/span><\/div>\n<div><span style=\"font-size: large\"><span style=\"font-family: Times New Roman\"><span style=\"font-size: large\"><span style=\"font-family: Times New Roman\">Provenance\u00a0:\u00a0ancienne\u00a0collection\u00a0E.\u00a0Vinot,\u00a0Paris. <br \/><\/span><\/span><\/span><\/span><\/div>\n<div><span style=\"font-size: large\"><span style=\"font-family: Times New Roman\"><span style=\"font-size: large\"><span style=\"font-family: Times New Roman\">D&rsquo;apr\u00e8s la gravure \u00ab\u00a0Rustica sic Perdrix\u00a0\u00bb 67 : La chasse aux perdrix de Jan van der Straet dit Stradanus* (1523-1605) appel\u00e9 aussi Giovanni Stradamo, peintre flamand qui travailla principalement \u00e0 Florence (Italie). Il fut employ\u00e9 par le Duc\u00a0\u00bbCosimo de Medici\u00a0\u00bb. Son recueil de gravures a \u00e9t\u00e9 publi\u00e9 \u00e0 Anvers en 1578.<br \/><\/span><\/span><\/span><\/span><\/div>\n<p><span style=\"font-size: large\"><span style=\"font-family: Times New Roman\"><span style=\"font-size: large\"><span style=\"font-family: Times New Roman\">Le peintre de la coupe a surtout modifi\u00e9 les perspectives.<\/span><\/span><\/span><\/span><\/p>\n","protected":false},"featured_media":14511,"template":"","meta":[],"product_brand":[],"product_cat":[239],"product_tag":[],"class_list":{"0":"post-14514","1":"product","2":"type-product","3":"status-publish","4":"has-post-thumbnail","6":"product_cat-bealu","7":"description-off","9":"first","10":"instock","11":"shipping-taxable","12":"purchasable","13":"product-type-simple"},"aioseo_notices":[],"_links":{"self":[{"href":"https:\/\/www.carrerivegauche.com\/fr\/wp-json\/wp\/v2\/product\/14514","targetHints":{"allow":["GET"]}}],"collection":[{"href":"https:\/\/www.carrerivegauche.com\/fr\/wp-json\/wp\/v2\/product"}],"about":[{"href":"https:\/\/www.carrerivegauche.com\/fr\/wp-json\/wp\/v2\/types\/product"}],"wp:featuredmedia":[{"embeddable":true,"href":"https:\/\/www.carrerivegauche.com\/fr\/wp-json\/wp\/v2\/media\/14511"}],"wp:attachment":[{"href":"https:\/\/www.carrerivegauche.com\/fr\/wp-json\/wp\/v2\/media?parent=14514"}],"wp:term":[{"taxonomy":"product_brand","embeddable":true,"href":"https:\/\/www.carrerivegauche.com\/fr\/wp-json\/wp\/v2\/product_brand?post=14514"},{"taxonomy":"product_cat","embeddable":true,"href":"https:\/\/www.carrerivegauche.com\/fr\/wp-json\/wp\/v2\/product_cat?post=14514"},{"taxonomy":"product_tag","embeddable":true,"href":"https:\/\/www.carrerivegauche.com\/fr\/wp-json\/wp\/v2\/product_tag?post=14514"}],"curies":[{"name":"wp","href":"https:\/\/api.w.org\/{rel}","templated":true}]}}