 

{"id":14507,"date":"2022-02-18T12:26:59","date_gmt":"2022-02-18T11:26:59","guid":{"rendered":"https:\/\/www.carrerivegauche.com\/boutique-crg\/huile-sur-carton-maisons-pres-dun-ruisseau-par-victor-charreton\/"},"modified":"2024-06-25T18:04:25","modified_gmt":"2024-06-25T16:04:25","slug":"huile-sur-carton-maisons-pres-dun-ruisseau-par-victor-charreton","status":"publish","type":"product","link":"https:\/\/www.carrerivegauche.com\/fr\/boutique-crg\/huile-sur-carton-maisons-pres-dun-ruisseau-par-victor-charreton\/","title":{"rendered":"Huile sur carton, Maisons pr\u00e8s d&rsquo;un ruisseau par Victor Charreton"},"content":{"rendered":"<p>Victor Charreton fait partie de cette g\u00e9n\u00e9ration de peintres qui se consacre presque exclusivement aux paysages, apr\u00e8s les impressionnistes.<\/p>\n<p>Ses recherches sur les couleurs et les techniques de conservation des \u0153uvres, lui permettent de d\u00e9couvrir la peinture sur \u201cfinette\u201d :\u00e9toffe pelucheuse qui lui permet de renforcer le caract\u00e8re vaporeux de ses peintures.<\/p>\n<p>Pour le peintre :<\/p>\n<p>\u00ab Un tableau, doit \u00eatre une disposition rare de couleurs et de lignes arrang\u00e9es pour notre pr\u00e9f\u00e9rence visuelle, et \u00e9voquer en nous un instant de vie int\u00e9rieure\u2026..<br \/>Je voudrais, moi, suivre seulement mon instinct qui me porte \u00e0 rechercher la beaut\u00e9 dans la nature\u00a0\u00bb.<\/p>\n","protected":false},"excerpt":{"rendered":"<p>Victor CHARRETON (1864-1936)<\/p>\n<p>Victor Charreton, peintre auvergnat, n\u00e9 \u00e0 Clermont-Ferrand, est l\u2019un des artistes les plus dou\u00e9s de sa g\u00e9n\u00e9ration.<\/p>\n<p>Son succ\u00e8s est rapide et sa r\u00e9putation d\u00e9passe vite le cercle des salons, il expose en France, \u00e0 Gen\u00e8ve, aux Etats-Unis et au Japon. Londres, New-York, Gen\u00e8ve.<\/p>\n<p>La carri\u00e8re de Charreton est jalonn\u00e9e de nombreuses m\u00e9dailles et d\u2019une l\u00e9gion d\u2019honneur.<\/p>\n<p>En 1903, il cofonde avec le peintre Pierre Bonnard, le salon d\u2019Automne.<\/p>\n","protected":false},"featured_media":14501,"template":"","meta":[],"product_brand":[],"product_cat":[278],"product_tag":[],"class_list":{"0":"post-14507","1":"product","2":"type-product","3":"status-publish","4":"has-post-thumbnail","6":"product_cat-saint-martin","7":"description-off","9":"first","10":"instock","11":"shipping-taxable","12":"purchasable","13":"product-type-simple"},"aioseo_notices":[],"_links":{"self":[{"href":"https:\/\/www.carrerivegauche.com\/fr\/wp-json\/wp\/v2\/product\/14507","targetHints":{"allow":["GET"]}}],"collection":[{"href":"https:\/\/www.carrerivegauche.com\/fr\/wp-json\/wp\/v2\/product"}],"about":[{"href":"https:\/\/www.carrerivegauche.com\/fr\/wp-json\/wp\/v2\/types\/product"}],"wp:featuredmedia":[{"embeddable":true,"href":"https:\/\/www.carrerivegauche.com\/fr\/wp-json\/wp\/v2\/media\/14501"}],"wp:attachment":[{"href":"https:\/\/www.carrerivegauche.com\/fr\/wp-json\/wp\/v2\/media?parent=14507"}],"wp:term":[{"taxonomy":"product_brand","embeddable":true,"href":"https:\/\/www.carrerivegauche.com\/fr\/wp-json\/wp\/v2\/product_brand?post=14507"},{"taxonomy":"product_cat","embeddable":true,"href":"https:\/\/www.carrerivegauche.com\/fr\/wp-json\/wp\/v2\/product_cat?post=14507"},{"taxonomy":"product_tag","embeddable":true,"href":"https:\/\/www.carrerivegauche.com\/fr\/wp-json\/wp\/v2\/product_tag?post=14507"}],"curies":[{"name":"wp","href":"https:\/\/api.w.org\/{rel}","templated":true}]}}