 

{"id":14488,"date":"2022-02-17T11:38:41","date_gmt":"2022-02-17T10:38:41","guid":{"rendered":"https:\/\/www.carrerivegauche.com\/boutique-crg\/guinguette-au-clair-de-lune-par-iwill\/"},"modified":"2023-04-01T15:37:01","modified_gmt":"2023-04-01T13:37:01","slug":"guinguette-au-clair-de-lune-par-iwill","status":"publish","type":"product","link":"https:\/\/www.carrerivegauche.com\/fr\/boutique-crg\/guinguette-au-clair-de-lune-par-iwill\/","title":{"rendered":"Guinguette au clair de lune par Iwill"},"content":{"rendered":"<p><span id=\"p150\" style=\"font-family: Segoe-UI;font-size: 17px\" data-mce-style=\"font-family: Segoe-UI; font-size: 17px;\">C\u2019est au paysage qu\u2019il consacre toute sa\u00a0<span id=\"162\">vie,\u00a0<\/span><\/span><span id=\"p151\" style=\"font-family: Segoe-UI;font-size: 17px\" data-mce-style=\"font-family: Segoe-UI; font-size: 17px;\"><span id=\"164\">voyageant<\/span>\u00a0inlassablement\u00a0<\/span><span id=\"p152\" style=\"font-family: Segoe-UI;font-size: 17px\" data-mce-style=\"font-family: Segoe-UI; font-size: 17px;\"><span id=\"165\">de<\/span>\u00a0Venise \u00e0 la Normandie\u00a0<\/span><span id=\"p153\" style=\"font-family: Segoe-UI;font-size: 17px\" data-mce-style=\"font-family: Segoe-UI; font-size: 17px;\"><span id=\"166\">mais<\/span>\u00a0aussi le Pas-de-Calais et les Flandres,\u00a0<\/span><span id=\"p154\" style=\"font-family: Segoe-UI;font-size: 17px\" data-mce-style=\"font-family: Segoe-UI; font-size: 17px;\"><span id=\"167\">les<\/span>\u00a0alentours de Paris ou encore la Bretagne.<\/span><br style=\"font-family: Segoe-UI;font-size: 17px\" data-mce-style=\"font-family: Segoe-UI; font-size: 17px;\"><span id=\"p155\" style=\"font-family: Segoe-UI;font-size: 17px\" data-mce-style=\"font-family: Segoe-UI; font-size: 17px;\">Les toiles d\u2019<span id=\"168\" class=\"s-rg-t\">Iwill<\/span>\u00a0sont emplies de douceur.<\/span><br style=\"font-family: Segoe-UI;font-size: 17px\" data-mce-style=\"font-family: Segoe-UI; font-size: 17px;\"><br style=\"font-family: Segoe-UI;font-size: 17px\" data-mce-style=\"font-family: Segoe-UI; font-size: 17px;\"><span id=\"p156\" style=\"font-family: Segoe-UI;font-size: 17px\" data-mce-style=\"font-family: Segoe-UI; font-size: 17px;\">Ces sujets sont souvent trait\u00e9s avec les\u00a0<span id=\"169\">m\u00eames\u00a0<\/span><\/span><span id=\"p157\" style=\"font-family: Segoe-UI;font-size: 17px\" data-mce-style=\"font-family: Segoe-UI; font-size: 17px;\"><span id=\"170\">couleurs<\/span>\u00a0qu\u2019il fait exploser sur la toile\u00a0<\/span><span id=\"p158\" style=\"font-family: Segoe-UI;font-size: 17px\" data-mce-style=\"font-family: Segoe-UI; font-size: 17px;\"><span id=\"171\">en<\/span>\u00a0de subtils cama\u00efeux.<\/span><br style=\"font-family: Segoe-UI;font-size: 17px\" data-mce-style=\"font-family: Segoe-UI; font-size: 17px;\"><span id=\"p159\" style=\"font-family: Segoe-UI;font-size: 17px\" data-mce-style=\"font-family: Segoe-UI; font-size: 17px;\">Notre \u0153uvre est construite\u00a0<span id=\"172\">dans\u00a0<\/span><\/span><span id=\"p160\" style=\"font-family: Segoe-UI;font-size: 17px\" data-mce-style=\"font-family: Segoe-UI; font-size: 17px;\"><span id=\"173\">des<\/span>\u00a0variations de violets,\u00a0<\/span><span id=\"p161\" style=\"font-family: Segoe-UI;font-size: 17px\" data-mce-style=\"font-family: Segoe-UI; font-size: 17px;\"><span id=\"174\">jaunes<\/span>\u00a0orang\u00e9s et marrons.<\/span><\/p>\n","protected":false},"excerpt":{"rendered":"<p>D\u00e9couvrez en plus avec notre vid\u00e9o sur you tube\u00a0<br \/>https:\/\/www.youtube.com\/watch?v=scwvTHumhPg&amp;t=2s<\/p>\n<p style=\"margin: 0px;padding-bottom: 0px;color: #64676e;min-height: 10px\" data-mce-style=\"margin: 0px; padding-bottom: 0px; color: #64676e; min-height: 10px;\"><span id=\"p77\" style=\"font-family: Segoe-UI;font-size: 17px\" data-mce-style=\"font-family: Segoe-UI; font-size: 17px;\">Iwill<\/span><br style=\"font-family: Segoe-UI;font-size: 17px\" data-mce-style=\"font-family: Segoe-UI; font-size: 17px;\"><span id=\"p78\" style=\"font-family: Segoe-UI;font-size: 17px\" data-mce-style=\"font-family: Segoe-UI; font-size: 17px;\"><span id=\"97\" class=\"s-rg-t\">est<\/span>\u00a0le pseudonyme de\u00a0<span id=\"98\" class=\"s-rg-t\">Marie-Joseph<\/span>\u00a0L\u00e9on\u00a0<span id=\"99\" class=\"s-rg-t\">Clavel<\/span>.<\/span><span id=\"p116\" style=\"font-family: Segoe-UI;font-size: 17px\" data-mce-style=\"font-family: Segoe-UI; font-size: 17px;\"><\/span><br style=\"font-family: Segoe-UI;font-size: 17px\" data-mce-style=\"font-family: Segoe-UI; font-size: 17px;\"><span id=\"p117\" style=\"font-family: Segoe-UI;font-size: 17px\" data-mce-style=\"font-family: Segoe-UI; font-size: 17px;\">Fils d\u2019un\u00a0<span id=\"128\" class=\"s-rg-t\">p\u00e8re<\/span>\u00a0\u00e9conomiste, il commence sa\u00a0<span id=\"129\" class=\"s-bl-t\">vie <\/span><\/span><span id=\"p118\" style=\"font-family: Segoe-UI;font-size: 17px\" data-mce-style=\"font-family: Segoe-UI; font-size: 17px;\"><span id=\"130\" class=\"s-rg-t\">dans<\/span>\u00a0le n\u00e9goce.<\/span><br style=\"font-family: Segoe-UI;font-size: 17px\" data-mce-style=\"font-family: Segoe-UI; font-size: 17px;\"><span id=\"p119\" style=\"font-family: Segoe-UI;font-size: 17px\" data-mce-style=\"font-family: Segoe-UI; font-size: 17px;\">Il d\u00e9cide plus tard\u00a0de se consacrer \u00e0 sa v\u00e9ritable passion :<\/span><span id=\"p120\" style=\"font-family: Segoe-UI;font-size: 17px\" data-mce-style=\"font-family: Segoe-UI; font-size: 17px;\">\u00a0la peinture.<\/span><span id=\"p121\" style=\"font-family: Segoe-UI;font-size: 17px\" data-mce-style=\"font-family: Segoe-UI; font-size: 17px;\"><\/span><br style=\"font-family: Segoe-UI;font-size: 17px\" data-mce-style=\"font-family: Segoe-UI; font-size: 17px;\"><span id=\"p124\" style=\"font-family: Segoe-UI;font-size: 17px\" data-mce-style=\"font-family: Segoe-UI; font-size: 17px;\">A partir de 1895, il commence \u00e0 exposer ses\u00a0<span id=\"133\">toiles<\/span>\u00a0<\/span><br style=\"font-family: Segoe-UI;font-size: 17px\" data-mce-style=\"font-family: Segoe-UI; font-size: 17px;\"><span id=\"p125\" style=\"font-family: Segoe-UI;font-size: 17px\" data-mce-style=\"font-family: Segoe-UI; font-size: 17px;\"><span id=\"134\">sous<\/span>\u00a0le nom d\u2019<span id=\"135\">Iwill<\/span>, au Salon\u00a0<\/span><span id=\"p126\" style=\"font-family: Segoe-UI;font-size: 17px\" data-mce-style=\"font-family: Segoe-UI; font-size: 17px;\"><span id=\"136\">et<\/span>\u00a0\u00e0 la Soci\u00e9t\u00e9 nationale des beaux-arts<\/span><br style=\"font-family: Segoe-UI;font-size: 17px\" data-mce-style=\"font-family: Segoe-UI; font-size: 17px;\"><span id=\"p127\" style=\"font-family: Segoe-UI;font-size: 17px\" data-mce-style=\"font-family: Segoe-UI; font-size: 17px;\"><span id=\"137\" class=\"s-rg-t\">dont<\/span>\u00a0il est l\u2019un des fondateurs.<\/span><br style=\"font-family: Segoe-UI;font-size: 17px\" data-mce-style=\"font-family: Segoe-UI; font-size: 17px;\"><span id=\"p94\" style=\"font-family: Segoe-UI;font-size: 17px\" data-mce-style=\"font-family: Segoe-UI; font-size: 17px;\">Il obtient au cours de sa\u00a0<span id=\"114\">carri\u00e8re\u00a0<\/span><\/span><span id=\"p95\" style=\"font-family: Segoe-UI;font-size: 17px\" data-mce-style=\"font-family: Segoe-UI; font-size: 17px;\"><span id=\"115\">de<\/span>\u00a0nombreuses m\u00e9dailles lors des diff\u00e9rentes expositions universelles.<\/span><\/p>\n<p style=\"margin: 0px;padding-bottom: 0px;color: #64676e;min-height: 10px\" data-mce-style=\"margin: 0px; padding-bottom: 0px; color: #64676e; min-height: 10px;\"><br style=\"font-family: Segoe-UI;font-size: 17px\" data-mce-style=\"font-family: Segoe-UI; font-size: 17px;\"><\/p>\n<p><span style=\"font-size: 16.0pt;line-height: 115%;font-family: 'High Tower Text','serif'\" data-mce-style=\"font-size: 16.0pt; line-height: 115%; font-family: 'High Tower Text','serif'; mso-fareast-font-family: Calibri; mso-fareast-theme-font: minor-latin; mso-bidi-font-family: 'Times New Roman'; mso-bidi-theme-font: minor-bidi; mso-ansi-language: FR; mso-fareast-language: EN-US; mso-bidi-language: AR-SA;\"><b><span style=\"color: #f79646\" data-mce-style=\"color: #f79646; mso-themecolor: accent6;\"><br \/><!-- [if !supportLineBreakNewLine]--><br \/><!--[endif]--><\/span><\/b><\/span><\/p>\n","protected":false},"featured_media":14476,"template":"","meta":[],"product_brand":[],"product_cat":[278],"product_tag":[],"class_list":{"0":"post-14488","1":"product","2":"type-product","3":"status-publish","4":"has-post-thumbnail","6":"product_cat-saint-martin","7":"description-off","9":"first","10":"instock","11":"shipping-taxable","12":"purchasable","13":"product-type-simple"},"aioseo_notices":[],"_links":{"self":[{"href":"https:\/\/www.carrerivegauche.com\/fr\/wp-json\/wp\/v2\/product\/14488","targetHints":{"allow":["GET"]}}],"collection":[{"href":"https:\/\/www.carrerivegauche.com\/fr\/wp-json\/wp\/v2\/product"}],"about":[{"href":"https:\/\/www.carrerivegauche.com\/fr\/wp-json\/wp\/v2\/types\/product"}],"wp:featuredmedia":[{"embeddable":true,"href":"https:\/\/www.carrerivegauche.com\/fr\/wp-json\/wp\/v2\/media\/14476"}],"wp:attachment":[{"href":"https:\/\/www.carrerivegauche.com\/fr\/wp-json\/wp\/v2\/media?parent=14488"}],"wp:term":[{"taxonomy":"product_brand","embeddable":true,"href":"https:\/\/www.carrerivegauche.com\/fr\/wp-json\/wp\/v2\/product_brand?post=14488"},{"taxonomy":"product_cat","embeddable":true,"href":"https:\/\/www.carrerivegauche.com\/fr\/wp-json\/wp\/v2\/product_cat?post=14488"},{"taxonomy":"product_tag","embeddable":true,"href":"https:\/\/www.carrerivegauche.com\/fr\/wp-json\/wp\/v2\/product_tag?post=14488"}],"curies":[{"name":"wp","href":"https:\/\/api.w.org\/{rel}","templated":true}]}}