 

{"id":14475,"date":"2022-02-17T11:20:43","date_gmt":"2022-02-17T10:20:43","guid":{"rendered":"https:\/\/www.carrerivegauche.com\/boutique-crg\/paysage-mediterraneen-par-leon-zeytline\/"},"modified":"2023-04-01T15:37:57","modified_gmt":"2023-04-01T13:37:57","slug":"paysage-mediterraneen-par-leon-zeytline","status":"publish","type":"product","link":"https:\/\/www.carrerivegauche.com\/fr\/boutique-crg\/paysage-mediterraneen-par-leon-zeytline\/","title":{"rendered":"Paysage m\u00e9diterran\u00e9en par L\u00e9on ZEYTLINE"},"content":{"rendered":"<p style=\"margin: 0px;padding-bottom: 0px;min-height: 10px;font-family: Segoe-UI;font-size: 17px\" data-mce-style=\"margin: 0px; padding-bottom: 0px; min-height: 10px; font-family: Segoe-UI; font-size: 17px;\"><span id=\"p34\"><span id=\"48\">Une partie<\/span>\u00a0de sa production\u00a0<\/span><span id=\"p35\"><span id=\"49\">est consacr\u00e9e<\/span>\u00a0aux\u00a0<span id=\"50\">paysages,\u00a0<\/span><\/span><span id=\"p36\"><span id=\"52\">marines<\/span>, montagnes, lacs\u2026<\/span><br \/><span id=\"p37\">Des \u0153uvres plus intimes, sans humain,\u00a0<\/span><span id=\"p38\"><span id=\"53\">o\u00f9<\/span>\u00a0seule la nature r\u00e8gne en ma\u00eetre.<\/span><\/p>\n<p style=\"margin: 0px;padding-bottom: 0px;min-height: 10px;font-family: Segoe-UI;font-size: 17px\" data-mce-style=\"margin: 0px; padding-bottom: 0px; min-height: 10px; font-family: Segoe-UI; font-size: 17px;\"><span id=\"p40\">Le peintre d\u00e9veloppe ici son talent de\u00a0<span id=\"54\">coloriste,\u00a0<\/span><\/span><span id=\"p41\"><span id=\"56\">avec<\/span>\u00a0des \u0153uvres beaucoup plus en mati\u00e8re.<\/span><span id=\"p42\"><\/span><br \/><span id=\"p43\">Il y a un v\u00e9ritable vent de\u00a0<span id=\"57\">libert\u00e9\u00a0<\/span><\/span><span id=\"p44\"><span id=\"58\">qui<\/span>\u00a0souffle sur ses peintures.<\/span><span id=\"p45\"><\/span><br \/><span id=\"p46\">L\u2019artiste offre au spectateur la vision d\u2019une nature\u00a0<span id=\"59\">vivante,\u00a0<\/span><\/span><span id=\"p47\"><span id=\"61\">dans<\/span>\u00a0laquelle on peut vivre, se promener, sans astreinte<\/span><\/p>\n","protected":false},"excerpt":{"rendered":"<p>D\u00e9couvrez en plus avec notre vid\u00e9o sur you tube\u00a0<br \/>https:\/\/www.youtube.com\/watch?v=agC4AnwFDW0&amp;t=15s<\/p>\n<p style=\"margin: 0px;padding-bottom: 0px;min-height: 10px\" data-mce-style=\"margin: 0px; padding-bottom: 0px; min-height: 10px;\"><span id=\"p0\">L\u00e9on\u00a0<span id=\"12\" class=\"s-rg-t\">Zeytline<\/span>, n\u00e9 \u00e0 Paris de parents d\u2019origine russe.<\/span><\/p>\n<p style=\"margin: 0px;padding-bottom: 0px;min-height: 10px\" data-mce-style=\"margin: 0px; padding-bottom: 0px; min-height: 10px;\"><span id=\"p1\">Cinq ans plus tard, \u00e0 la mort de son p\u00e8re\u00a0<\/span><span id=\"14\">la<\/span>\u00a0famille retourne en\u00a0<span id=\"15\">Russie<\/span><\/p>\n<p style=\"margin: 0px;padding-bottom: 0px;min-height: 10px\" data-mce-style=\"margin: 0px; padding-bottom: 0px; min-height: 10px;\"><span id=\"p3\">De 1900 \u00e0 1906, il \u00e9tudie les arts\u00a0<\/span><span id=\"16\">\u00e0<\/span>\u00a0l\u2019<span id=\"17\">Ecole<\/span>\u00a0de peinture et de sculpture.<\/p>\n<p style=\"margin: 0px;padding-bottom: 0px;min-height: 10px\" data-mce-style=\"margin: 0px; padding-bottom: 0px; min-height: 10px;\"><span id=\"p6\">Grand voyageur, malgr\u00e9 ses \u00e9tudes,<\/span>(Finlande, pays\u00a0<span id=\"18\">balte..<\/span>)\u00a0<span id=\"20\">il<\/span>\u00a0tombe amoureux de la\u00a0<span id=\"21\">France\u00a0<\/span><span id=\"22\">plus<\/span>\u00a0pr\u00e9cis\u00e9ment de Paris,<\/p>\n<p style=\"margin: 0px;padding-bottom: 0px;min-height: 10px\" data-mce-style=\"margin: 0px; padding-bottom: 0px; min-height: 10px;\"><span id=\"p10\"><span id=\"13\">et<\/span>\u00a0d\u00e9cide de s\u2019y installer.<\/span><span id=\"p11\">\u00a0<\/span><\/p>\n<p style=\"margin: 0px;padding-bottom: 0px;min-height: 10px\" data-mce-style=\"margin: 0px; padding-bottom: 0px; min-height: 10px;\"><br style=\"font-family: Segoe-UI;font-size: 17px\" data-mce-style=\"font-family: Segoe-UI; font-size: 17px;\"><\/p>\n<p><b><span style=\"color: #f79646\" data-mce-style=\"color: #f79646;\"><br \/><!-- [if !supportLineBreakNewLine]--><br \/><!--[endif]--><\/span><\/b><\/p>\n","protected":false},"featured_media":14463,"template":"","meta":[],"product_brand":[],"product_cat":[278],"product_tag":[],"class_list":{"0":"post-14475","1":"product","2":"type-product","3":"status-publish","4":"has-post-thumbnail","6":"product_cat-saint-martin","7":"description-off","9":"first","10":"instock","11":"shipping-taxable","12":"purchasable","13":"product-type-simple"},"aioseo_notices":[],"_links":{"self":[{"href":"https:\/\/www.carrerivegauche.com\/fr\/wp-json\/wp\/v2\/product\/14475","targetHints":{"allow":["GET"]}}],"collection":[{"href":"https:\/\/www.carrerivegauche.com\/fr\/wp-json\/wp\/v2\/product"}],"about":[{"href":"https:\/\/www.carrerivegauche.com\/fr\/wp-json\/wp\/v2\/types\/product"}],"wp:featuredmedia":[{"embeddable":true,"href":"https:\/\/www.carrerivegauche.com\/fr\/wp-json\/wp\/v2\/media\/14463"}],"wp:attachment":[{"href":"https:\/\/www.carrerivegauche.com\/fr\/wp-json\/wp\/v2\/media?parent=14475"}],"wp:term":[{"taxonomy":"product_brand","embeddable":true,"href":"https:\/\/www.carrerivegauche.com\/fr\/wp-json\/wp\/v2\/product_brand?post=14475"},{"taxonomy":"product_cat","embeddable":true,"href":"https:\/\/www.carrerivegauche.com\/fr\/wp-json\/wp\/v2\/product_cat?post=14475"},{"taxonomy":"product_tag","embeddable":true,"href":"https:\/\/www.carrerivegauche.com\/fr\/wp-json\/wp\/v2\/product_tag?post=14475"}],"curies":[{"name":"wp","href":"https:\/\/api.w.org\/{rel}","templated":true}]}}