 

{"id":14316,"date":"2022-01-21T11:06:21","date_gmt":"2022-01-21T10:06:21","guid":{"rendered":"https:\/\/www.carrerivegauche.com\/boutique-crg\/grande-huile-sur-toile-basse-cour-par-alexandre-defaux\/"},"modified":"2024-06-25T18:07:24","modified_gmt":"2024-06-25T16:07:24","slug":"grande-huile-sur-toile-basse-cour-par-alexandre-defaux","status":"publish","type":"product","link":"https:\/\/www.carrerivegauche.com\/fr\/boutique-crg\/grande-huile-sur-toile-basse-cour-par-alexandre-defaux\/","title":{"rendered":"Grande huile sur toile, Basse-cour par Alexandre DEFAUX"},"content":{"rendered":"<p><span id=\"p9\" style=\"font-family: Segoe-UI;font-size: 17px\" data-mce-style=\"font-family: Segoe-UI; font-size: 17px;\">\u00a0Ses premiers paysages refl\u00e8tent l&rsquo;influence de Corot avec de grandes vues panoramique.<\/span><span id=\"p10\" style=\"font-family: Segoe-UI;font-size: 17px\" data-mce-style=\"font-family: Segoe-UI; font-size: 17px;\"><span id=\"16\" class=\"s-bl-t\">\u00a0 <\/span><\/span><\/p>\n<p><span id=\"p10\" style=\"font-family: Segoe-UI;font-size: 17px\" data-mce-style=\"font-family: Segoe-UI; font-size: 17px;\"><span id=\"16\" class=\"s-bl-t\">Il<\/span>\u00a0est connu pour ses cours de\u00a0ferme<span id=\"17\" class=\"s-bl-t\">\u00a0\u00a0<\/span>remplies de poules ou d&rsquo;oies pleine de vie.<\/span><span id=\"p11\" style=\"font-family: Segoe-UI;font-size: 17px\" data-mce-style=\"font-family: Segoe-UI; font-size: 17px;\"> <br \/>U<span id=\"18\">ne<\/span>\u00a0autre pa<span id=\"19\">rtie<\/span>\u00a0de sa production repr\u00e9sentant des\u00a0sous-bois\u00a0et des\u00a0<span id=\"21\">clairi\u00e8res ,<\/span><span id=\"23\">\u00a0\u00a0<\/span>semble \u00eatre \u00e0 l&rsquo;\u00e9cart de toute activit\u00e9 humaine ou animale.<\/span><span id=\"p12\" style=\"font-family: Segoe-UI;font-size: 17px\" data-mce-style=\"font-family: Segoe-UI; font-size: 17px;\"> La derni\u00e8re repr\u00e9sente la vie des petites villes campagnardes normande et des blles \u00e9glises m\u00e9di\u00e9vales<\/span><\/p>\n<p><span id=\"gmail-p35\" style=\"font-family: Segoe-UI;font-size: 17px\" data-mce-style=\"font-family: Segoe-UI; font-size: 17px;\">Il expose r\u00e9guli\u00e8rement au Salon des artistes fran\u00e7ais.<\/span><span id=\"gmail-p34\" style=\"font-family: Segoe-UI;font-size: 17px\" data-mce-style=\"font-family: Segoe-UI; font-size: 17px;\">\u00a0Il gagne une m\u00e9daille d&rsquo;or \u00e0 l&rsquo;Exposition Universelle de 1900, et nombreuses sont ses toiles dans les mus\u00e9es fran\u00e7ais.<\/span><span id=\"gmail-p30\" style=\"font-family: Segoe-UI;font-size: 17px\" data-mce-style=\"font-family: Segoe-UI; font-size: 17px;\">\u00a0<\/span><\/p>\n","protected":false},"excerpt":{"rendered":"<p style=\"margin: 0px;padding-bottom: 0px;min-height: 10px;font-family: Segoe-UI;font-size: 17px\" data-mce-style=\"margin: 0px; padding-bottom: 0px; min-height: 10px; font-family: Segoe-UI; font-size: 17px;\"><span id=\"p0\">Jean Alexandre\u00a0<span id=\"5\">Defaux<\/span>\u00a01826 \u00e0 -1900 \u00e0 Melun<\/span><\/p>\n<p style=\"margin: 0px;padding-bottom: 0px;min-height: 10px;font-family: Segoe-UI;font-size: 17px\" data-mce-style=\"margin: 0px; padding-bottom: 0px; min-height: 10px; font-family: Segoe-UI; font-size: 17px;\"><span id=\"p2\"><span id=\"6\" class=\"s-rg-t\">est<\/span>\u00a0un peintre fran\u00e7ais de l&rsquo;\u00c9cole de Barbizon.<\/span><span id=\"p3\">\u00a0Il est une figure de la seconde g\u00e9n\u00e9ration de peintres de l&rsquo;\u00c9cole de Barbizon dans la lign\u00e9e de Jean-Baptiste Corot\u00a0<span id=\"p1\">\u2014 dont il fut l&rsquo;\u00e9l\u00e8ve \u2014<\/span>\u00a0et Jean-Fran\u00e7ois Millet.<\/span><span id=\"p4\">\u00a0<\/span><\/p>\n","protected":false},"featured_media":14304,"template":"","meta":[],"product_brand":[],"product_cat":[278],"product_tag":[],"class_list":{"0":"post-14316","1":"product","2":"type-product","3":"status-publish","4":"has-post-thumbnail","6":"product_cat-saint-martin","7":"description-off","9":"first","10":"instock","11":"shipping-taxable","12":"purchasable","13":"product-type-simple"},"aioseo_notices":[],"_links":{"self":[{"href":"https:\/\/www.carrerivegauche.com\/fr\/wp-json\/wp\/v2\/product\/14316","targetHints":{"allow":["GET"]}}],"collection":[{"href":"https:\/\/www.carrerivegauche.com\/fr\/wp-json\/wp\/v2\/product"}],"about":[{"href":"https:\/\/www.carrerivegauche.com\/fr\/wp-json\/wp\/v2\/types\/product"}],"wp:featuredmedia":[{"embeddable":true,"href":"https:\/\/www.carrerivegauche.com\/fr\/wp-json\/wp\/v2\/media\/14304"}],"wp:attachment":[{"href":"https:\/\/www.carrerivegauche.com\/fr\/wp-json\/wp\/v2\/media?parent=14316"}],"wp:term":[{"taxonomy":"product_brand","embeddable":true,"href":"https:\/\/www.carrerivegauche.com\/fr\/wp-json\/wp\/v2\/product_brand?post=14316"},{"taxonomy":"product_cat","embeddable":true,"href":"https:\/\/www.carrerivegauche.com\/fr\/wp-json\/wp\/v2\/product_cat?post=14316"},{"taxonomy":"product_tag","embeddable":true,"href":"https:\/\/www.carrerivegauche.com\/fr\/wp-json\/wp\/v2\/product_tag?post=14316"}],"curies":[{"name":"wp","href":"https:\/\/api.w.org\/{rel}","templated":true}]}}