 

{"id":13934,"date":"2021-12-22T12:51:01","date_gmt":"2021-12-22T11:51:01","guid":{"rendered":"https:\/\/www.carrerivegauche.com\/boutique-crg\/andre-derain-jeune-garcon-assis-1922\/"},"modified":"2022-01-03T16:51:56","modified_gmt":"2022-01-03T15:51:56","slug":"andre-derain-jeune-garcon-assis-1922","status":"publish","type":"product","link":"https:\/\/www.carrerivegauche.com\/fr\/boutique-crg\/andre-derain-jeune-garcon-assis-1922\/","title":{"rendered":"Andr\u00e9 DERAIN, Jeune gar\u00e7on assis, 1922"},"content":{"rendered":"<p class=\"MsoNormal\"><span>Provenance\u00a0\u00a0:<\/span><span><br \/>&#8211; Galerie Simon (Daniel-Henry Kahnweiler), Paris (\u00e9tiquette au dos)<\/span><span><\/span><\/p>\n<p class=\"MsoNormal\"><span>&#8211;\u00a0<\/span><span>Galerie Alfred Flechtheim, Berlin<\/span><span><\/span><\/p>\n<p class=\"MsoNormal\"><span>&#8211; Galerie Thannhauser, Munich\u00a0(\u00e9tiquette au dos)<br \/>&#8211; Allan Frumkin Gallery, New-York<br \/>&#8211; Ohana Gallery, Londres (\u00e9tiquette au dos)<br \/>&#8211; Galerie Motte, Gen\u00e8ve<\/span><\/p>\n<p class=\"MsoNormal\"><span>&#8211; Mus\u00e9e du Petit-Palais, Gen\u00e8ve (acquis aupr\u00e8s de cette derni\u00e8re le 29 juin 1969)\u00a0<\/span><\/p>\n<p class=\"MsoNormal\"><span><br \/><\/span><span>Expositions\u00a0\u00a0\u00a0\u00a0:<\/span><\/p>\n<p class=\"MsoNormal\"><span>&#8211;\u00a0<i>Andr\u00e9 Derain<\/i>, Galerie Alfred Flechtheim, Berlin, avril 1929<\/span><span><\/p>\n<p><\/span><span><\/span><\/p>\n<p class=\"MsoNormal\"><span>&#8211;\u00a0<i>Derain<\/i>, exposition itin\u00e9rante au Royaume-Unis, reproduit au catalogue sous le n\u00b0 71<\/span><span>\u00a0:\u00a0<\/span><\/p>\n<p class=\"MsoNormal\"><span>. Edinburgh, Royal Scottish Academy, du 19 ao\u00fbt au 17 septembre 1967\u00a0<\/span><\/p>\n<p class=\"MsoNormal\"><span>. Londres, The Royal Academy, du 30 septembre au 5 novembre 1967<\/span><\/p>\n<p class=\"MsoNormal\"><i><span>\u00a0<\/span><\/i><\/p>\n<p class=\"MsoNormal\"><i><span>&#8211; Die Gesellschaftliche wirklichkeit der Kinder in der Bildensen Kunst<\/span><\/i><span>, Staatichen Kunsthalle, Berlin, du 16 f\u00e9vrier 1979 au 10 f\u00e9vrier 1980, sous le n\u00b0 245<\/span><\/p>\n<p class=\"MsoNormal\"><span>\u00a0<\/span><\/p>\n<p class=\"MsoNormal\"><span>&#8211;\u00a0<i>Andr\u00e9<\/i>\u00a0<i>Derain<\/i>, exposition itin\u00e9rante au Japon,\u00a0reproduit au catalogue \u00e0 la p. 50 sous le n\u00b0 19 :<\/span><\/p>\n<p class=\"MsoNormal\"><span>. Takashimaya Art Gallery, Tokyo, du 9 avril au 5 mai 1981<\/span><\/p>\n<p class=\"MsoNormal\"><span>. Takashimaya Art Gallery, Osaka, du 7 au 19 mai 1981<\/span><\/p>\n<p class=\"MsoNormal\"><span>. Takashimaya Art Gallery, Kyoto, du 21 mai au 7 juin 1981<\/span><\/p>\n<p class=\"MsoNormal\"><span>. Nagoya City Museum, Nagoya, du 12 juin au 5 juillet 1981<\/span><\/p>\n<p class=\"MsoNormal\"><span>\u00a0<\/span><\/p>\n<p class=\"MsoNormal\"><span>&#8211;\u00a0<i>Andr\u00e9<\/i>\u00a0<i>Derain<\/i>, exposition itin\u00e9rante au Japon, reproduit au catalogue sous le n\u00b0 15\u00a0:<\/span><\/p>\n<p class=\"MsoNormal\"><span>. Mus\u00e9e d\u2019Art de Daimaru, Osaka, du 20 septembre au 1<sup>er<\/sup>\u00a0octobre 1995<\/span><\/p>\n<p class=\"MsoNormal\"><span>. Mus\u00e9e d\u2019Art de Daimaru, Tokyo, du 26 octobre au 7 novembre 1995<\/span><\/p>\n<p class=\"MsoNormal\"><span>. Mus\u00e9e d\u2019Art de Daimaru, Kyoto, du 31 d\u00e9cembre 1995 au 23 janvier 1996<\/span><\/p>\n<p class=\"MsoNormal\"><span>\u00a0<\/span><\/p>\n<p class=\"MsoNormal\"><span>&#8211;\u00a0<i>Andr\u00e9 Derain<\/i>, exposition itin\u00e9rante en Espagne et en Suisse (\u00e9tiquette au dos), d\u00e9crit au catalogue \u00e0 la p. 213 et reproduit en couleur \u00e0 la p. 191 :\u00a0<\/span><\/p>\n<p class=\"MsoNormal\"><span>. Institut Valencia d&rsquo;Art Moderne (IVAM), Valence, du 12 d\u00e9cembre 2002 au 23 f\u00e9vrier 2003<\/span><\/p>\n<p class=\"MsoNormal\"><span>. Lausanne, Fondation de l&rsquo;Hermitage, du 14 mars au 9 juin 2003\u00a0<\/span><span>(\u00e9tiquette au dos)<\/span><span><\/span><\/p>\n<p class=\"MsoNormal\"><span>\u00a0<\/span><span><\/span><\/p>\n<p class=\"MsoNormal\"><span>&#8211;\u00a0<i>L&rsquo;\u00e9cole de Paris : Entre primitivismes et nostalgie<\/i>, exposition itin\u00e9rante au Japon, d\u00e9crit et reproduit au catalogue<\/span><span>\u00a0sous le\u00a0n\u00b0 49 \u00e0 la p. 129 :\u00a0<\/span><\/p>\n<p class=\"MsoNormal\"><span>. Okazaki, Okasaki City Museum, du 3 juin au 30 juillet 2006\u00a0<\/span><\/p>\n<p class=\"MsoNormal\"><span lang=\"EN-US\">. Kumamoto, Prefectural Museum of Art, du 4 ao\u00fbt au 9 octobre 2006<\/span><\/p>\n<p class=\"MsoNormal\"><span>. Hyogo, prefectural Museum of Art, du 18 octobre au 17 d\u00e9cembre 2006\u00a0<\/span><\/p>\n<p class=\"MsoNormal\"><span>\u00a0<\/span><\/p>\n<p class=\"MsoNormal\"><span>&#8211;\u00a0<i>R\u00e9alisme, la symphonie des contraires<\/i>, Fondation Pierre Arnaud, Lens, Suisse, du 20 d\u00e9cembre 2014 au 19 avril 2015, reproduit au catalogue \u00e0 la p. 143\u00a0<\/span><\/p>\n<p class=\"MsoNormal\"><span><br \/><\/span><span>Bibliographie s\u00e9lective :<\/span><\/p>\n<p class=\"MsoNormal\"><span>&#8211;\u00a0<i>Der Querschnitt durch<\/i>, revue artistique cr\u00e9\u00e9e par Alfred Flechtheim et publi\u00e9e entre 1921 et 1933 sous forme d\u2019annuaire, reproduit en 1922 \u00e0 la p. 175<\/span><\/p>\n<p class=\"MsoNormal\"><span>&#8211;\u00a0<i>Der Cicerone,\u00a0<\/i><\/span><i><span>halbmonatsschrift f\u00fcr K\u00fcnstler, Kunstfreunde und Sammler \/ Herausgeber Georg Biermann<\/span><\/i><span>,\u00a0<\/span><span>revue d\u2019art de 1909 \u00e0 1930, Leipzig, reproduit dans le n\u00b0 XV de 1923 \u00e0 la p. 220\u00a0<\/span><\/p>\n<p class=\"MsoNormal\"><span>&#8211;\u00a0<i>Kunst und K\u00fcnstler XXI<\/i>, revue mensuelle illustr\u00e9e d\u2019art visuel et artisanat, Berlin, 1923, reproduit \u00e0 la p. 144\u00a0<\/span><\/p>\n<p class=\"MsoNormal\"><span>&#8211;\u00a0<i>Andr\u00e9 Derain<\/i>\u00a0par Elie Faure, \u00c9ditions G. Cr\u00e8s &amp; Cie, Paris, 1923, reproduit pl. 25<\/span><\/p>\n<p class=\"MsoNormal\"><span>&#8211;\u00a0<i>Andr\u00e9 Derain\u00a0<\/i>par Andr\u00e9 Salmon, collection\u00a0<i>Les Peintres Fran\u00e7ais Nouveaux\u00a0<\/i>publi\u00e9e sous la direction de Roger Allard, n\u00b0 15, \u00c9ditions de la Nouvelle Revue Fran\u00e7aise, Paris, 1924, reproduit \u00e0 la p. 61<\/span><\/p>\n<p class=\"MsoNormal\"><span>&#8211; Michel Kellermann,\u00a0<i>Andr\u00e9 Derain : Catalogue Raisonn\u00e9 de l&rsquo;\u0153uvre peint<\/i>.\u00a0<i>Tome II<\/i>.\u00a0<i>1915-1934<\/i>, \u00c9ditions Galerie Schmit, Paris, 1996, d\u00e9crit et reproduit \u00e0 la p. 143 sous le n\u00b0 889<\/span><\/p>\n","protected":false},"excerpt":{"rendered":"<p class=\"MsoNormal\"><i>Jeune Gar\u00e7on Assis<\/i>\u00a0<em>ou\u00a0<\/em><i>Le Gosse<\/i>,\u00a0<em>ou\u00a0<\/em><i>Le Gosse Assis<\/i>,\u00a01922<\/p>\n<p class=\"MsoNormal\"><\/p>\n<p class=\"MsoNormal\">Huile sur toile<br \/>Sign\u00e9e en bas \u00e0 droite\u00a0<\/p>\n<p class=\"MsoNormal\"><i>a derain<\/i><i><br \/><\/i>73 x 60 cm<\/p>\n","protected":false},"featured_media":13928,"template":"","meta":[],"product_brand":[],"product_cat":[228],"product_tag":[],"class_list":{"0":"post-13934","1":"product","2":"type-product","3":"status-publish","4":"has-post-thumbnail","6":"product_cat-modernes","7":"description-off","9":"first","10":"instock","11":"shipping-taxable","12":"product-type-simple"},"aioseo_notices":[],"_links":{"self":[{"href":"https:\/\/www.carrerivegauche.com\/fr\/wp-json\/wp\/v2\/product\/13934","targetHints":{"allow":["GET"]}}],"collection":[{"href":"https:\/\/www.carrerivegauche.com\/fr\/wp-json\/wp\/v2\/product"}],"about":[{"href":"https:\/\/www.carrerivegauche.com\/fr\/wp-json\/wp\/v2\/types\/product"}],"wp:featuredmedia":[{"embeddable":true,"href":"https:\/\/www.carrerivegauche.com\/fr\/wp-json\/wp\/v2\/media\/13928"}],"wp:attachment":[{"href":"https:\/\/www.carrerivegauche.com\/fr\/wp-json\/wp\/v2\/media?parent=13934"}],"wp:term":[{"taxonomy":"product_brand","embeddable":true,"href":"https:\/\/www.carrerivegauche.com\/fr\/wp-json\/wp\/v2\/product_brand?post=13934"},{"taxonomy":"product_cat","embeddable":true,"href":"https:\/\/www.carrerivegauche.com\/fr\/wp-json\/wp\/v2\/product_cat?post=13934"},{"taxonomy":"product_tag","embeddable":true,"href":"https:\/\/www.carrerivegauche.com\/fr\/wp-json\/wp\/v2\/product_tag?post=13934"}],"curies":[{"name":"wp","href":"https:\/\/api.w.org\/{rel}","templated":true}]}}