 

{"id":13902,"date":"2021-12-17T12:39:50","date_gmt":"2021-12-17T11:39:50","guid":{"rendered":"https:\/\/www.carrerivegauche.com\/boutique-crg\/cabinet-genois-a-deux-corps-dit-stipo-decor-a-bambocci\/"},"modified":"2022-01-03T16:52:24","modified_gmt":"2022-01-03T15:52:24","slug":"cabinet-genois-a-deux-corps-dit-stipo-decor-a-bambocci","status":"publish","type":"product","link":"https:\/\/www.carrerivegauche.com\/fr\/boutique-crg\/cabinet-genois-a-deux-corps-dit-stipo-decor-a-bambocci\/","title":{"rendered":"Cabinet G\u00e9nois \u00e0 deux corps dit \u00ab\u00a0Stipo\u00a0\u00bb d\u00e9cor \u00e0 Bambocci"},"content":{"rendered":"<p>Ce stipo, petit cabinet italien en noyer et ronce de noyer, est un remarquable exemple de l\u2019art mani\u00e9riste appliqu\u00e9 aux arts d\u00e9coratifs \u00e0 la fin du XVIe si\u00e8cle.<\/p>\n<p>En effet, si le mouvement mani\u00e9riste est n\u00e9 et a m\u00fbri \u00e0 Florence, avant d\u2019acqu\u00e9rir son caract\u00e8re international, il s\u2019est particuli\u00e8rement \u00e9panoui en Italie du Nord \u00e0 la fin du XVIe si\u00e8cle et au d\u00e9but du XVIIe si\u00e8cle.<\/p>\n<p>Contrairement au reste de l\u2019Italie qui adopte tr\u00e8s t\u00f4t des motifs d\u2019inspiration classique, les principaux \u00e9l\u00e9ments d\u00e9coratifs, sp\u00e9cifiques de la Renaissance perdurent encore tr\u00e8s tard et m\u00eame tout au long du XVIIe si\u00e8cle, dans toutes les r\u00e9gions du nord.<\/p>\n<p>C\u2019est en Ligurie, que cette tendance est la plus nette sur le mobilier, et principalement \u00e0 G\u00eanes o\u00f9 appara\u00eet toute une cat\u00e9gorie de meubles au d\u00e9cor sculpt\u00e9 d\u2019un monde spectaculaire de personnages que l\u2019on appelle \u00ab\u00a0bambocci\u00a0\u00bb. Ces meubles produits sp\u00e9cifiquement \u00e0 G\u00eanes s\u2019inspirent ainsi du mani\u00e9risme toscan.<\/p>\n<p>Ce cabinet g\u00e9nois est \u00e0 deux corps superpos\u00e9s. L\u2019encadrement est orn\u00e9 de petites figurines et de chutes de fleures et de fruits travaill\u00e9es avec virtuosit\u00e9 dans un seul bloc de noyer plaqu\u00e9 ensuite sur chaque montant. Inspir\u00e9es des bambocci, elles composent un hymne \u00e0 la vie et aux divinit\u00e9s de la nature.<\/p>\n<p>Le corps inf\u00e9rieur \u00a0s\u2019\u00e9l\u00e8ve sur une base moulur\u00e9e reposant sur de tr\u00e8s beaux pieds en patte de lion d\u00e9bordantes. Il ouvre \u00e0 deux vantaux aux fines moulures composant un arc cintr\u00e9 dont les \u00e9coin\u00e7on sont garnis de feuillages. De part et d\u2019autre, sont sculpt\u00e9 de petits personnages f\u00e9minins, d\u00e9nud\u00e9s, prot\u00e9geant leur pudeur de leurs mains dans une pose harmonieuse\/ Ils reposent sur une t\u00eate d\u2019angelot ail\u00e9e et un bouquet de fleurs. Aux angles s\u2019\u00e9l\u00e8vent deux fines colonnes cannel\u00e9es.<\/p>\n<p>La ceinture comporte deux tiroirs s\u00e9par\u00e9s par des putti atlantes sculpt\u00e9s sur des modillons.<\/p>\n<p>Le corps sup\u00e9rieur est encadr\u00e9 de deux admirables colonnes cannel\u00e9es identiques \u00e0 celles du corps inf\u00e9rieur. Les montants sont sculpt\u00e9s des cariatides engain\u00e9es pos\u00e9es sur une t\u00eate d\u2019angelot ail\u00e9e et des enroulements de feuilles.<\/p>\n<p>Au centre se trouve un admirable d\u00e9cor architectonique r\u00e9v\u00e9lant un portique \u00e0 l\u2019antique \u00e0 fronton triangulaire au fronton, sous lequel se trouve une femme drap\u00e9e et tenant de sa main droite, une palme. De part et d\u2019autre s\u2019ouvrent quatre tiroirs et un vantail sur lequel une femme, le corps nu, pose dans une niche.<\/p>\n<p>Un entablement rythm\u00e9 par trois putti atlantes couronne le meuble. Il est bord\u00e9 d\u2019une frise de denticules.<\/p>\n<p>Sur les panneaux des c\u00f4t\u00e9s du corps inf\u00e9rieur des cadres moulur\u00e9s animent la surface tandis que ceux du corps sup\u00e9rieur sont d\u00e9cor\u00e9s d\u2019une arcature aux \u00e9coin\u00e7ons sculpt\u00e9s de feuilles. Comme en fa\u00e7ade, la corniche est soutenue par des puttis.<\/p>\n<p><b>Bibliographie<\/b><\/p>\n<p><b><\/b>Silvano Colombo, <i>L&rsquo;arte del mobile in Italia<\/i>, Bramante Editrice, 1981<\/p>\n<p><span lang=\"EN-US\">Augusto Pedrini, <i>Il Mobilio gli ambienti e le Decorazioni del Rinascimento in Italia<\/i>, Stringa Editore, 1969<\/span><\/p>\n<hr>\n<p><em><span lang=\"EN-US\" data-mce-style=\"font-size: 12pt; font-family: 'Times New Roman', serif;\">This stipo, little Italian cabinet made of walnut and walnut burl, is a remarkable example of Mannerism applied to decorative arts during the late 16<sup>th<\/sup> century.<\/span><\/em><\/p>\n<p><em><span lang=\"EN-US\" data-mce-style=\"font-size: 12pt; font-family: 'Times New Roman', serif;\">While the Mannerist movement was born and developed in Florence before becoming international, it is in Northern Italy that Mannerism fully bloomed during the late 16<sup>th<\/sup> and early 17<sup>th<\/sup> century.<\/span><\/em><\/p>\n<p><em><span lang=\"EN-US\" data-mce-style=\"font-size: 12pt; font-family: 'Times New Roman', serif;\">Contrary to the rest of Italy where classical motifs are adopted very early on, Renaissance decorative elements persist very late all through the 17<sup>th<\/sup> century in the Northern regions.<\/span><\/em><\/p>\n<p><em><span lang=\"EN-US\" data-mce-style=\"font-size: 12pt; font-family: 'Times New Roman', serif;\">It is in Liguria that this fashion appears the most clearly on furniture and especially in Genoa where appears a whole category of cabinets with richly carved decor of exuberant figures called bambocci. This specifically Genoan type of furniture draws inspiration from Tuscan Mannerism.<\/span><\/em><\/p>\n<p><em><span lang=\"EN-US\" data-mce-style=\"font-size: 12pt; font-family: 'Times New Roman', serif;\">This Genoan cabinet is made of two superimposed bodies. The frame is ornated with small figures and fruit and flower garlands executed with virtuosity in a block of walnut wood then applied on each jamb. Inspired by bambocci those figures celebrate life and the deities of nature.<\/span><\/em><\/p>\n<p><em><span lang=\"EN-US\" data-mce-style=\"font-size: 12pt; font-family: 'Times New Roman', serif;\">The lower body stands on a moulded base supported by beautiful overlapping lion paws. It opens with two door-leaves. The finely moulded arches&rsquo; spandrels are garnished with foliage. On each side are carved small naked female figures covering themselves with their hands in an harmonious pose. They stand on angel heads and flower bouquets. In the angles rise two thin grooved columns.<\/span><\/em><\/p>\n<p><em><span lang=\"EN-US\" data-mce-style=\"font-size: 12pt; font-family: 'Times New Roman', serif;\">The belt comprises two drawers flanked by atlant putti carved on top of modillions.<\/span><\/em><\/p>\n<p><em><span lang=\"EN-US\" data-mce-style=\"font-size: 12pt; font-family: 'Times New Roman', serif;\">The upper body is framed by two admirable grooved columns identical to those on the lower body. The jambs are adorned with sheathed caryatids standing on angel heads and foliated scrolls.<\/span><\/em><\/p>\n<p><em><span lang=\"EN-US\" data-mce-style=\"font-size: 12pt; font-family: 'Times New Roman', serif;\">In the centre is an admirable architectonic decor revealing an Antique portico with a triangular pediment. A draped woman holds in her hand a palm leaf. On both sides are located foor drawers as well as a door-leaf where a naked woman takes place in a niche.<\/span><\/em><\/p>\n<p><em><span lang=\"EN-US\" data-mce-style=\"font-size: 12pt; font-family: 'Times New Roman', serif;\">The entablature is divided by three atlant putti topping the cabinet. The cabinet is finished by a dentil frieze.<\/span><\/em><\/p>\n<p><em><span lang=\"EN-US\" data-mce-style=\"font-size: 12pt; font-family: 'Times New Roman', serif;\">On the lateral panels of the lower body moulded frames animate the surface while on the upper body they are adorned with an arcature, foliages granishing the spandrels. As on the facade the cornice is supported by putti.<\/span><\/em><\/p>\n<p><em><b><span data-mce-style=\"font-size: 12pt; font-family: 'Times New Roman', serif;\">Bibliography<\/span><\/b><\/em><\/p>\n<p><em><b><\/b><span data-mce-style=\"font-size: 12pt; font-family: 'Times New Roman', serif;\">Silvano Colombo, L&rsquo;arte del mobile in Italia, Bramante Editrice, 1981<\/span><\/em><\/p>\n<p><em><span lang=\"EN-US\" data-mce-style=\"color: #000000; font-size: 12pt; font-family: 'Times New Roman', serif;\">Augusto Pedrini, Il Mobilio gli ambienti e le Decorazioni del Rinascimento in Italia, Stringa Editore, 1969<\/span><\/em><\/p>\n","protected":false},"excerpt":{"rendered":"<p><strong>CABINET G\u00c9NOIS \u00c0 DEUX CORPS DIT \u00ab\u00a0STIPO\u00a0\u00bb D\u00c9COR \u00c0 BAMBOCCI<\/strong><br \/><strong>ORIGINE : ITALIE, G\u00caNES<\/strong><br \/><strong>P\u00c9RIODE : XVIe SI\u00c8CLE<\/strong><br \/>Hauteur : 185 cm<br \/>Largeur : 114 cm<br \/>Profondeur : 52 cm<br \/>Bois de noyer blond<br \/>Parfait \u00e9tat de conservation<\/p>\n<p><strong><em>TWO BODIED GENOAN \u00ab\u00a0STIPO\u00a0\u00bb CABINET WITH A BAMBOCCI DECOR<\/em><\/strong><br \/><strong><em>ORIGIN : ITALY, GENOA<\/em><\/strong><br \/><strong><em>PERIOD : 16th CENTURY<\/em><\/strong><br \/><em>Height : 185 cm<\/em><br \/><em>Length : 114 cm<\/em><br \/><em>Depth : 52 cm<\/em><br \/><em>Blond walnut wood<\/em><br \/><i>Excellent condition<\/i><\/p>\n","protected":false},"featured_media":13912,"template":"","meta":[],"product_brand":[],"product_cat":[224],"product_tag":[],"class_list":{"0":"post-13902","1":"product","2":"type-product","3":"status-publish","4":"has-post-thumbnail","6":"product_cat-laroche","7":"description-off","9":"first","10":"instock","11":"shipping-taxable","12":"product-type-simple"},"aioseo_notices":[],"_links":{"self":[{"href":"https:\/\/www.carrerivegauche.com\/fr\/wp-json\/wp\/v2\/product\/13902","targetHints":{"allow":["GET"]}}],"collection":[{"href":"https:\/\/www.carrerivegauche.com\/fr\/wp-json\/wp\/v2\/product"}],"about":[{"href":"https:\/\/www.carrerivegauche.com\/fr\/wp-json\/wp\/v2\/types\/product"}],"wp:featuredmedia":[{"embeddable":true,"href":"https:\/\/www.carrerivegauche.com\/fr\/wp-json\/wp\/v2\/media\/13912"}],"wp:attachment":[{"href":"https:\/\/www.carrerivegauche.com\/fr\/wp-json\/wp\/v2\/media?parent=13902"}],"wp:term":[{"taxonomy":"product_brand","embeddable":true,"href":"https:\/\/www.carrerivegauche.com\/fr\/wp-json\/wp\/v2\/product_brand?post=13902"},{"taxonomy":"product_cat","embeddable":true,"href":"https:\/\/www.carrerivegauche.com\/fr\/wp-json\/wp\/v2\/product_cat?post=13902"},{"taxonomy":"product_tag","embeddable":true,"href":"https:\/\/www.carrerivegauche.com\/fr\/wp-json\/wp\/v2\/product_tag?post=13902"}],"curies":[{"name":"wp","href":"https:\/\/api.w.org\/{rel}","templated":true}]}}