 

{"id":13894,"date":"2021-12-17T11:10:56","date_gmt":"2021-12-17T10:10:56","guid":{"rendered":"https:\/\/www.carrerivegauche.com\/boutique-crg\/chayere-depoque-renaissance\/"},"modified":"2022-01-03T16:52:54","modified_gmt":"2022-01-03T15:52:54","slug":"chayere-depoque-renaissance","status":"publish","type":"product","link":"https:\/\/www.carrerivegauche.com\/fr\/boutique-crg\/chayere-depoque-renaissance\/","title":{"rendered":"Chay\u00e8re d&rsquo;\u00e9poque renaissance"},"content":{"rendered":"<p>Cette chay\u00e8re aux belles proportions repose sur une base rectangulaire en forme de caisse, aux faces sculpt\u00e9es en m\u00e9plat de vermiculures.\u00a0 Il est surmont\u00e9 d\u2019une mouluration faite de godrons en haut-relief. Les accotoirs incurv\u00e9s reposent sur deux imposants balustres. Ils sont garnis d\u2019une belle feuille d\u2019acanthe.<\/p>\n<p>Les montants du dossier sont form\u00e9s de deux pilastres cannel\u00e9s. Ils flanquent un panneau central d\u00e9cor\u00e9 de vermiculures se d\u00e9ployant autour d\u2019une rosace. Sur des chapiteaux ioniques repose un entablement dont la frise est d\u00e9cor\u00e9e de motifs g\u00e9om\u00e9triques<\/p>\n<p>Cette chay\u00e8re bien architectur\u00e9e et \u00e9l\u00e9gamment sculpt\u00e9e est un tr\u00e8s belle exemple des r\u00e9alisations lyonnaises entre les 1530-1550. En effet, d\u00e8s lors, le mobilier emprunte ses formes et son vocabulaire \u00e0 l\u2019architecture. Les montants prennent alors la forme de pilastres cannel\u00e9s tandis qu\u2019un entablement couvre la chay\u00e8re, s\u2019inspirant des portiques antiques.<\/p>\n<p><b>Bibliographie<\/b><\/p>\n<p><b><\/b>Jacqueline Boccador,\u00a0<i>Le mobilier fran\u00e7ais du Moyen-\u00e2ge \u00e0 la Renaissance<\/i>, Monelle Hayot, 2000<\/p>\n<p>Edith Mannoni,\u00a0<i>Le mobilier lyonnais<\/i>, Charles Massin, 2017<\/p>\n<hr>\n<p><em><span lang=\"EN-US\" data-mce-style=\"font-size: 12pt; font-family: 'Times New Roman', serif;\">This\u00a0chay\u00e8re\u00a0chair of beautiful proportions stands on a rectangular box base enriched by\u00a0vermiculure\u00a0motifs executed in flat-plane. This base is topped by a moulding of strong gadroons in high-relief. The curved arm-rests are supported by two large balusters. They are adorned by acanthus leaves.<\/span><\/em><\/p>\n<p><em><span lang=\"EN-US\" data-mce-style=\"font-size: 12pt; font-family: 'Times New Roman', serif;\">The chair back is framed by two grooved pilasters. The central panel is ornated with vermiculures spreading around a rose. Above the Ionic capitals the entablature presents a frieze of geometric motifs.<\/span><\/em><\/p>\n<p><em><span lang=\"EN-US\" data-mce-style=\"font-size: 12pt; font-family: 'Times New Roman', serif;\">This well architectured and elegant\u00a0chay\u00e8re\u00a0chair is a very fine example of Lyon productions from around 1530 and 1550. At the time furniture borrows shapes and vocabulary from architecture. Jambs are then shaped as grooved pilasters and the entablature topping the chair echoes antique porticos.<\/span><\/em><\/p>\n<p><em><b><span data-mce-style=\"font-size: 12pt; font-family: 'Times New Roman', serif;\">Literature\u00a0:<\/span><\/b><\/em><\/p>\n<p><em><b><\/b><span data-mce-style=\"font-size: 12pt; font-family: 'Times New Roman', serif;\">Jacqueline Boccador,\u00a0Le mobilier fran\u00e7ais du Moyen-\u00e2ge \u00e0 la Renaissance, Monelle Hayot, 2000<\/span><\/em><\/p>\n<p><em><span data-mce-style=\"color: #000000; font-size: 12pt; font-family: 'Times New Roman', serif;\">Edith Mannoni,\u00a0Le mobilier lyonnais, Charles Massin, 2017<\/span><\/em><\/p>\n","protected":false},"excerpt":{"rendered":"<p><strong>CHAY\u00c8RE D&rsquo;\u00c9POQUE RENAISSANCE<\/strong><br \/><strong>ORIGINE : FRANCE, ATELIER LYONNAIS<\/strong><br \/><strong>P\u00c9RIODE : XVIe SI\u00c8CLE, 1530-1550<\/strong><br \/>Hauteur : 180 cm<br \/>Largeur : 75 cm<br \/>Profondeur : 44 cm<br \/>Bois de noyer blond<br \/>Bon \u00e9tat de conservation<\/p>\n<h3><\/h3>\n<p><strong><em>RENAISSANCE \u00ab\u00a0CHAY\u00c8RE\u00a0\u00bb CHAIR<\/em><\/strong><br \/><strong><em>ORIGIN : FRANCE, LYON WORKSHOPS<\/em><\/strong><br \/><strong><em>PERIOD : 16th CENTURY, 1530-1550<\/em><\/strong><br \/><em>Height : 180 cm<\/em><br \/><em>Length : 75 cm<\/em><br \/><em>Depth : 44 cm<\/em><br \/><em>Blond walnut wood<\/em><br \/><em>Good condition<\/em><\/p>\n","protected":false},"featured_media":13915,"template":"","meta":[],"product_brand":[],"product_cat":[224],"product_tag":[],"class_list":{"0":"post-13894","1":"product","2":"type-product","3":"status-publish","4":"has-post-thumbnail","6":"product_cat-laroche","7":"description-off","9":"first","10":"instock","11":"shipping-taxable","12":"product-type-simple"},"aioseo_notices":[],"_links":{"self":[{"href":"https:\/\/www.carrerivegauche.com\/fr\/wp-json\/wp\/v2\/product\/13894","targetHints":{"allow":["GET"]}}],"collection":[{"href":"https:\/\/www.carrerivegauche.com\/fr\/wp-json\/wp\/v2\/product"}],"about":[{"href":"https:\/\/www.carrerivegauche.com\/fr\/wp-json\/wp\/v2\/types\/product"}],"wp:featuredmedia":[{"embeddable":true,"href":"https:\/\/www.carrerivegauche.com\/fr\/wp-json\/wp\/v2\/media\/13915"}],"wp:attachment":[{"href":"https:\/\/www.carrerivegauche.com\/fr\/wp-json\/wp\/v2\/media?parent=13894"}],"wp:term":[{"taxonomy":"product_brand","embeddable":true,"href":"https:\/\/www.carrerivegauche.com\/fr\/wp-json\/wp\/v2\/product_brand?post=13894"},{"taxonomy":"product_cat","embeddable":true,"href":"https:\/\/www.carrerivegauche.com\/fr\/wp-json\/wp\/v2\/product_cat?post=13894"},{"taxonomy":"product_tag","embeddable":true,"href":"https:\/\/www.carrerivegauche.com\/fr\/wp-json\/wp\/v2\/product_tag?post=13894"}],"curies":[{"name":"wp","href":"https:\/\/api.w.org\/{rel}","templated":true}]}}