 

{"id":13850,"date":"2021-11-22T18:46:18","date_gmt":"2021-11-22T17:46:18","guid":{"rendered":"https:\/\/www.carrerivegauche.com\/boutique-crg\/huile-sur-toile-famille-de-chats-par-jules-gustave-leroy\/"},"modified":"2023-04-01T15:35:19","modified_gmt":"2023-04-01T13:35:19","slug":"huile-sur-toile-famille-de-chats-par-jules-gustave-leroy","status":"publish","type":"product","link":"https:\/\/www.carrerivegauche.com\/fr\/boutique-crg\/huile-sur-toile-famille-de-chats-par-jules-gustave-leroy\/","title":{"rendered":"Huile sur toile, Famille de Chats par Jules Gustave LEROY"},"content":{"rendered":"<p><\/p>\n","protected":false},"excerpt":{"rendered":"<p><span style=\"color: #64676e;font-family: Segoe-UI;font-size: 17px\" data-mce-style=\"color: #64676e; font-family: Segoe-UI; font-size: 17px;\">LE ROY Gustave Jules,<\/span><br style=\"color: #64676e;font-family: Segoe-UI;font-size: 17px\" data-mce-style=\"color: #64676e; font-family: Segoe-UI; font-size: 17px;\"><span style=\"color: #64676e;font-family: Segoe-UI;font-size: 17px\" data-mce-style=\"color: #64676e; font-family: Segoe-UI; font-size: 17px;\">1851-1921<\/span><br style=\"color: #64676e;font-family: Segoe-UI;font-size: 17px\" data-mce-style=\"color: #64676e; font-family: Segoe-UI; font-size: 17px;\"><br style=\"color: #64676e;font-family: Segoe-UI;font-size: 17px\" data-mce-style=\"color: #64676e; font-family: Segoe-UI; font-size: 17px;\"><span style=\"color: #64676e;font-family: Segoe-UI;font-size: 17px\" data-mce-style=\"color: #64676e; font-family: Segoe-UI; font-size: 17px;\">XIXe- XXe si\u00e8cles, Fran\u00e7ais.<\/span><br style=\"color: #64676e;font-family: Segoe-UI;font-size: 17px\" data-mce-style=\"color: #64676e; font-family: Segoe-UI; font-size: 17px;\"><span style=\"color: #64676e;font-family: Segoe-UI;font-size: 17px\" data-mce-style=\"color: #64676e; font-family: Segoe-UI; font-size: 17px;\">Peintre animalier.<\/span><br style=\"color: #64676e;font-family: Segoe-UI;font-size: 17px\" data-mce-style=\"color: #64676e; font-family: Segoe-UI; font-size: 17px;\"><span style=\"color: #64676e;font-family: Segoe-UI;font-size: 17px\" data-mce-style=\"color: #64676e; font-family: Segoe-UI; font-size: 17px;\">Cet artiste fran\u00e7ais \u00e0 essentiellement peint tout au long de sa carri\u00e8re des chats, dans un style classique.<\/span><br style=\"color: #64676e;font-family: Segoe-UI;font-size: 17px\" data-mce-style=\"color: #64676e; font-family: Segoe-UI; font-size: 17px;\"><br style=\"color: #64676e;font-family: Segoe-UI;font-size: 17px\" data-mce-style=\"color: #64676e; font-family: Segoe-UI; font-size: 17px;\"><span style=\"color: #64676e;font-family: Segoe-UI;font-size: 17px\" data-mce-style=\"color: #64676e; font-family: Segoe-UI; font-size: 17px;\">Des peintures tr\u00e8s d\u00e9taill\u00e9es et r\u00e9alistes.<\/span><br style=\"color: #64676e;font-family: Segoe-UI;font-size: 17px\" data-mce-style=\"color: #64676e; font-family: Segoe-UI; font-size: 17px;\"><span style=\"color: #64676e;font-family: Segoe-UI;font-size: 17px\" data-mce-style=\"color: #64676e; font-family: Segoe-UI; font-size: 17px;\">On retrouve ses \u0153uvres dans plusieurs Mus\u00e9es<\/span><\/p>\n","protected":false},"featured_media":13835,"template":"","meta":[],"product_brand":[],"product_cat":[278],"product_tag":[],"class_list":{"0":"post-13850","1":"product","2":"type-product","3":"status-publish","4":"has-post-thumbnail","6":"product_cat-saint-martin","7":"description-off","9":"first","10":"instock","11":"shipping-taxable","12":"purchasable","13":"product-type-simple"},"aioseo_notices":[],"_links":{"self":[{"href":"https:\/\/www.carrerivegauche.com\/fr\/wp-json\/wp\/v2\/product\/13850","targetHints":{"allow":["GET"]}}],"collection":[{"href":"https:\/\/www.carrerivegauche.com\/fr\/wp-json\/wp\/v2\/product"}],"about":[{"href":"https:\/\/www.carrerivegauche.com\/fr\/wp-json\/wp\/v2\/types\/product"}],"wp:featuredmedia":[{"embeddable":true,"href":"https:\/\/www.carrerivegauche.com\/fr\/wp-json\/wp\/v2\/media\/13835"}],"wp:attachment":[{"href":"https:\/\/www.carrerivegauche.com\/fr\/wp-json\/wp\/v2\/media?parent=13850"}],"wp:term":[{"taxonomy":"product_brand","embeddable":true,"href":"https:\/\/www.carrerivegauche.com\/fr\/wp-json\/wp\/v2\/product_brand?post=13850"},{"taxonomy":"product_cat","embeddable":true,"href":"https:\/\/www.carrerivegauche.com\/fr\/wp-json\/wp\/v2\/product_cat?post=13850"},{"taxonomy":"product_tag","embeddable":true,"href":"https:\/\/www.carrerivegauche.com\/fr\/wp-json\/wp\/v2\/product_tag?post=13850"}],"curies":[{"name":"wp","href":"https:\/\/api.w.org\/{rel}","templated":true}]}}