 

{"id":13834,"date":"2021-11-22T18:42:31","date_gmt":"2021-11-22T17:42:31","guid":{"rendered":"https:\/\/www.carrerivegauche.com\/boutique-crg\/aquarelle-portrait-de-femme-par-puvis-de-chavannes\/"},"modified":"2023-04-01T15:41:16","modified_gmt":"2023-04-01T13:41:16","slug":"aquarelle-portrait-de-femme-par-puvis-de-chavannes","status":"publish","type":"product","link":"https:\/\/www.carrerivegauche.com\/fr\/boutique-crg\/aquarelle-portrait-de-femme-par-puvis-de-chavannes\/","title":{"rendered":"Aquarelle, Portrait de femme par Puvis de Chavannes"},"content":{"rendered":"<p><span style=\"color: #64676e;font-family: Segoe-UI;font-size: 17px\" data-mce-style=\"color: #64676e; font-family: Segoe-UI; font-size: 17px;\">Il fonde en 1890 la nouvelle Soci\u00e9t\u00e9 des Beaux-Arts. Il re\u00e7oit de nombreuses m\u00e9dailles au cours de sa carri\u00e8re et ses \u0153uvres sont pr\u00e9sentes dans les plus grands mus\u00e9es du monde.<\/span><br style=\"color: #64676e;font-family: Segoe-UI;font-size: 17px\" data-mce-style=\"color: #64676e; font-family: Segoe-UI; font-size: 17px;\"><br style=\"color: #64676e;font-family: Segoe-UI;font-size: 17px\" data-mce-style=\"color: #64676e; font-family: Segoe-UI; font-size: 17px;\"><span style=\"color: #64676e;font-family: Segoe-UI;font-size: 17px\" data-mce-style=\"color: #64676e; font-family: Segoe-UI; font-size: 17px;\">Puvis de Chavannes commence ses \u00e9tudes aupr\u00e8s des plus grands ma\u00eetres de son temps : Henry Sheiffer, Eug\u00e8ne Delacroix et Thomas Couture. Il forme aussi son \u0153il lors de voyages en Italie.<\/span><br style=\"color: #64676e;font-family: Segoe-UI;font-size: 17px\" data-mce-style=\"color: #64676e; font-family: Segoe-UI; font-size: 17px;\"><span style=\"color: #64676e;font-family: Segoe-UI;font-size: 17px\" data-mce-style=\"color: #64676e; font-family: Segoe-UI; font-size: 17px;\">Ses d\u00e9buts en peintures sont difficiles, il est souvent refus\u00e9 dans les Salons. Ces toiles sont plus classiques au d\u00e9but de sa carri\u00e8re et tr\u00e8s inspir\u00e9es par l&rsquo;univers de Th\u00e9odore Chass\u00e9riau, avant qu&rsquo; il trouve son propre style.<\/span><br style=\"color: #64676e;font-family: Segoe-UI;font-size: 17px\" data-mce-style=\"color: #64676e; font-family: Segoe-UI; font-size: 17px;\"><br style=\"color: #64676e;font-family: Segoe-UI;font-size: 17px\" data-mce-style=\"color: #64676e; font-family: Segoe-UI; font-size: 17px;\"><span style=\"color: #64676e;font-family: Segoe-UI;font-size: 17px\" data-mce-style=\"color: #64676e; font-family: Segoe-UI; font-size: 17px;\">Il effectue aussi de nombreux d\u00e9cor muraux.\u00a0<\/span><\/p>\n","protected":false},"excerpt":{"rendered":"<p><span style=\"color: #64676e;font-family: Segoe-UI;font-size: 17px\" data-mce-style=\"color: #64676e; font-family: Segoe-UI; font-size: 17px;\">Notre \u0153uvre est une charmante aquarelle, avec un dessin pr\u00e9cis et une touche vive.<\/span><br style=\"color: #64676e;font-family: Segoe-UI;font-size: 17px\" data-mce-style=\"color: #64676e; font-family: Segoe-UI; font-size: 17px;\"><br style=\"color: #64676e;font-family: Segoe-UI;font-size: 17px\" data-mce-style=\"color: #64676e; font-family: Segoe-UI; font-size: 17px;\"><span style=\"color: #64676e;font-family: Segoe-UI;font-size: 17px\" data-mce-style=\"color: #64676e; font-family: Segoe-UI; font-size: 17px;\">Pierre Puvis-de-Chavannes (1824-1898)<\/span><br style=\"color: #64676e;font-family: Segoe-UI;font-size: 17px\" data-mce-style=\"color: #64676e; font-family: Segoe-UI; font-size: 17px;\"><span style=\"color: #64676e;font-family: Segoe-UI;font-size: 17px\" data-mce-style=\"color: #64676e; font-family: Segoe-UI; font-size: 17px;\">est l&rsquo;un des plus grands peintres du 19\u00e8me si\u00e8cle fran\u00e7ais et consid\u00e9r\u00e9 comme le pr\u00e9curseur du symbolisme.<\/span><\/p>\n","protected":false},"featured_media":13831,"template":"","meta":[],"product_brand":[],"product_cat":[278],"product_tag":[],"class_list":{"0":"post-13834","1":"product","2":"type-product","3":"status-publish","4":"has-post-thumbnail","6":"product_cat-saint-martin","7":"description-off","9":"first","10":"instock","11":"shipping-taxable","12":"purchasable","13":"product-type-simple"},"aioseo_notices":[],"_links":{"self":[{"href":"https:\/\/www.carrerivegauche.com\/fr\/wp-json\/wp\/v2\/product\/13834","targetHints":{"allow":["GET"]}}],"collection":[{"href":"https:\/\/www.carrerivegauche.com\/fr\/wp-json\/wp\/v2\/product"}],"about":[{"href":"https:\/\/www.carrerivegauche.com\/fr\/wp-json\/wp\/v2\/types\/product"}],"wp:featuredmedia":[{"embeddable":true,"href":"https:\/\/www.carrerivegauche.com\/fr\/wp-json\/wp\/v2\/media\/13831"}],"wp:attachment":[{"href":"https:\/\/www.carrerivegauche.com\/fr\/wp-json\/wp\/v2\/media?parent=13834"}],"wp:term":[{"taxonomy":"product_brand","embeddable":true,"href":"https:\/\/www.carrerivegauche.com\/fr\/wp-json\/wp\/v2\/product_brand?post=13834"},{"taxonomy":"product_cat","embeddable":true,"href":"https:\/\/www.carrerivegauche.com\/fr\/wp-json\/wp\/v2\/product_cat?post=13834"},{"taxonomy":"product_tag","embeddable":true,"href":"https:\/\/www.carrerivegauche.com\/fr\/wp-json\/wp\/v2\/product_tag?post=13834"}],"curies":[{"name":"wp","href":"https:\/\/api.w.org\/{rel}","templated":true}]}}