 

{"id":13817,"date":"2021-11-22T18:34:06","date_gmt":"2021-11-22T17:34:06","guid":{"rendered":"https:\/\/www.carrerivegauche.com\/boutique-crg\/huile-sur-toile-madame-guillonnet-par-octave-guillonnet\/"},"modified":"2023-04-01T15:42:21","modified_gmt":"2023-04-01T13:42:21","slug":"huile-sur-toile-madame-guillonnet-par-octave-guillonnet","status":"publish","type":"product","link":"https:\/\/www.carrerivegauche.com\/fr\/boutique-crg\/huile-sur-toile-madame-guillonnet-par-octave-guillonnet\/","title":{"rendered":"Huile sur toile, Madame Guillonnet par Octave GUILLONNET"},"content":{"rendered":"<p>Il expose un premier dessin \u00e0 l\u2019age de 13 anslors d\u2019une exposition universelle en 1886. Les m\u00e9dailles s\u2019en suivront ensuite r\u00e9guli\u00e8rement.<\/p>\n<p>En 1902 il obtient une bourse de voyage pour l\u2019Alg\u00e9rie, et en profite pour visiter le Maghreb.Ces ann\u00e9es l\u00e0, s\u2019av\u00e8rent d\u00e9cisive pour son \u0153uvre.<br \/>Il est tr\u00e8s influenc\u00e9 par la lumi\u00e8re et les couleurs et sa peinture se rapproche des post-impressionnistes et ses toiles deviennent de plus en plus color\u00e9es.<\/p>\n<p>Ce tableau, repr\u00e9sente la femme de l\u2019artiste, Eug\u00e9nie Guyon, de son nom de jeune fille. N\u00e9e en 1872, elle issue de la haute bourgeoise fran\u00e7aise.<br \/>Elle se dit artiste peintre et fr\u00e9quente les cours des grands ma\u00eetres, sans doute l\u00e0qu\u2019elle rencontre Guillonnet. Il se marie en 1899.<br \/>Elle lui sera indispensable dans sa vie, \u00e0 la fois \u00e9pouse, attach\u00e9 en relation publique\u2026Eug\u00e9nie, lui sert tr\u00e8s souvent de mod\u00e8le.<\/p>\n<p>Cette toile semble avoir \u00e9t\u00e9 peinte dans les ann\u00e9es 1904-1905, juste apr\u00e8s le retour du Maghreb qui a tant marqu\u00e9 Guillonnet.<\/p>\n<p>Eug\u00e9nie a alors 33 ans elle est belle, jeune et gracieuse et son mari la sublime gr\u00e2ce aux couleurs qu&rsquo;il applique.<br \/>L&rsquo;orange, le violet, offrent un contraste saisissant avec la blancheur de sa peau. Guillonnet montre ici tout son talent de coloriste<\/p>\n","protected":false},"excerpt":{"rendered":"<p>https:\/\/www.youtube.com\/watch?v=G9vd24Piqh4&amp;t=51s<\/p>\n<p>D\u00e9couvrez en plus en regardant notre vid\u00e9o<\/p>\n<p>Octave Guillonnet (1827-1967)<br \/>excelle dans tous les arts : peintre du sport, portraitiste, orientaliste, illustrateur, d\u00e9corateur.<br \/>Sa femme est le sujet de notre oeuvre<\/p>\n","protected":false},"featured_media":13805,"template":"","meta":[],"product_brand":[],"product_cat":[278],"product_tag":[],"class_list":{"0":"post-13817","1":"product","2":"type-product","3":"status-publish","4":"has-post-thumbnail","6":"product_cat-saint-martin","7":"description-off","9":"first","10":"instock","11":"shipping-taxable","12":"purchasable","13":"product-type-simple"},"aioseo_notices":[],"_links":{"self":[{"href":"https:\/\/www.carrerivegauche.com\/fr\/wp-json\/wp\/v2\/product\/13817","targetHints":{"allow":["GET"]}}],"collection":[{"href":"https:\/\/www.carrerivegauche.com\/fr\/wp-json\/wp\/v2\/product"}],"about":[{"href":"https:\/\/www.carrerivegauche.com\/fr\/wp-json\/wp\/v2\/types\/product"}],"wp:featuredmedia":[{"embeddable":true,"href":"https:\/\/www.carrerivegauche.com\/fr\/wp-json\/wp\/v2\/media\/13805"}],"wp:attachment":[{"href":"https:\/\/www.carrerivegauche.com\/fr\/wp-json\/wp\/v2\/media?parent=13817"}],"wp:term":[{"taxonomy":"product_brand","embeddable":true,"href":"https:\/\/www.carrerivegauche.com\/fr\/wp-json\/wp\/v2\/product_brand?post=13817"},{"taxonomy":"product_cat","embeddable":true,"href":"https:\/\/www.carrerivegauche.com\/fr\/wp-json\/wp\/v2\/product_cat?post=13817"},{"taxonomy":"product_tag","embeddable":true,"href":"https:\/\/www.carrerivegauche.com\/fr\/wp-json\/wp\/v2\/product_tag?post=13817"}],"curies":[{"name":"wp","href":"https:\/\/api.w.org\/{rel}","templated":true}]}}