 

{"id":13804,"date":"2021-11-22T18:29:58","date_gmt":"2021-11-22T17:29:58","guid":{"rendered":"https:\/\/www.carrerivegauche.com\/boutique-crg\/huile-sur-carton-paysage-lacustre-par-alfred-bastien\/"},"modified":"2023-04-01T15:44:52","modified_gmt":"2023-04-01T13:44:52","slug":"huile-sur-carton-paysage-lacustre-par-alfred-bastien","status":"publish","type":"product","link":"https:\/\/www.carrerivegauche.com\/fr\/boutique-crg\/huile-sur-carton-paysage-lacustre-par-alfred-bastien\/","title":{"rendered":"Huile sur carton, Paysage lacustre, par Alfred BASTIEN"},"content":{"rendered":"<p>Une volont\u00e9 de nombreux artistes belges de se retrouver autour d\u2019une nouvelle peinture, plus libre, plus impressionniste, plus symboliste.<br \/>Elle influencera toute une future g\u00e9n\u00e9ration de peintre, comme Alfred Bastien.<br \/>Bastien apprend \u00e0 ma\u00eetriser la lumi\u00e8re, lors de ses voyages au Maroc et en Alg\u00e9rie. Sa pratique du plein air et son gout \u00ab\u00a0du croquis\u00a0\u00bb se fera aussi dans les tranch\u00e9es.<br \/>De retour de la guerre, il se consacrera \u00e0 la peinture, notamment de paysage, mais aussi au professorat. Il sera de 1927 \u00e0 1945 \u00ab\u00a0 professeur de plein air\u00a0\u00bb \u00e0 L\u2019Acad\u00e9mie des Beaux-Arts de Bruxelles.<br \/>Chez Bastien, ce n\u2019est pas le dessin qui fait l\u2019\u0153uvre, mais la couleur et la lumi\u00e8re. \u00a0Seul prime l\u2019\u00e9motion donn\u00e9e au spectateur, par une touche, vive color\u00e9e aux contours flous.<\/p>\n","protected":false},"excerpt":{"rendered":"<p>Alfred BASTIEN (1873-1955)<br \/>peintre belge, de paysages, de natures mortes et de portraits, compositions \u00e0 personnages. Postimpressionniste.<br \/>Ses \u0153uvres focalis\u00e9es sur les effets de lumi\u00e8res dans les paysages naturels s\u2019inspirent directement de ses ma\u00eetres que sont Delacroix et Courbet.<\/p>\n","protected":false},"featured_media":13792,"template":"","meta":[],"product_brand":[],"product_cat":[278],"product_tag":[],"class_list":{"0":"post-13804","1":"product","2":"type-product","3":"status-publish","4":"has-post-thumbnail","6":"product_cat-saint-martin","7":"description-off","9":"first","10":"instock","11":"shipping-taxable","12":"purchasable","13":"product-type-simple"},"aioseo_notices":[],"_links":{"self":[{"href":"https:\/\/www.carrerivegauche.com\/fr\/wp-json\/wp\/v2\/product\/13804","targetHints":{"allow":["GET"]}}],"collection":[{"href":"https:\/\/www.carrerivegauche.com\/fr\/wp-json\/wp\/v2\/product"}],"about":[{"href":"https:\/\/www.carrerivegauche.com\/fr\/wp-json\/wp\/v2\/types\/product"}],"wp:featuredmedia":[{"embeddable":true,"href":"https:\/\/www.carrerivegauche.com\/fr\/wp-json\/wp\/v2\/media\/13792"}],"wp:attachment":[{"href":"https:\/\/www.carrerivegauche.com\/fr\/wp-json\/wp\/v2\/media?parent=13804"}],"wp:term":[{"taxonomy":"product_brand","embeddable":true,"href":"https:\/\/www.carrerivegauche.com\/fr\/wp-json\/wp\/v2\/product_brand?post=13804"},{"taxonomy":"product_cat","embeddable":true,"href":"https:\/\/www.carrerivegauche.com\/fr\/wp-json\/wp\/v2\/product_cat?post=13804"},{"taxonomy":"product_tag","embeddable":true,"href":"https:\/\/www.carrerivegauche.com\/fr\/wp-json\/wp\/v2\/product_tag?post=13804"}],"curies":[{"name":"wp","href":"https:\/\/api.w.org\/{rel}","templated":true}]}}