 

{"id":13752,"date":"2021-11-22T18:07:44","date_gmt":"2021-11-22T17:07:44","guid":{"rendered":"https:\/\/www.carrerivegauche.com\/boutique-crg\/groupe-en-bois-sainte-famille-et-rois-mages\/"},"modified":"2021-11-24T15:33:17","modified_gmt":"2021-11-24T14:33:17","slug":"groupe-en-bois-sainte-famille-et-rois-mages","status":"publish","type":"product","link":"https:\/\/www.carrerivegauche.com\/fr\/boutique-crg\/groupe-en-bois-sainte-famille-et-rois-mages\/","title":{"rendered":"Groupe en bois Sainte famille et Rois mages"},"content":{"rendered":"<p style=\"box-sizing: border-box; margin: 0px; padding: 0px 0px 1em; border: 0px; outline: 0px; font-size: 14px; text-size-adjust: 100%; vertical-align: baseline; background-image: initial; background-position: initial; background-size: initial; background-repeat: initial; background-attachment: initial; background-origin: initial; background-clip: initial; color: rgb(117, 117, 117); font-family: Poppins, Helvetica, Arial, Lucida, sans-serif;\">Les Rois Mages apparaissent dans un \u00e9pisode de l&rsquo;\u00e9vangile selon Mathieu. Des mages qui suivent une \u00e9toile depuis l&rsquo;Orient viennent adorer \u00e0 Bethl\u00e9em, J\u00e9sus, le roi des Juifs. Peu de pr\u00e9cisions sont apport\u00e9es hormis leurs cadeaux : l&rsquo;or, la myrrhe, et l&rsquo;encens.<\/p>\n<p style=\"box-sizing: border-box; margin: 0px; padding: 0px 0px 1em; border: 0px; outline: 0px; font-size: 14px; text-size-adjust: 100%; vertical-align: baseline; background-image: initial; background-position: initial; background-size: initial; background-repeat: initial; background-attachment: initial; background-origin: initial; background-clip: initial; color: rgb(117, 117, 117); font-family: Poppins, Helvetica, Arial, Lucida, sans-serif;\">La tradition chr\u00e9tienne leur apporte vite le titre de roi, puis le nombre de trois. Au 15e si\u00e8cle, ils repr\u00e9sentent les trois continents connus : Asie, Afrique, Europe, associ\u00e9e aux trois races descendant de No\u00e9- Sem, Cham et Japhet).<\/p>\n<p style=\"box-sizing: border-box; margin: 0px; padding: 0px; border: 0px; outline: 0px; font-size: 14px; text-size-adjust: 100%; vertical-align: baseline; background-image: initial; background-position: initial; background-size: initial; background-repeat: initial; background-attachment: initial; background-origin: initial; background-clip: initial; color: rgb(117, 117, 117); font-family: Poppins, Helvetica, Arial, Lucida, sans-serif;\">Dans notre groupe, le sculpteur a tent\u00e9 de respecter ces diff\u00e9rences physiques. Balthazar avec la myrrhe est \u00e0 droite, Melchior au centre, Gaspard avec l&rsquo;encens \u00e0 gauche.<br style=\"box-sizing: border-box;\">Les cadeaux des mages, ont de multiples symboles :<br style=\"box-sizing: border-box;\">l\u2019or est associ\u00e9 au pouvoir terrestre et donc \u00e0 la royaut\u00e9 ;<br style=\"box-sizing: border-box;\">l\u2019encens est li\u00e9 au rituel religieux et donc \u00e0 la sacralit\u00e9, \u00e0 la divinit\u00e9 de l\u2019enfant ;<br style=\"box-sizing: border-box;\">enfin la myrrhe, utilis\u00e9e pour l&#8217;embaumement des corps, fait r\u00e9f\u00e9rence \u00e0 la passion et \u00e0 la r\u00e9surrection du Christ.<\/p>\n","protected":false},"excerpt":{"rendered":"<p><span style=\"color: rgb(94, 94, 94); font-family: Poppins, Helvetica, Arial, Lucida, sans-serif; font-size: 14px;\">Ce tr\u00e8s beau groupe en noyer d\u2019\u00e9poque, fin 16e, d\u00e9but 17e nous offre une d\u00e9licate repr\u00e9sentation de la Sainte Famille et des Rois Mages, porteurs de l\u2019encens et de la myrrhe.<\/span><br data-mce-bogus=\"1\"><\/p>\n","protected":false},"featured_media":13743,"template":"","meta":[],"product_brand":[],"product_cat":[278],"product_tag":[],"class_list":{"0":"post-13752","1":"product","2":"type-product","3":"status-publish","4":"has-post-thumbnail","6":"product_cat-saint-martin","7":"description-off","9":"first","10":"instock","11":"shipping-taxable","12":"product-type-simple"},"aioseo_notices":[],"_links":{"self":[{"href":"https:\/\/www.carrerivegauche.com\/fr\/wp-json\/wp\/v2\/product\/13752","targetHints":{"allow":["GET"]}}],"collection":[{"href":"https:\/\/www.carrerivegauche.com\/fr\/wp-json\/wp\/v2\/product"}],"about":[{"href":"https:\/\/www.carrerivegauche.com\/fr\/wp-json\/wp\/v2\/types\/product"}],"wp:featuredmedia":[{"embeddable":true,"href":"https:\/\/www.carrerivegauche.com\/fr\/wp-json\/wp\/v2\/media\/13743"}],"wp:attachment":[{"href":"https:\/\/www.carrerivegauche.com\/fr\/wp-json\/wp\/v2\/media?parent=13752"}],"wp:term":[{"taxonomy":"product_brand","embeddable":true,"href":"https:\/\/www.carrerivegauche.com\/fr\/wp-json\/wp\/v2\/product_brand?post=13752"},{"taxonomy":"product_cat","embeddable":true,"href":"https:\/\/www.carrerivegauche.com\/fr\/wp-json\/wp\/v2\/product_cat?post=13752"},{"taxonomy":"product_tag","embeddable":true,"href":"https:\/\/www.carrerivegauche.com\/fr\/wp-json\/wp\/v2\/product_tag?post=13752"}],"curies":[{"name":"wp","href":"https:\/\/api.w.org\/{rel}","templated":true}]}}